{"id":1357,"date":"2024-04-16T13:56:29","date_gmt":"2024-04-16T11:56:29","guid":{"rendered":"https:\/\/determined-herschel.45-82-188-209.plesk.page\/?post_type=product&#038;p=1357"},"modified":"2024-06-14T16:41:52","modified_gmt":"2024-06-14T14:41:52","slug":"spare-air-ce-kit-300-zwart-incl-standaard-drukindicator-sa300pk-ce","status":"publish","type":"product","link":"https:\/\/spareair.eu\/cs\/product\/nahradni-vzduchova-sada-ce-300-cerna-vcetne-standardniho-indikatoru-tlaku-sa300pk-ce\/","title":{"rendered":"N\u00e1hradn\u00ed sada Air CE 300 Black (v\u010detn\u011b standardn\u00edho indik\u00e1toru tlaku) #SA300PK-CE"},"content":{"rendered":"","protected":false},"excerpt":{"rendered":"<p>N\u00e1hradn\u00ed sada Air CE 300 Black (v\u010detn\u011b standardn\u00edho indik\u00e1toru tlaku)<br \/>\n\u010c\u00edslo produktu SA300PK-CE<br \/>\nBalen\u00ed 3.0 Spare Air je n\u00e1\u0161 nejobl\u00edben\u011bj\u0161\u00ed prod\u00e1van\u00fd model. Je navr\u017een tak, aby v\u00e1s v p\u0159\u00edpad\u011b nouze dostal na hladinu, ale je dostate\u010dn\u011b mal\u00fd, abyste ani nev\u011bd\u011bli, \u017ee ho m\u00e1te na sob\u011b! Snadno se s n\u00edm cestuje! Snadno se p\u0159en\u00e1\u0161\u00ed! Snadno se dopl\u0148uje! Snadn\u00e9 p\u0159ed\u00e1n\u00ed kolegovi pot\u00e1p\u011b\u010di v nesn\u00e1z\u00edch! BEZ N\u011aJ SE NEPOT\u00c1P\u011aJTE!<\/p>\n<p>Balen\u00ed obsahuje:<br \/>\nSPARE AIR 3,0 cu.ft. \u010cern\u011b eloxovan\u00fd hlin\u00edkov\u00fd v\u00e1lec<br \/>\nSA910S NAVL\u00c9KAC\u00cd ADAPT\u00c9R - Pln\u00ed n\u00e1dr\u017e SCUBA<br \/>\nSA973 Kryt\u00e9 pouzdro - Upev\u0148uje se na vod\u00edtko BC961 - Zabra\u0148uje ztr\u00e1t\u011b<\/p>\n<p>Specifikace v\u00fdrobku:<br \/>\n\u010c\u00edslo d\u00edlu: 300HP<br \/>\nD\u00e9lka: 13,4 \"[34 cm]<br \/>\nPr\u016fm\u011br: 5,7 cm<br \/>\nHmotnost (kompletn\u00ed): 2,2 lbs [0,98 kg].<br \/>\nHodnoty tlaku ve v\u00e1lci: 3000 PSI [207 BAR].<br \/>\nObjem v\u00e1lce: 3 litry [85 litr\u016f]<br \/>\nMateri\u00e1l v\u00e1lce: Hlin\u00edk - \u010dern\u011b eloxovan\u00fd<br \/>\nTlakov\u00e1 pojistka: Integrovan\u00e1 v regul\u00e1toru<br \/>\nTyp regul\u00e1toru: Vyv\u00e1\u017een\u00fd jednostup\u0148ov\u00fd<br \/>\nProvozn\u00ed teplota: -22 \u00b0 F [-30 \u00b0 C]+ 158 \u00b0 F [+ 70 \u00b0 C].<br \/>\nD\u00e9lka p\u0159\u00edvodu vzduchu: p\u0159ibli\u017en\u011b 57 n\u00e1dech\u016f na hladin\u011b<\/p>\n<p>&nbsp;<\/p>\n<p>21 \"\u0161\u0165astn\u00fdch\" d\u016fvod\u016f, pro\u010d m\u00edt s sebou Spare-air!<\/p>\n<p>V\u011aD\u011aLI JSTE, \u017dE EXISTUJE V\u00cdCE NE\u017d 21 ZP\u016eSOB\u016e, JAK M\u016e\u017dE POT\u00c1P\u011a\u010cI POD VODOU DOJ\u00cdT VZDUCH?<\/p>\n<p>BU\u010eTE P\u0158IPRAVENI A P\u0158EDEJD\u011aTE PROBL\u00c9M\u016eM T\u00cdM, \u017dE SI S SEBOU B\u011aHEM POT\u00c1P\u011aN\u00cd VEZMETE N\u00c1HRADN\u00cd VZDUCH!<\/p>\n<p>Proto\u017ee t\u00e9m\u011b\u0159 ve v\u0161ech p\u0159\u00edpadech se jedn\u00e1 o probl\u00e9m, kter\u00fd v praxi souvis\u00ed s technick\u00fdmi probl\u00e9my, nen\u00ed hlavn\u00ed d\u016fvod uveden.<\/p>\n<p>Proto\u017ee vz\u00edt si s sebou Spare-air je u\u017e pro rodinu, d\u011bti a p\u0159\u00e1tele, kte\u0159\u00ed se nepot\u00e1p\u011bj\u00ed, mnohem v\u011bt\u0161\u00ed klid. My\u0161lenka vz\u00edt si s sebou pod vodu n\u00e1hradn\u00ed pad\u00e1k, abyste se mohli bezpe\u010dn\u011b vyno\u0159it, pokud se n\u011bco ne\u010dekan\u011b stane s va\u0161\u00ed z\u00e1sobou vzduchu, poskytne t\u011bmto bl\u00edzk\u00fdm ve va\u0161em okol\u00ed lep\u0161\u00ed klid, kdy\u017e jste pod vodou. Ned\u011bl\u00e1te to pro sebe? Pak to ud\u011blejte pro n\u011b!<\/p>\n<p>&nbsp;<\/p>\n<ol>\n<li>Zapom\u00edn\u00e1te na \u010das a jste pod vodou p\u0159\u00edli\u0161 dlouho.<\/li>\n<li>Rychlej\u0161\u00ed spot\u0159eba vzduchu, ne\u017e bylo pl\u00e1nov\u00e1no, v d\u016fsledku p\u0159ekro\u010den\u00ed hloubky, zachycen\u00ed v proudu, ztracen\u00ed se, dus\u00edkov\u00e9 nark\u00f3zy, pot\u00e1p\u011bn\u00ed ve studen\u00e9 vod\u011b, zachycen\u00ed se o chaluhy nebo vlasec.<\/li>\n<li>N\u00e1hl\u00e9 selh\u00e1n\u00ed respir\u00e1toru v d\u016fsledku koroze nebo p\u0159\u00edli\u0161 dlouh\u00e9 doby mezi gener\u00e1ln\u00edmi opravami.<\/li>\n<li>O-krou\u017eek na jednom z otvor\u016f odvzdu\u0161\u0148ovac\u00edho syst\u00e9mu prvn\u00edho stupn\u011b je vadn\u00fd.<\/li>\n<li>regul\u00e1tor se zasekl ve \"voln\u00e9m toku\" kv\u016fli ne\u010distot\u00e1m nebo p\u00edsku.<\/li>\n<li>Regul\u00e1tor ve studen\u00e9 vod\u011b \"zamrzne\" a najednou je bez vzduchu.<\/li>\n<li>Zaseknut\u00fd tlakom\u011br zobrazuj\u00edc\u00ed nespr\u00e1vn\u00fd tlak v lahvi s d\u00fdchac\u00edm plynem.<\/li>\n<li>P\u0159\u00edvod d\u00fdchac\u00edho vzduchu z tlakov\u00e9 l\u00e1hve se zablokuje, proto\u017ee ventil nen\u00ed zcela otev\u0159en\u00fd.<\/li>\n<li>Praskl\u00fd t\u011bsnic\u00ed krou\u017eek pot\u00e1p\u011b\u010dsk\u00e9 lahve v d\u016fsledku nespr\u00e1vn\u00e9ho um\u00edst\u011bn\u00ed regul\u00e1toru, \u0161patn\u00e9ho t\u011bsnic\u00edho krou\u017eku nebo opot\u0159eben\u00ed.<\/li>\n<li>Membr\u00e1na druh\u00e9ho stupn\u011b regul\u00e1toru vykazuje prasklinu nebo vyklouz\u00e1v\u00e1 z m\u00edsta.<\/li>\n<li>Vadn\u00fd t\u011bsnic\u00ed krou\u017eek na nafukovac\u00edm za\u0159\u00edzen\u00ed BCD nebo knofl\u00edk zaseknut\u00fd v otev\u0159en\u00e9 poloze.<\/li>\n<li>Vadn\u00fd roztrh\u00e1vac\u00ed kotou\u010d na ventilu pot\u00e1p\u011b\u010dsk\u00e9 l\u00e1hve v d\u016fsledku koroze nebo st\u00e1\u0159\u00ed.<\/li>\n<li>Ucpan\u00fd filtr na prvn\u00edm stupni odvzdu\u0161n\u011bn\u00ed v d\u016fsledku usazenin nebo rzi z v\u00e1lce.<\/li>\n<li>K net\u011bsnosti doch\u00e1z\u00ed na jedn\u00e9 z vysokotlak\u00fdch nebo n\u00edzkotlak\u00fdch hadicov\u00fdch p\u0159\u00edpojek.<\/li>\n<li>N\u00e1ustek na druh\u00e9m stupni se n\u00e1hle odd\u011bl\u00ed od regul\u00e1toru.<\/li>\n<li>Vadn\u00fd O-krou\u017eek v manometru.<\/li>\n<li>Defektn\u00ed\/vyfouknut\u00e9 vysokotlak\u00e9 nebo n\u00edzkotlak\u00e9 hadice.<\/li>\n<li>Vadn\u00fd O-krou\u017eek na regul\u00e1toru Octopus.<\/li>\n<li>(pron\u00e1jem) n\u00e1dr\u017e nen\u00ed zcela napln\u011bna. Pot\u00e1p\u011bn\u00ed bez kontroly.<\/li>\n<li>Po\u0161kozen\u00ed prvn\u00edho stupn\u011b n\u00e1razu nebo n\u00e1razu regul\u00e1toru.<\/li>\n<li>Selh\u00e1n\u00ed vysokotlak\u00e9 nebo n\u00edzkotlak\u00e9 hadice kv\u016fli ostr\u00fdm kamen\u016fm\/p\u0159ek\u00e1\u017ek\u00e1m.<\/li>\n<\/ol>\n<p>&nbsp;<\/p>\n<p>(Zdroj: den\u00edky pot\u00e1p\u011b\u010dsk\u00fdch nehod, publikovan\u00e9 \u010dl\u00e1nky v pot\u00e1p\u011b\u010dsk\u00fdch \u010dasopisech a dopisy z\u00e1kazn\u00edk\u016f spole\u010dnosti SPARE AIR).<\/p>","protected":false},"featured_media":1347,"comment_status":"open","ping_status":"closed","template":"","meta":{"_acf_changed":false},"product_cat":[44],"product_tag":[274,275,276,277,278,279,280,281,282,283,246,284,286,287,288,289,290,291,293,294,295,168,296,297,298,299,300,301,302,303,304,305,306,307,308,309,310,311,312,313,315,316,317,318,319,320,321,322,323,324,325,326],"class_list":{"0":"post-1357","1":"product","2":"type-product","3":"status-publish","4":"has-post-thumbnail","6":"product_cat-spare-air","7":"product_tag-ademautomaat","8":"product_tag-ademlucht","9":"product_tag-automaat","10":"product_tag-black","11":"product_tag-bovenwater","12":"product_tag-brand","13":"product_tag-chemical","14":"product_tag-chemie","15":"product_tag-diving","16":"product_tag-duikcilinder","17":"product_tag-duiken","18":"product_tag-duikfles","19":"product_tag-escape","20":"product_tag-geen-lucht","21":"product_tag-helikopter","22":"product_tag-in-nood","23":"product_tag-industrial","24":"product_tag-industrie","25":"product_tag-levens","26":"product_tag-lives","27":"product_tag-noodmiddel","28":"product_tag-onderwater","29":"product_tag-ontsnappen","30":"product_tag-ontsnapping","31":"product_tag-ontsnappingsmiddel","32":"product_tag-original","33":"product_tag-origineel","34":"product_tag-pack","35":"product_tag-perslucht","36":"product_tag-recreatie","37":"product_tag-redden","38":"product_tag-redmiddel","39":"product_tag-regulator","40":"product_tag-rescue","41":"product_tag-reserve-lucht","42":"product_tag-rook","43":"product_tag-safe","44":"product_tag-scuba","45":"product_tag-self-reliant","46":"product_tag-smoke","47":"product_tag-snorkelen","48":"product_tag-spare-air","49":"product_tag-spareair","50":"product_tag-stikken","51":"product_tag-te-water","52":"product_tag-unit","53":"product_tag-verdrinking-tegengaan","54":"product_tag-yellow","55":"product_tag-zelfredzaam","56":"product_tag-zelfstandig","57":"product_tag-zwart","58":"product_tag-zwemmen","60":"first","61":"instock","62":"shipping-taxable","63":"product-type-simple"},"acf":[],"_links":{"self":[{"href":"https:\/\/spareair.eu\/cs\/wp-json\/wp\/v2\/product\/1357","targetHints":{"allow":["GET"]}}],"collection":[{"href":"https:\/\/spareair.eu\/cs\/wp-json\/wp\/v2\/product"}],"about":[{"href":"https:\/\/spareair.eu\/cs\/wp-json\/wp\/v2\/types\/product"}],"replies":[{"embeddable":true,"href":"https:\/\/spareair.eu\/cs\/wp-json\/wp\/v2\/comments?post=1357"}],"wp:featuredmedia":[{"embeddable":true,"href":"https:\/\/spareair.eu\/cs\/wp-json\/wp\/v2\/media\/1347"}],"wp:attachment":[{"href":"https:\/\/spareair.eu\/cs\/wp-json\/wp\/v2\/media?parent=1357"}],"wp:term":[{"taxonomy":"product_cat","embeddable":true,"href":"https:\/\/spareair.eu\/cs\/wp-json\/wp\/v2\/product_cat?post=1357"},{"taxonomy":"product_tag","embeddable":true,"href":"https:\/\/spareair.eu\/cs\/wp-json\/wp\/v2\/product_tag?post=1357"}],"curies":[{"name":"wp","href":"https:\/\/api.w.org\/{rel}","templated":true}]}}