{"id":1361,"date":"2024-04-16T14:00:59","date_gmt":"2024-04-16T12:00:59","guid":{"rendered":"https:\/\/determined-herschel.45-82-188-209.plesk.page\/?post_type=product&#038;p=1361"},"modified":"2024-04-16T15:25:12","modified_gmt":"2024-04-16T13:25:12","slug":"spare-air-ce-kit-300-nitrox-incl-meet-meter-sa300pk-n-cedg","status":"publish","type":"product","link":"https:\/\/spareair.eu\/cs\/product\/spare-air-ce-kit-300-nitrox-incl-meet-meter-sa300pk-n-cedg\/","title":{"rendered":"N\u00e1hradn\u00ed sada Air CE 300-NITROX (v\u010detn\u011b m\u011b\u0159idla) #SA300PK-N-CEDG"},"content":{"rendered":"","protected":false},"excerpt":{"rendered":"<p>N\u00e1hradn\u00ed sada Air CE 300-NITROX (v\u010detn\u011b manometru)<br \/>\n\u010c\u00edslo produktu SA300PK-N-CEDG<\/p>\n<p>Pot\u00e1p\u00edte se s Nitroxem? Pak je to n\u00e1hradn\u00ed vzduch pro v\u00e1s. Je to dokonal\u00fd dopln\u011bk k va\u0161emu syst\u00e9mu Nitrox s rychl\u00fdm a snadn\u00fdm dopl\u0148ov\u00e1n\u00edm z va\u0161\u00ed vlastn\u00ed pot\u00e1p\u011b\u010dsk\u00e9 n\u00e1dr\u017ee. P\u0159ipraveno pro Nitrox 40% EAN. Odoln\u00e1 l\u00e1hev z \u010dern\u011b eloxovan\u00e9ho hlin\u00edku o objemu 3,0 m3 se zelen\u00fdm ozna\u010den\u00edm Nitrox. Mo\u017enost dopln\u011bn\u00ed na 3000 psi z jak\u00e9koli pot\u00e1p\u011b\u010dsk\u00e9 lahve Nitrox nebo vzduchov\u00e9ho kompresoru. Jednou z nejlep\u0161\u00edch vlastnost\u00ed SPARE AIR je snadn\u00e9 pln\u011bn\u00ed z vlastn\u00ed n\u00e1dr\u017ee, a pokud se pot\u00e1p\u00edte s Nitroxem, m\u00e1 smysl plnit SPARE AIR pouze Nitroxem.<\/p>\n<p>Balen\u00ed obsahuje:<br \/>\n- Nitrox SPARE AIR vyv\u00e1\u017een\u00fd jednostup\u0148ov\u00fd regul\u00e1tor 3,0 cu.ft. CILINDER z \u010dern\u00e9ho eloxovan\u00e9ho hlin\u00edku se \u0161t\u00edtkem Nitrox.<br \/>\n- N\u00c1PL\u0147OV\u00dd ADAPT\u00c9R SA910S.<br \/>\n- SA973 Kryt\u00fd dr\u017e\u00e1k - Upev\u0148uje se na linku SABC961 - Zabra\u0148uje ztr\u00e1t\u00e1m.<\/p>\n<p>Specifikace v\u00fdrobku:<br \/>\n\u010c\u00edslo d\u00edlu: 300PK-N<br \/>\nD\u00e9lka: 13,4 \"[34 cm]<br \/>\nPr\u016fm\u011br: 5,7 cm<br \/>\nHmotnost (kompletn\u00ed): 2,2 lbs [0,98 kg].<br \/>\nHodnoty tlaku ve v\u00e1lci: 3000 PSI [207 BAR].<br \/>\nObjem v\u00e1lce: 3 litry [85 litr\u016f]<br \/>\nMateri\u00e1l v\u00e1lce: Hlin\u00edk - \u010dern\u011b eloxovan\u00fd<br \/>\nTlakov\u00e1 pojistka: Integrovan\u00e1 v regul\u00e1toru<br \/>\nTyp regul\u00e1toru: Vyv\u00e1\u017een\u00fd jednostup\u0148ov\u00fd<br \/>\nProvozn\u00ed teplota: -22 \u00b0 F [-30 \u00b0 C]+ 158 \u00b0 F [+ 70 \u00b0 C].<br \/>\nD\u00e9lka p\u0159\u00edvodu vzduchu: p\u0159ibli\u017en\u011b 57 n\u00e1dech\u016f na hladin\u011b.<\/p>","protected":false},"featured_media":1362,"comment_status":"open","ping_status":"closed","template":"","meta":{"_acf_changed":false},"product_cat":[44],"product_tag":[274,275,276,277,278,279,280,281,282,283,246,284,286,287,288,289,290,291,293,294,327,295,168,296,297,298,299,300,301,302,303,304,305,306,307,308,309,310,311,312,313,315,316,317,318,319,320,321,322,323,324,325,326],"class_list":{"0":"post-1361","1":"product","2":"type-product","3":"status-publish","4":"has-post-thumbnail","6":"product_cat-spare-air","7":"product_tag-ademautomaat","8":"product_tag-ademlucht","9":"product_tag-automaat","10":"product_tag-black","11":"product_tag-bovenwater","12":"product_tag-brand","13":"product_tag-chemical","14":"product_tag-chemie","15":"product_tag-diving","16":"product_tag-duikcilinder","17":"product_tag-duiken","18":"product_tag-duikfles","19":"product_tag-escape","20":"product_tag-geen-lucht","21":"product_tag-helikopter","22":"product_tag-in-nood","23":"product_tag-industrial","24":"product_tag-industrie","25":"product_tag-levens","26":"product_tag-lives","27":"product_tag-nitrox","28":"product_tag-noodmiddel","29":"product_tag-onderwater","30":"product_tag-ontsnappen","31":"product_tag-ontsnapping","32":"product_tag-ontsnappingsmiddel","33":"product_tag-original","34":"product_tag-origineel","35":"product_tag-pack","36":"product_tag-perslucht","37":"product_tag-recreatie","38":"product_tag-redden","39":"product_tag-redmiddel","40":"product_tag-regulator","41":"product_tag-rescue","42":"product_tag-reserve-lucht","43":"product_tag-rook","44":"product_tag-safe","45":"product_tag-scuba","46":"product_tag-self-reliant","47":"product_tag-smoke","48":"product_tag-snorkelen","49":"product_tag-spare-air","50":"product_tag-spareair","51":"product_tag-stikken","52":"product_tag-te-water","53":"product_tag-unit","54":"product_tag-verdrinking-tegengaan","55":"product_tag-yellow","56":"product_tag-zelfredzaam","57":"product_tag-zelfstandig","58":"product_tag-zwart","59":"product_tag-zwemmen","61":"first","62":"instock","63":"shipping-taxable","64":"product-type-simple"},"acf":[],"_links":{"self":[{"href":"https:\/\/spareair.eu\/cs\/wp-json\/wp\/v2\/product\/1361","targetHints":{"allow":["GET"]}}],"collection":[{"href":"https:\/\/spareair.eu\/cs\/wp-json\/wp\/v2\/product"}],"about":[{"href":"https:\/\/spareair.eu\/cs\/wp-json\/wp\/v2\/types\/product"}],"replies":[{"embeddable":true,"href":"https:\/\/spareair.eu\/cs\/wp-json\/wp\/v2\/comments?post=1361"}],"wp:featuredmedia":[{"embeddable":true,"href":"https:\/\/spareair.eu\/cs\/wp-json\/wp\/v2\/media\/1362"}],"wp:attachment":[{"href":"https:\/\/spareair.eu\/cs\/wp-json\/wp\/v2\/media?parent=1361"}],"wp:term":[{"taxonomy":"product_cat","embeddable":true,"href":"https:\/\/spareair.eu\/cs\/wp-json\/wp\/v2\/product_cat?post=1361"},{"taxonomy":"product_tag","embeddable":true,"href":"https:\/\/spareair.eu\/cs\/wp-json\/wp\/v2\/product_tag?post=1361"}],"curies":[{"name":"wp","href":"https:\/\/api.w.org\/{rel}","templated":true}]}}