{"id":1419,"date":"2024-04-16T15:11:30","date_gmt":"2024-04-16T13:11:30","guid":{"rendered":"https:\/\/determined-herschel.45-82-188-209.plesk.page\/?post_type=product&#038;p=1419"},"modified":"2024-04-16T15:29:37","modified_gmt":"2024-04-16T13:29:37","slug":"spare-air-xtreme-watersport-1-7-cu-ft-cylinder-sa170pkx","status":"publish","type":"product","link":"https:\/\/spareair.eu\/cs\/product\/spare-air-xtreme-watersport-1-7-cu-ft-cylinder-sa170pkx\/","title":{"rendered":"Spare Air Xtreme Watersport 1,7 cu.ft. V\u00e1lec #SA170PKX"},"content":{"rendered":"","protected":false},"excerpt":{"rendered":"<p>Spare Air Xtreme Watersport 1,7 cu.ft. V\u00e1lec<br \/>\n\u010c\u00edslo produktu SA170PKX<\/p>\n<p>Bal\u00ed\u010dek Spare Air Xtreme Dual Sport obsahuje:<br \/>\nNejv\u011bt\u0161\u00ed velikost Spare Air Xtreme - model s objemem 1,7 cm3 - lze pou\u017e\u00edt p\u0159i v\u00edce vodn\u00edch sportech, v\u010detn\u011b pot\u00e1p\u011bn\u00ed. Model Dual Sport Xtreme nab\u00edz\u00ed v\u00edce n\u00e1dech\u016f ne\u017e n\u00e1\u0161 nejmen\u0161\u00ed model Xtreme a je p\u0159ipraven, kdykoli jej pot\u0159ebujete, a\u0165 u\u017e provozujete jak\u00fdkoli vodn\u00ed sport. V\u00fdkonn\u00fd pot\u00e1p\u011b\u010dsk\u00fd regul\u00e1tor s hlin\u00edkovou lahv\u00ed testovanou DOT o tlaku 3000 psi (p\u0159ibli\u017en\u011b 32 n\u00e1dech\u016f na hladin\u011b). Sou\u010d\u00e1st\u00ed je \u010dern\u00e1 neoprenov\u00e1 vesta, kter\u00e1 ukl\u00e1d\u00e1 jednotku Spare Air Xtreme na hrudn\u00edk pro d\u00fdch\u00e1n\u00ed bez pou\u017eit\u00ed rukou! Jedna velikost pro v\u011bt\u0161inu - pln\u011b nastaviteln\u00e1.<br \/>\nPozn\u00e1mka: jednotky se dod\u00e1vaj\u00ed pr\u00e1zdn\u00e9. K dopln\u011bn\u00ed pomoc\u00ed kompresoru na d\u00fdchac\u00ed vzduch pou\u017eijte n\u00e1\u0161 plnic\u00ed adapt\u00e9r SA920C (prod\u00e1v\u00e1 se samostatn\u011b) nebo plnic\u00ed adapt\u00e9r SA910S pro n\u00e1dr\u017e SCUBA (prod\u00e1v\u00e1 se samostatn\u011b) k dopln\u011bn\u00ed z jak\u00e9koli pln\u00e9 n\u00e1dr\u017ee SCUBA s tlakem 3000 psi.<br \/>\nSpecifikace v\u00fdrobku:<br \/>\n\u010c\u00edslo d\u00edlu: 170PKX<br \/>\nD\u00e9lka: 22 cm<br \/>\nPr\u016fm\u011br: 5,7 cm<br \/>\nHmotnost (pln\u00e1): 1,5 libry [0,68 kg].<br \/>\nHodnoty tlaku ve v\u00e1lci: 3000 PSI [207 BAR].<br \/>\nObjem v\u00e1lce: 1,7 cu ft [48 litr\u016f]<br \/>\nMateri\u00e1l v\u00e1lce: Hlin\u00edk - \u010dern\u011b eloxovan\u00fd<br \/>\nTlakov\u00e1 pojistka: Integrovan\u00e1 v regul\u00e1toru<br \/>\nTyp regul\u00e1toru: Vyv\u00e1\u017een\u00fd jednostup\u0148ov\u00fd<br \/>\nProvozn\u00ed teplota: -22 \u00b0 F [-30 \u00b0 C]+ 158 \u00b0 F [+ 70 \u00b0 C].<br \/>\nD\u00e9lka p\u0159\u00edvodu vzduchu: P\u0159ibli\u017en\u011b 32 vdech\u016f na hladin\u011b.<\/p>","protected":false},"featured_media":1420,"comment_status":"open","ping_status":"closed","template":"","meta":{"_acf_changed":false},"product_cat":[142],"product_tag":[274,275,276,277,278,279,280,281,282,283,246,284,286,287,288,289,290,291,293,294,295,168,296,297,298,299,300,301,302,303,304,305,306,307,308,309,310,311,312,313,315,316,317,318,319,320,321,329,322,323,324,325,326],"class_list":{"0":"post-1419","1":"product","2":"type-product","3":"status-publish","4":"has-post-thumbnail","6":"product_cat-xtreme-sport","7":"product_tag-ademautomaat","8":"product_tag-ademlucht","9":"product_tag-automaat","10":"product_tag-black","11":"product_tag-bovenwater","12":"product_tag-brand","13":"product_tag-chemical","14":"product_tag-chemie","15":"product_tag-diving","16":"product_tag-duikcilinder","17":"product_tag-duiken","18":"product_tag-duikfles","19":"product_tag-escape","20":"product_tag-geen-lucht","21":"product_tag-helikopter","22":"product_tag-in-nood","23":"product_tag-industrial","24":"product_tag-industrie","25":"product_tag-levens","26":"product_tag-lives","27":"product_tag-noodmiddel","28":"product_tag-onderwater","29":"product_tag-ontsnappen","30":"product_tag-ontsnapping","31":"product_tag-ontsnappingsmiddel","32":"product_tag-original","33":"product_tag-origineel","34":"product_tag-pack","35":"product_tag-perslucht","36":"product_tag-recreatie","37":"product_tag-redden","38":"product_tag-redmiddel","39":"product_tag-regulator","40":"product_tag-rescue","41":"product_tag-reserve-lucht","42":"product_tag-rook","43":"product_tag-safe","44":"product_tag-scuba","45":"product_tag-self-reliant","46":"product_tag-smoke","47":"product_tag-snorkelen","48":"product_tag-spare-air","49":"product_tag-spareair","50":"product_tag-stikken","51":"product_tag-te-water","52":"product_tag-unit","53":"product_tag-verdrinking-tegengaan","54":"product_tag-xtreme-sport","55":"product_tag-yellow","56":"product_tag-zelfredzaam","57":"product_tag-zelfstandig","58":"product_tag-zwart","59":"product_tag-zwemmen","61":"first","62":"instock","63":"shipping-taxable","64":"product-type-simple"},"acf":[],"_links":{"self":[{"href":"https:\/\/spareair.eu\/cs\/wp-json\/wp\/v2\/product\/1419","targetHints":{"allow":["GET"]}}],"collection":[{"href":"https:\/\/spareair.eu\/cs\/wp-json\/wp\/v2\/product"}],"about":[{"href":"https:\/\/spareair.eu\/cs\/wp-json\/wp\/v2\/types\/product"}],"replies":[{"embeddable":true,"href":"https:\/\/spareair.eu\/cs\/wp-json\/wp\/v2\/comments?post=1419"}],"wp:featuredmedia":[{"embeddable":true,"href":"https:\/\/spareair.eu\/cs\/wp-json\/wp\/v2\/media\/1420"}],"wp:attachment":[{"href":"https:\/\/spareair.eu\/cs\/wp-json\/wp\/v2\/media?parent=1419"}],"wp:term":[{"taxonomy":"product_cat","embeddable":true,"href":"https:\/\/spareair.eu\/cs\/wp-json\/wp\/v2\/product_cat?post=1419"},{"taxonomy":"product_tag","embeddable":true,"href":"https:\/\/spareair.eu\/cs\/wp-json\/wp\/v2\/product_tag?post=1419"}],"curies":[{"name":"wp","href":"https:\/\/api.w.org\/{rel}","templated":true}]}}