{"id":1423,"date":"2024-04-16T15:15:31","date_gmt":"2024-04-16T13:15:31","guid":{"rendered":"https:\/\/determined-herschel.45-82-188-209.plesk.page\/?post_type=product&#038;p=1423"},"modified":"2024-04-16T15:31:23","modified_gmt":"2024-04-16T13:31:23","slug":"easydive-kit-geen-tank-sa700-005","status":"publish","type":"product","link":"https:\/\/spareair.eu\/cs\/product\/easydive-kit-geen-tank-sa700-005\/","title":{"rendered":"Sada EasyDive (bez n\u00e1dr\u017ee) #SA700-005"},"content":{"rendered":"","protected":false},"excerpt":{"rendered":"<p>Sada EasyDive (BEZ N\u00c1DR\u017dE)<br \/>\nPr\u016fkaz \u010d. SA700-005<\/p>\n<p>Sada EasyDive Kit je kompletn\u00ed minimalistick\u00fd syst\u00e9m pro pot\u00e1p\u011bn\u00ed a \u0161norchlov\u00e1n\u00ed. Sada obsahuje New Snorkelator - patentovanou technologii, kter\u00e1 umo\u017e\u0148uje pot\u00e1p\u011b\u010d\u016fm kombinovat \u0161norchl s jak\u00fdmkoli pot\u00e1p\u011b\u010dsk\u00fdm regul\u00e1torem. P\u0159ep\u00ednejte ze \u0161norchlu na regul\u00e1tor pomoc\u00ed voli\u010de a pouze jednoho n\u00e1ustku! \u0160norchla\u0159i se ji\u017e neomezuj\u00ed pouze na vyno\u0159ov\u00e1n\u00ed a rychl\u00e9 plav\u00e1n\u00ed pod vodou, ale mohou se p\u0159\u00edle\u017eitostn\u011b pono\u0159it hloub\u011bji a prozkoumat m\u011bl\u010diny, a to s men\u0161\u00edm vybaven\u00edm, ne\u017e by pot\u0159eboval plnohodnotn\u00fd pot\u00e1p\u011b\u010d.<\/p>\n<p>Cel\u00e1 sada v\u00e1\u017e\u00ed pouh\u00fdch 15 kg (s n\u00e1dr\u017e\u00ed) a obsahuje:<br \/>\n- Snorkelator (such\u00fd \u0161norchl se Snorkelatorem, kter\u00fd umo\u017e\u0148uje p\u0159ep\u00ednat mezi re\u017eimem \u0161norchlov\u00e1n\u00ed a pot\u00e1p\u011bn\u00ed pomoc\u00ed oto\u010dn\u00e9ho knofl\u00edku)<br \/>\n- Vlastn\u00ed postroj (s kapsami na voliteln\u00e1 m\u011bkk\u00e1 z\u00e1va\u017e\u00ed, polstrovan\u00fd, jedna velikost pro v\u011bt\u0161inu, bez nafukov\u00e1n\u00ed)<br \/>\n- Unik\u00e1tn\u00ed kombinace ventilu n\u00e1dr\u017ee a \u0159\u00eddic\u00ed jednotky prvn\u00edho stupn\u011b - nejmen\u0161\u00ed rozm\u011bry a nejni\u017e\u0161\u00ed hmotnost na sv\u011bt\u011b!<br \/>\n- 2. f\u00e1zov\u00fd regul\u00e1tor<br \/>\n- Mini manometr p\u0159ipojen\u00fd k vysokotlak\u00e9 hadici<br \/>\n-Adapt\u00e9r pro dopl\u0148ov\u00e1n\u00ed vzduchu do kompresoru (plnic\u00ed l\u00e1hev vysokotlak\u00e9ho kompresoru na d\u00fdchac\u00ed vzduch se prod\u00e1v\u00e1 samostatn\u011b nebo ji najdete v pot\u00e1p\u011b\u010dsk\u00e9m obchod\u011b nebo na pot\u00e1p\u011b\u010dsk\u00e9 lodi).<br \/>\n-Ta\u0161ka na p\u0159en\u00e1\u0161en\u00ed GREE<\/p>\n<p>Pro\u010d si kupovat standardn\u00ed pot\u00e1p\u011b\u010dskou soupravu, kter\u00e1 v\u00e1\u017e\u00ed p\u0159es 50 kg a stoj\u00ed v\u00edce, kdy\u017e si m\u016f\u017eete koupit soupravu EasyDive za pouh\u00fdch 15 kg!<br \/>\nSada EasyDive m\u00e1 t\u0159etinovou hmotnost a p\u0159ibli\u017en\u011b polovi\u010dn\u00ed cenu oproti standardn\u00ed sad\u011b!<\/p>\n<p>Pro koho je sada EasyDive ur\u010dena?<br \/>\n- Ka\u017ed\u00fd, kdo chce rychle sko\u010dit do vody.<\/p>\n<p>EasyDive nab\u00edz\u00ed p\u0159ibli\u017en\u011b 25 minut (ve v\u00fd\u0161ce 15 stop) na:<br \/>\n- vytahov\u00e1n\u00ed spadl\u00fdch p\u0159edm\u011bt\u016f z vody<br \/>\n- Kontrola lodn\u00edho \u0161roubu \/ kotevn\u00edho lana \/ \u00fadr\u017eba lodi<br \/>\n- kr\u00e1tkodob\u00e1 z\u00e1bava p\u0159i \u0161norchlov\u00e1n\u00ed\/pot\u00e1p\u011bn\u00ed v m\u011blk\u00e9 vod\u011b<br \/>\n- fotografov\u00e1n\u00ed pod vodou (ka\u017ed\u00fd v\u00ed, \u017ee nejlep\u0161\u00ed sv\u011btlo pro fotografie je v m\u011blk\u00e9 vod\u011b, tak\u017ee b\u011b\u017en\u00e1 pot\u00e1p\u011b\u010dsk\u00e1 sestava je zde p\u0159\u00edli\u0161).<br \/>\n- Podvodn\u00ed lov - a\u0165 u\u017e h\u0159ebenatek, humr\u016f nebo je\u017ek\u016f, sada EasyDive je ide\u00e1ln\u00ed!<\/p>\n<p>\u010cASTO KLADEN\u00c9 OT\u00c1ZKY:<br \/>\n1. Jak si mohu nechat vyplnit kartu EasyDive?<br \/>\nVezm\u011bte EasyDive spolu s p\u0159ilo\u017een\u00fdm plnic\u00edm adapt\u00e9rem do pot\u00e1p\u011b\u010dsk\u00e9 prodejny, kde v\u00e1m ho za symbolick\u00fd poplatek napln\u00ed. Pot\u00e1p\u011b\u010dsk\u00e9 obchody maj\u00ed vysokotlak\u00e9 vzduchov\u00e9 kompresory, kter\u00e9 \u010derpaj\u00ed \u010dist\u00fd d\u00fdchac\u00ed vzduch. Samostatn\u011b je k dispozici mal\u00fd p\u0159enosn\u00fd vzduchov\u00fd kompresor.<br \/>\n2. Mohu sv\u016fj EasyDive naplnit kompresorem zakoupen\u00fdm v \u017eelez\u00e1\u0159stv\u00ed?<br \/>\nNe, EasyDive m\u00e1 n\u00e1dr\u017e na 3000 psi, ale ty mal\u00e9 kompresory prod\u00e1van\u00e9 v obchodech pro kutily pumpuj\u00ed jen asi 125 psi. Nav\u00edc tyto kompresory nefiltruj\u00ed vzduch, tak\u017ee ned\u00fdch\u00e1 kvalitn\u00ed vzduch.<br \/>\n3. Mohu s EasyDive cestovat komer\u010dn\u00ed leteckou spole\u010dnost\u00ed?<br \/>\nP\u0159edpisy TSA vy\u017eaduj\u00ed odstran\u011bn\u00ed ventilu n\u00e1dr\u017ee z lahve, kter\u00fd je v p\u0159\u00edpad\u011b EasyDive odborn\u011b p\u0159ipevn\u011bn. Proto by k jeho demont\u00e1\u017ei a op\u011btovn\u00e9 mont\u00e1\u017ei byl zapot\u0159eb\u00ed profesion\u00e1l. Proto nedoporu\u010dujeme l\u00e9tat se syst\u00e9mem EasyDive. Alternativou je zaslat jej (mus\u00ed b\u00fdt pr\u00e1zdn\u00fd) do m\u00edsta dovolen\u00e9 p\u0159ed cestou a nechat si EasyDive naplnit v c\u00edlov\u00e9 destinaci.<br \/>\n4. Jakou \u00fadr\u017ebu EasyDive pot\u0159ebuje?<br \/>\nStejn\u011b jako ve\u0161ker\u00e9 pot\u00e1p\u011b\u010dsk\u00e9 vybaven\u00ed by se m\u011bly po ka\u017ed\u00e9m ponoru d\u016fkladn\u011b opl\u00e1chnout, aby se z nich odstranila slan\u00e1 voda a p\u00edsek. EasyDive skladujte s minim\u00e1ln\u00edm mno\u017estv\u00edm vzduchu v lahvi. P\u0159ibli\u017en\u011b jednou za rok by m\u011bl b\u00fdt regul\u00e1tor servisov\u00e1n v m\u00edstn\u00edm pot\u00e1p\u011b\u010dsk\u00e9m obchod\u011b a ka\u017ed\u00fdch p\u011bt let je t\u0159eba l\u00e1hev odborn\u011b otestovat, tzv. hydrotestem, kter\u00fd provede pot\u00e1p\u011b\u010dsk\u00fd obchod.<br \/>\n5. Mohu si koupit dal\u0161\u00ed v\u00e1lec?<br \/>\nZp\u016fsob, jak\u00fdm je EasyDive navr\u017een, integruje ventil n\u00e1dr\u017ee a 1. stupe\u0148 pot\u00e1p\u011b\u010dsk\u00e9ho regul\u00e1toru do velmi mal\u00e9ho a lehk\u00e9ho prostoru, co\u017e se li\u0161\u00ed od standardn\u00edch pot\u00e1p\u011b\u010dsk\u00fdch sestav. To znamen\u00e1, \u017ee l\u00e1hev nem\u016f\u017eete jednodu\u0161e vym\u011bnit za jinou plnou l\u00e1hev.<br \/>\n6. Mus\u00edm b\u00fdt certifikovan\u00fd pot\u00e1p\u011b\u010d, abych mohl pou\u017e\u00edvat EasyDive?<br \/>\nAno, u\u017eivatel\u00e9 mus\u00ed m\u00edt pot\u00e1p\u011b\u010dsk\u00fd pr\u016fkaz, aby pochopili spr\u00e1vn\u00e9 postupy a rizika spojen\u00e1 s pou\u017e\u00edv\u00e1n\u00edm pot\u00e1p\u011b\u010dsk\u00e9ho vybaven\u00ed.<br \/>\n7. V jak\u00e9 hloubce mohu sadu EasyDive pou\u017e\u00edvat?<br \/>\nDoporu\u010duje se pou\u017e\u00edvat EasyDive v hloubce men\u0161\u00ed ne\u017e 9 metr\u016f.<\/p>","protected":false},"featured_media":1424,"comment_status":"open","ping_status":"closed","template":"","meta":{"_acf_changed":false},"product_cat":[28],"product_tag":[274,275,276,277,278,279,280,281,282,283,246,284,285,286,287,288,289,290,291,292,293,294,295,168,296,297,298,299,300,301,302,303,304,305,306,307,308,309,310,311,312,313,315,316,317,318,319,320,321,322,323,324,325,326],"class_list":{"0":"post-1423","1":"product","2":"type-product","3":"status-publish","4":"has-post-thumbnail","6":"product_cat-easydive","7":"product_tag-ademautomaat","8":"product_tag-ademlucht","9":"product_tag-automaat","10":"product_tag-black","11":"product_tag-bovenwater","12":"product_tag-brand","13":"product_tag-chemical","14":"product_tag-chemie","15":"product_tag-diving","16":"product_tag-duikcilinder","17":"product_tag-duiken","18":"product_tag-duikfles","19":"product_tag-easydive","20":"product_tag-escape","21":"product_tag-geen-lucht","22":"product_tag-helikopter","23":"product_tag-in-nood","24":"product_tag-industrial","25":"product_tag-industrie","26":"product_tag-kit","27":"product_tag-levens","28":"product_tag-lives","29":"product_tag-noodmiddel","30":"product_tag-onderwater","31":"product_tag-ontsnappen","32":"product_tag-ontsnapping","33":"product_tag-ontsnappingsmiddel","34":"product_tag-original","35":"product_tag-origineel","36":"product_tag-pack","37":"product_tag-perslucht","38":"product_tag-recreatie","39":"product_tag-redden","40":"product_tag-redmiddel","41":"product_tag-regulator","42":"product_tag-rescue","43":"product_tag-reserve-lucht","44":"product_tag-rook","45":"product_tag-safe","46":"product_tag-scuba","47":"product_tag-self-reliant","48":"product_tag-smoke","49":"product_tag-snorkelen","50":"product_tag-spare-air","51":"product_tag-spareair","52":"product_tag-stikken","53":"product_tag-te-water","54":"product_tag-unit","55":"product_tag-verdrinking-tegengaan","56":"product_tag-yellow","57":"product_tag-zelfredzaam","58":"product_tag-zelfstandig","59":"product_tag-zwart","60":"product_tag-zwemmen","62":"first","63":"instock","64":"shipping-taxable","65":"product-type-simple"},"acf":[],"_links":{"self":[{"href":"https:\/\/spareair.eu\/cs\/wp-json\/wp\/v2\/product\/1423","targetHints":{"allow":["GET"]}}],"collection":[{"href":"https:\/\/spareair.eu\/cs\/wp-json\/wp\/v2\/product"}],"about":[{"href":"https:\/\/spareair.eu\/cs\/wp-json\/wp\/v2\/types\/product"}],"replies":[{"embeddable":true,"href":"https:\/\/spareair.eu\/cs\/wp-json\/wp\/v2\/comments?post=1423"}],"wp:featuredmedia":[{"embeddable":true,"href":"https:\/\/spareair.eu\/cs\/wp-json\/wp\/v2\/media\/1424"}],"wp:attachment":[{"href":"https:\/\/spareair.eu\/cs\/wp-json\/wp\/v2\/media?parent=1423"}],"wp:term":[{"taxonomy":"product_cat","embeddable":true,"href":"https:\/\/spareair.eu\/cs\/wp-json\/wp\/v2\/product_cat?post=1423"},{"taxonomy":"product_tag","embeddable":true,"href":"https:\/\/spareair.eu\/cs\/wp-json\/wp\/v2\/product_tag?post=1423"}],"curies":[{"name":"wp","href":"https:\/\/api.w.org\/{rel}","templated":true}]}}