{"id":1502,"date":"2024-04-16T16:18:31","date_gmt":"2024-04-16T14:18:31","guid":{"rendered":"https:\/\/determined-herschel.45-82-188-209.plesk.page\/?post_type=product&#038;p=1502"},"modified":"2024-04-16T16:18:31","modified_gmt":"2024-04-16T14:18:31","slug":"veiligheidsriem-sa961","status":"publish","type":"product","link":"https:\/\/spareair.eu\/cs\/product\/bezpecnostni-pas-sa961\/","title":{"rendered":"Bezpe\u010dnostn\u00ed p\u00e1s #SA961"},"content":{"rendered":"","protected":false},"excerpt":{"rendered":"<p>Bezpe\u010dnostn\u00ed p\u00e1s<br \/>\n\u010c\u00edslo v\u00fdrobku SA961<br \/>\nChra\u0148te sv\u00e9 investice. Bezpe\u010dnostn\u00ed popruh zabra\u0148uje n\u00e1hodn\u00e9 ztr\u00e1t\u011b a zaji\u0161\u0165uje rychl\u00e9 vyhled\u00e1n\u00ed, pokud n\u00e1hradn\u00ed n\u00e1dr\u017e SPARE AIR \/ HEED upust\u00edte. P\u0159ipevniteln\u00fd kdekoli. Prodlou\u017e\u00ed se a\u017e na 4 stopy. Pro pohodln\u00e9 \"kamar\u00e1dsk\u00e9 d\u00fdch\u00e1n\u00ed\". Rychle se p\u0159ipev\u0148uje nebo odep\u00edn\u00e1 pro v\u011bt\u0161\u00ed bezpe\u010dnost. Neriskujte! Po\u0159i\u010fte si bezpe\u010dnostn\u00ed p\u00e1s SPARE AIR je\u0161t\u011b dnes!<\/p>\n<p>BEZPE\u010cNOSTN\u00cd P\u00c1S NEN\u00cd JEN PRO N\u00c1HRADN\u00cd VZDUCH - UDR\u017dUJE D\u016eLE\u017dIT\u00c9 P\u0158EDM\u011aTY BL\u00cdZKO V\u00c1S A ZABRA\u0147UJE JEJICH ZTR\u00c1T\u011a * KAMERY * SV\u011aTLA * FUNGUJE I NAD VODOU - M\u011aJTE SV\u00c9 P\u0158EDM\u011aTY BL\u00cdZKO!<\/p>","protected":false},"featured_media":1503,"comment_status":"open","ping_status":"closed","template":"","meta":{"_acf_changed":false},"product_cat":[29],"product_tag":[251,274,275,276,277,278,279,280,281,282,283,246,284,286,287,288,289,290,291,293,294,295,168,296,297,298,299,300,301,302,303,304,305,306,307,308,309,310,311,312,313,315,316,317,318,319,320,321,322,323,324,325,326],"class_list":{"0":"post-1502","1":"product","2":"type-product","3":"status-publish","4":"has-post-thumbnail","6":"product_cat-accessoires","7":"product_tag-accessoires","8":"product_tag-ademautomaat","9":"product_tag-ademlucht","10":"product_tag-automaat","11":"product_tag-black","12":"product_tag-bovenwater","13":"product_tag-brand","14":"product_tag-chemical","15":"product_tag-chemie","16":"product_tag-diving","17":"product_tag-duikcilinder","18":"product_tag-duiken","19":"product_tag-duikfles","20":"product_tag-escape","21":"product_tag-geen-lucht","22":"product_tag-helikopter","23":"product_tag-in-nood","24":"product_tag-industrial","25":"product_tag-industrie","26":"product_tag-levens","27":"product_tag-lives","28":"product_tag-noodmiddel","29":"product_tag-onderwater","30":"product_tag-ontsnappen","31":"product_tag-ontsnapping","32":"product_tag-ontsnappingsmiddel","33":"product_tag-original","34":"product_tag-origineel","35":"product_tag-pack","36":"product_tag-perslucht","37":"product_tag-recreatie","38":"product_tag-redden","39":"product_tag-redmiddel","40":"product_tag-regulator","41":"product_tag-rescue","42":"product_tag-reserve-lucht","43":"product_tag-rook","44":"product_tag-safe","45":"product_tag-scuba","46":"product_tag-self-reliant","47":"product_tag-smoke","48":"product_tag-snorkelen","49":"product_tag-spare-air","50":"product_tag-spareair","51":"product_tag-stikken","52":"product_tag-te-water","53":"product_tag-unit","54":"product_tag-verdrinking-tegengaan","55":"product_tag-yellow","56":"product_tag-zelfredzaam","57":"product_tag-zelfstandig","58":"product_tag-zwart","59":"product_tag-zwemmen","61":"first","62":"instock","63":"shipping-taxable","64":"product-type-simple"},"acf":[],"_links":{"self":[{"href":"https:\/\/spareair.eu\/cs\/wp-json\/wp\/v2\/product\/1502","targetHints":{"allow":["GET"]}}],"collection":[{"href":"https:\/\/spareair.eu\/cs\/wp-json\/wp\/v2\/product"}],"about":[{"href":"https:\/\/spareair.eu\/cs\/wp-json\/wp\/v2\/types\/product"}],"replies":[{"embeddable":true,"href":"https:\/\/spareair.eu\/cs\/wp-json\/wp\/v2\/comments?post=1502"}],"wp:featuredmedia":[{"embeddable":true,"href":"https:\/\/spareair.eu\/cs\/wp-json\/wp\/v2\/media\/1503"}],"wp:attachment":[{"href":"https:\/\/spareair.eu\/cs\/wp-json\/wp\/v2\/media?parent=1502"}],"wp:term":[{"taxonomy":"product_cat","embeddable":true,"href":"https:\/\/spareair.eu\/cs\/wp-json\/wp\/v2\/product_cat?post=1502"},{"taxonomy":"product_tag","embeddable":true,"href":"https:\/\/spareair.eu\/cs\/wp-json\/wp\/v2\/product_tag?post=1502"}],"curies":[{"name":"wp","href":"https:\/\/api.w.org\/{rel}","templated":true}]}}