{"id":1609,"date":"2024-04-16T18:29:51","date_gmt":"2024-04-16T16:29:51","guid":{"rendered":"https:\/\/determined-herschel.45-82-188-209.plesk.page\/?post_type=product&#038;p=1609"},"modified":"2024-04-16T18:29:51","modified_gmt":"2024-04-16T16:29:51","slug":"meetmeter-drukindicator-3000-psi-207-bar-sa003dgs","status":"publish","type":"product","link":"https:\/\/spareair.eu\/cs\/product\/manometricky-indikator-tlaku-3000-psi-207-bar-sa003dgs\/","title":{"rendered":"M\u011b\u0159i\u010d tlaku (3000 psi \/ 207 bar) #SA003DGS"},"content":{"rendered":"","protected":false},"excerpt":{"rendered":"<p>M\u011b\u0159i\u010d tlaku (3000 psi \/ 207 bar)<br \/>\n\u010c\u00edslo produktu SA003DGS<br \/>\nUpgradujte sv\u016fj Spare Air nebo HEED (hod\u00ed se pro v\u0161echny modely) na vysoce v\u00fdkonn\u00fd m\u011b\u0159i\u010d. Nahrazuje st\u00e1vaj\u00edc\u00ed indik\u00e1tor tlaku ve stylu kol\u00edku. Nen\u00ed t\u0159eba \u017e\u00e1dn\u00e9 speci\u00e1ln\u00ed n\u00e1\u0159ad\u00ed! Sta\u010d\u00ed od\u0161roubovat indik\u00e1tor tlaku Pin Style z regul\u00e1toru, na\u0161roubovat manometr a m\u016f\u017eete za\u010d\u00edt pracovat!<br \/>\nVezm\u011bte pros\u00edm na v\u011bdom\u00ed, \u017ee jin\u00e9 dostupn\u00e9 manometrick\u00e9 ukazatele tlaku nefunguj\u00ed u Spare Air. Jedin\u00fd autorizovan\u00fd tlakom\u011br se zaru\u010denou funk\u010dnost\u00ed na Spare Air je tento model, kter\u00fd je k dispozici u n\u00e1s nebo u na\u0161ich prodejc\u016f.<\/p>","protected":false},"featured_media":1610,"comment_status":"open","ping_status":"closed","template":"","meta":{"_acf_changed":false},"product_cat":[156],"product_tag":[274,275,276,277,278,279,280,281,282,283,246,284,286,287,288,289,290,291,293,294,295,331,168,296,297,298,299,300,301,302,303,304,305,306,307,308,309,310,311,312,313,315,316,332,317,318,319,320,321,322,323,324,325,326],"class_list":{"0":"post-1609","1":"product","2":"type-product","3":"status-publish","4":"has-post-thumbnail","6":"product_cat-onderdelen","7":"product_tag-ademautomaat","8":"product_tag-ademlucht","9":"product_tag-automaat","10":"product_tag-black","11":"product_tag-bovenwater","12":"product_tag-brand","13":"product_tag-chemical","14":"product_tag-chemie","15":"product_tag-diving","16":"product_tag-duikcilinder","17":"product_tag-duiken","18":"product_tag-duikfles","19":"product_tag-escape","20":"product_tag-geen-lucht","21":"product_tag-helikopter","22":"product_tag-in-nood","23":"product_tag-industrial","24":"product_tag-industrie","25":"product_tag-levens","26":"product_tag-lives","27":"product_tag-noodmiddel","28":"product_tag-onderdelen","29":"product_tag-onderwater","30":"product_tag-ontsnappen","31":"product_tag-ontsnapping","32":"product_tag-ontsnappingsmiddel","33":"product_tag-original","34":"product_tag-origineel","35":"product_tag-pack","36":"product_tag-perslucht","37":"product_tag-recreatie","38":"product_tag-redden","39":"product_tag-redmiddel","40":"product_tag-regulator","41":"product_tag-rescue","42":"product_tag-reserve-lucht","43":"product_tag-rook","44":"product_tag-safe","45":"product_tag-scuba","46":"product_tag-self-reliant","47":"product_tag-smoke","48":"product_tag-snorkelen","49":"product_tag-spare-air","50":"product_tag-spare-parts","51":"product_tag-spareair","52":"product_tag-stikken","53":"product_tag-te-water","54":"product_tag-unit","55":"product_tag-verdrinking-tegengaan","56":"product_tag-yellow","57":"product_tag-zelfredzaam","58":"product_tag-zelfstandig","59":"product_tag-zwart","60":"product_tag-zwemmen","62":"first","63":"instock","64":"shipping-taxable","65":"product-type-simple"},"acf":[],"_links":{"self":[{"href":"https:\/\/spareair.eu\/cs\/wp-json\/wp\/v2\/product\/1609","targetHints":{"allow":["GET"]}}],"collection":[{"href":"https:\/\/spareair.eu\/cs\/wp-json\/wp\/v2\/product"}],"about":[{"href":"https:\/\/spareair.eu\/cs\/wp-json\/wp\/v2\/types\/product"}],"replies":[{"embeddable":true,"href":"https:\/\/spareair.eu\/cs\/wp-json\/wp\/v2\/comments?post=1609"}],"wp:featuredmedia":[{"embeddable":true,"href":"https:\/\/spareair.eu\/cs\/wp-json\/wp\/v2\/media\/1610"}],"wp:attachment":[{"href":"https:\/\/spareair.eu\/cs\/wp-json\/wp\/v2\/media?parent=1609"}],"wp:term":[{"taxonomy":"product_cat","embeddable":true,"href":"https:\/\/spareair.eu\/cs\/wp-json\/wp\/v2\/product_cat?post=1609"},{"taxonomy":"product_tag","embeddable":true,"href":"https:\/\/spareair.eu\/cs\/wp-json\/wp\/v2\/product_tag?post=1609"}],"curies":[{"name":"wp","href":"https:\/\/api.w.org\/{rel}","templated":true}]}}