{"id":1419,"date":"2024-04-16T15:11:30","date_gmt":"2024-04-16T13:11:30","guid":{"rendered":"https:\/\/determined-herschel.45-82-188-209.plesk.page\/?post_type=product&#038;p=1419"},"modified":"2024-04-16T15:29:37","modified_gmt":"2024-04-16T13:29:37","slug":"spare-air-xtreme-watersport-1-7-cu-ft-cylinder-sa170pkx","status":"publish","type":"product","link":"https:\/\/spareair.eu\/da\/product\/reserve-air-xtreme-watersport-1-7-cu-ft-cylinder-sa170pkx\/","title":{"rendered":"Spare Air Xtreme Watersport 1,7 cu.ft. Cylinder #SA170PKX"},"content":{"rendered":"","protected":false},"excerpt":{"rendered":"<p>Spare Air Xtreme Watersport 1,7 cu.ft. Cylinder<br \/>\nProdukt nr. SA170PKX<\/p>\n<p>Spare Air Xtreme Dual Sport-pakken omfatter:<br \/>\nDen st\u00f8rste Spare Air Xtreme-st\u00f8rrelse - 1,7 cu. ft.-modellen kan bruges til flere vandsportsgrene, herunder dykning. Dual Sport Xtreme giver flere ind\u00e5ndinger end vores mindste Xtreme og er klar, n\u00e5r du har brug for det, uanset hvilken vandsport du dyrker. Kraftig dykkerregulator med DOT-testet aluminiumscylinder p\u00e5 3000 psi (ca. 32 \u00e5ndedrag ved overfladen). Inkluderer sort neoprenvest, som opbevarer Spare Air Xtreme-enheden p\u00e5 brystet, s\u00e5 du kan tr\u00e6kke vejret h\u00e5ndfrit! En st\u00f8rrelse passer de fleste - fuldt justerbar.<br \/>\nBem\u00e6rk: Enhederne leveres tomme. Brug vores SA920C luftkompressorp\u00e5fyldningsadapter (s\u00e6lges separat) til at genopfylde med en luftkompressor eller SA910S SCUBA-tankp\u00e5fyldningsadapter (s\u00e6lges separat) til at genopfylde fra enhver fuld 3000 psi SCUBA-tank.<br \/>\nProduktspecifikationer:<br \/>\nReservedels nummer: 170PKX<br \/>\nL\u00e6ngde: 22 cm<br \/>\nDiameter: 5,7 cm<br \/>\nV\u00e6gt (fuld): 1,5 lbs [0,68 kg].<br \/>\nCylindertrykv\u00e6rdier: 3000 PSI [207 BAR].<br \/>\nCylindervolumen: 1,7 cu ft [48 liter].<br \/>\nCylindermateriale: Aluminium - sort anodiseret<br \/>\nTrykaflastning: Integreret i regulator<br \/>\nStyringstype: Balanceret enkelttrin<br \/>\nDriftstemperatur: -22 \u00b0 F [-30 \u00b0 C] + 158 \u00b0 F [+ 70 \u00b0 C].<br \/>\nLufttilf\u00f8rslens varighed: Cirka 32 \u00e5ndedrag ved overfladen.<\/p>","protected":false},"featured_media":1420,"comment_status":"open","ping_status":"closed","template":"","meta":{"_acf_changed":false},"product_cat":[142],"product_tag":[274,275,276,277,278,279,280,281,282,283,246,284,286,287,288,289,290,291,293,294,295,168,296,297,298,299,300,301,302,303,304,305,306,307,308,309,310,311,312,313,315,316,317,318,319,320,321,329,322,323,324,325,326],"class_list":{"0":"post-1419","1":"product","2":"type-product","3":"status-publish","4":"has-post-thumbnail","6":"product_cat-xtreme-sport","7":"product_tag-ademautomaat","8":"product_tag-ademlucht","9":"product_tag-automaat","10":"product_tag-black","11":"product_tag-bovenwater","12":"product_tag-brand","13":"product_tag-chemical","14":"product_tag-chemie","15":"product_tag-diving","16":"product_tag-duikcilinder","17":"product_tag-duiken","18":"product_tag-duikfles","19":"product_tag-escape","20":"product_tag-geen-lucht","21":"product_tag-helikopter","22":"product_tag-in-nood","23":"product_tag-industrial","24":"product_tag-industrie","25":"product_tag-levens","26":"product_tag-lives","27":"product_tag-noodmiddel","28":"product_tag-onderwater","29":"product_tag-ontsnappen","30":"product_tag-ontsnapping","31":"product_tag-ontsnappingsmiddel","32":"product_tag-original","33":"product_tag-origineel","34":"product_tag-pack","35":"product_tag-perslucht","36":"product_tag-recreatie","37":"product_tag-redden","38":"product_tag-redmiddel","39":"product_tag-regulator","40":"product_tag-rescue","41":"product_tag-reserve-lucht","42":"product_tag-rook","43":"product_tag-safe","44":"product_tag-scuba","45":"product_tag-self-reliant","46":"product_tag-smoke","47":"product_tag-snorkelen","48":"product_tag-spare-air","49":"product_tag-spareair","50":"product_tag-stikken","51":"product_tag-te-water","52":"product_tag-unit","53":"product_tag-verdrinking-tegengaan","54":"product_tag-xtreme-sport","55":"product_tag-yellow","56":"product_tag-zelfredzaam","57":"product_tag-zelfstandig","58":"product_tag-zwart","59":"product_tag-zwemmen","61":"first","62":"instock","63":"shipping-taxable","64":"product-type-simple"},"acf":[],"_links":{"self":[{"href":"https:\/\/spareair.eu\/da\/wp-json\/wp\/v2\/product\/1419","targetHints":{"allow":["GET"]}}],"collection":[{"href":"https:\/\/spareair.eu\/da\/wp-json\/wp\/v2\/product"}],"about":[{"href":"https:\/\/spareair.eu\/da\/wp-json\/wp\/v2\/types\/product"}],"replies":[{"embeddable":true,"href":"https:\/\/spareair.eu\/da\/wp-json\/wp\/v2\/comments?post=1419"}],"wp:featuredmedia":[{"embeddable":true,"href":"https:\/\/spareair.eu\/da\/wp-json\/wp\/v2\/media\/1420"}],"wp:attachment":[{"href":"https:\/\/spareair.eu\/da\/wp-json\/wp\/v2\/media?parent=1419"}],"wp:term":[{"taxonomy":"product_cat","embeddable":true,"href":"https:\/\/spareair.eu\/da\/wp-json\/wp\/v2\/product_cat?post=1419"},{"taxonomy":"product_tag","embeddable":true,"href":"https:\/\/spareair.eu\/da\/wp-json\/wp\/v2\/product_tag?post=1419"}],"curies":[{"name":"wp","href":"https:\/\/api.w.org\/{rel}","templated":true}]}}