{"id":1425,"date":"2024-04-16T15:21:28","date_gmt":"2024-04-16T13:21:28","guid":{"rendered":"https:\/\/determined-herschel.45-82-188-209.plesk.page\/?post_type=product&#038;p=1425"},"modified":"2024-04-16T15:21:28","modified_gmt":"2024-04-16T13:21:28","slug":"easydive-kit-met-snorkelator-sa700-003","status":"publish","type":"product","link":"https:\/\/spareair.eu\/da\/product\/easydive-saet-med-snorkelator-sa700-003\/","title":{"rendered":"EasyDive-s\u00e6t med snorkelator #SA700-003"},"content":{"rendered":"","protected":false},"excerpt":{"rendered":"<p>EasyDive-s\u00e6t med snorkelator<br \/>\nProdukt nr. SA700-003<\/p>\n<p>EasyDive Kit er et komplet minimalistisk dykker- og snorkelsystem. Bare tag fat i det, s\u00e5 er du klar til dit n\u00e6ste vandeventyr. S\u00e6ttet indeholder den nye Snorkelator - en patenteret teknologi, der g\u00f8r det muligt for dykkere at kombinere deres snorkel med enhver dykkerregulator. Skift fra snorkel til regulator med drejeknappen og kun \u00e9t mundstykke! Snorkeldykkere er ikke l\u00e6ngere begr\u00e6nset til overfladen og hurtige sv\u00f8mmeture under vandet, men kan lejlighedsvis foretage dybere dyk for at udforske det lave vand med mindre udstyr end en almindelig dykker ville have brug for.<br \/>\nHele s\u00e6ttet vejer kun 15 pund og inkluderer Snorkelator (t\u00f8rsnorkel med Snorkelator, der giver dig mulighed for at skifte mellem snorkeltilstand og dykketilstand med drejeknappen) 19 kubikfod cylinder (m\u00e6rket DOT \/ TC - ikke til brug i EU-lande eller Australien) Brugerdefineret sele (med lommer til valgfri bl\u00f8de v\u00e6gte, polstret, en st\u00f8rrelse passer de fleste, ingen inflation) Unik tankventil \/ f\u00f8rste trin regulatorkombination - det mindste fodaftryk og den laveste v\u00e6gt i verden!<br \/>\n2. trin regulator Mini trykm\u00e5ler fastgjort til h\u00f8jtryksslange. Adapter til p\u00e5fyldning af luftkompressor (p\u00e5fyldningscylinder til h\u00f8jtryksluftkompressor s\u00e6lges separat eller findes i en dykkerbutik eller p\u00e5 en dykkerb\u00e5d) GRATIS b\u00e6retaske<br \/>\nValgfri tilf\u00f8jelse: udluftningsr\u00f8r, holder udluftningsr\u00f8rets mundstykke t\u00e6t p\u00e5. Fremstillet af sort silikone, omkreds 28\".<br \/>\nHvorfor k\u00f8be et standard dykkers\u00e6t, der vejer over 50 kg og koster en masse, n\u00e5r du kan f\u00e5 EasyDive-s\u00e6ttet for kun 15 kg og meget f\u00e6rre penge!<br \/>\nEasyDive-s\u00e6ttet vejer 1\/3 og koster ca. det halve af en standardops\u00e6tning!<br \/>\nHvem er EasyDive-s\u00e6ttet til? Alle, der gerne vil hoppe i vandet hurtigt. EasyDive giver omkring 25 minutter (p\u00e5 15 fod) til: kortvarig sjov snorkling \/ dykning p\u00e5 lavt vand \/ undervandsfotografering (alle ved, at det bedste lys til fotos er p\u00e5 lavt vand, s\u00e5 en normal dykkerops\u00e6tning er for meget her) undervandsjagt - uanset om det er kammuslinger, hummere eller pindsvin, s\u00e5 er EasyDive-s\u00e6ttet perfekt!<\/p>\n<p>OFTE STILLEDE SP\u00d8RGSM\u00c5L:<br \/>\n1. Hvordan f\u00e5r jeg min EasyDive fyldt?<br \/>\nTag EasyDive med den medf\u00f8lgende genopfyldningsadapter til en dykkerbutik, og de vil fylde den for dig mod et mindre gebyr. Dykkerbutikker har h\u00f8jtryksluftkompressorer, der pumper ren \u00e5ndedr\u00e6tsluft. EasyDive leveres med en DOT\/TC-m\u00e6rket flaske og er ikke beregnet til brug i EU-lande.<br \/>\n2. Kan jeg fylde min EasyDive med en kompressor, som jeg har k\u00f8bt i et byggemarked?<br \/>\nNej, EasyDive har en 3000 psi-tank, men de sm\u00e5 kompressorer, der s\u00e6lges i byggemarkeder, pumper kun omkring 125 psi. Desuden filtrerer disse kompressorer ikke luften, s\u00e5 den ind\u00e5nder ikke kvalitetsluft.<br \/>\n3. Kan jeg rejse med et kommercielt flyselskab med EasyDive?<br \/>\nTSA-reglerne kr\u00e6ver, at man fjerner en tankventil fra flasken, som i EasyDives tilf\u00e6lde er monteret af en professionel. Derfor vil det kr\u00e6ve en professionel at fjerne og samle den igen. Derfor anbefaler vi ikke at flyve med dit EasyDive-system. Et alternativ er at sende det (skal v\u00e6re tomt) til din feriedestination f\u00f8r din rejse og f\u00e5 EasyDive fyldt p\u00e5 din destination.<br \/>\n4. Hvilken vedligeholdelse har EasyDive brug for?<br \/>\nSom alt andet dykkerudstyr skal de skylles grundigt efter hvert dyk for at fjerne saltvand og sand. Opbevar EasyDive med et minimum af luft i flasken. Hvert \u00e5r skal regulatoren serviceres af din lokale dykkerbutik, og hvert 5. \u00e5r skal flasken have en professionel test, kaldet hydro-testing, udf\u00f8rt af en dykkerbutik.<br \/>\n5. Kan jeg k\u00f8be en ekstra cylinder?<br \/>\nDen m\u00e5de, EasyDive er designet p\u00e5, integrerer tankventilen og 1. trins dykkerregulatoren i et meget lille og let fodaftryk, hvilket er forskelligt fra standarddykkerops\u00e6tninger. Det betyder, at du ikke bare kan udskifte flasken med en anden fuld flaske.<br \/>\n6. Skal jeg v\u00e6re certificeret dykker for at bruge EasyDive?<br \/>\nJa, brugerne skal have et dykkercertifikat for at forst\u00e5 de korrekte procedurer og de risici, der er forbundet med at bruge dykkerudstyr.<br \/>\n7. P\u00e5 hvilken dybde kan jeg bruge EasyDive-s\u00e6ttet?<br \/>\nDet anbefales at bruge EasyDive p\u00e5 mindre end 9 meters dybde.<\/p>","protected":false},"featured_media":1426,"comment_status":"open","ping_status":"closed","template":"","meta":{"_acf_changed":false},"product_cat":[28],"product_tag":[274,275,276,277,278,279,280,281,282,283,246,284,285,286,287,288,289,290,291,292,293,294,295,168,296,297,298,299,300,301,302,303,304,305,306,307,308,309,310,311,312,313,314,315,316,317,318,319,320,321,322,323,324,325,326],"class_list":{"0":"post-1425","1":"product","2":"type-product","3":"status-publish","4":"has-post-thumbnail","6":"product_cat-easydive","7":"product_tag-ademautomaat","8":"product_tag-ademlucht","9":"product_tag-automaat","10":"product_tag-black","11":"product_tag-bovenwater","12":"product_tag-brand","13":"product_tag-chemical","14":"product_tag-chemie","15":"product_tag-diving","16":"product_tag-duikcilinder","17":"product_tag-duiken","18":"product_tag-duikfles","19":"product_tag-easydive","20":"product_tag-escape","21":"product_tag-geen-lucht","22":"product_tag-helikopter","23":"product_tag-in-nood","24":"product_tag-industrial","25":"product_tag-industrie","26":"product_tag-kit","27":"product_tag-levens","28":"product_tag-lives","29":"product_tag-noodmiddel","30":"product_tag-onderwater","31":"product_tag-ontsnappen","32":"product_tag-ontsnapping","33":"product_tag-ontsnappingsmiddel","34":"product_tag-original","35":"product_tag-origineel","36":"product_tag-pack","37":"product_tag-perslucht","38":"product_tag-recreatie","39":"product_tag-redden","40":"product_tag-redmiddel","41":"product_tag-regulator","42":"product_tag-rescue","43":"product_tag-reserve-lucht","44":"product_tag-rook","45":"product_tag-safe","46":"product_tag-scuba","47":"product_tag-self-reliant","48":"product_tag-smoke","49":"product_tag-snorkelator","50":"product_tag-snorkelen","51":"product_tag-spare-air","52":"product_tag-spareair","53":"product_tag-stikken","54":"product_tag-te-water","55":"product_tag-unit","56":"product_tag-verdrinking-tegengaan","57":"product_tag-yellow","58":"product_tag-zelfredzaam","59":"product_tag-zelfstandig","60":"product_tag-zwart","61":"product_tag-zwemmen","63":"first","64":"instock","65":"shipping-taxable","66":"product-type-simple"},"acf":[],"_links":{"self":[{"href":"https:\/\/spareair.eu\/da\/wp-json\/wp\/v2\/product\/1425","targetHints":{"allow":["GET"]}}],"collection":[{"href":"https:\/\/spareair.eu\/da\/wp-json\/wp\/v2\/product"}],"about":[{"href":"https:\/\/spareair.eu\/da\/wp-json\/wp\/v2\/types\/product"}],"replies":[{"embeddable":true,"href":"https:\/\/spareair.eu\/da\/wp-json\/wp\/v2\/comments?post=1425"}],"wp:featuredmedia":[{"embeddable":true,"href":"https:\/\/spareair.eu\/da\/wp-json\/wp\/v2\/media\/1426"}],"wp:attachment":[{"href":"https:\/\/spareair.eu\/da\/wp-json\/wp\/v2\/media?parent=1425"}],"wp:term":[{"taxonomy":"product_cat","embeddable":true,"href":"https:\/\/spareair.eu\/da\/wp-json\/wp\/v2\/product_cat?post=1425"},{"taxonomy":"product_tag","embeddable":true,"href":"https:\/\/spareair.eu\/da\/wp-json\/wp\/v2\/product_tag?post=1425"}],"curies":[{"name":"wp","href":"https:\/\/api.w.org\/{rel}","templated":true}]}}