{"id":1498,"date":"2024-04-16T16:17:17","date_gmt":"2024-04-16T14:17:17","guid":{"rendered":"https:\/\/determined-herschel.45-82-188-209.plesk.page\/?post_type=product&#038;p=1498"},"modified":"2024-04-16T16:17:17","modified_gmt":"2024-04-16T14:17:17","slug":"switlik-x-back-air-crew-zwemvest-molle-stijl-sa975","status":"publish","type":"product","link":"https:\/\/spareair.eu\/da\/product\/switlik-x-back-air-crew-redningsvest-molle-style-sa975\/","title":{"rendered":"SWITLIK X-Back Air Crew redningsvest (MOLLE-stil) #SA975"},"content":{"rendered":"","protected":false},"excerpt":{"rendered":"<p>SWITLIK X-Back Air Crew redningsvest (MOLLE-stil)<br \/>\nProdukt nr. SA975<br \/>\nHEED 3-unit s\u00e6lges separat!<br \/>\nSwitlik X-Back\u2122 Air Crew Vest er en nykonfigureret, let mandskabsvest, der tager et stort spring fremad i komfort og holdbarhed i forhold til sine forg\u00e6ngere. Den passende navngivne X-Back\u2122 har en unik, patenteret krydsrygkonfiguration med en \u00e5ndbar meshvest i Molle-stil, der er ergonomisk tilpasset skulderkonturen for at give en god pasform. Tilbeh\u00f8ret er placeret p\u00e5 siderne i stedet for i midten, hvilket giver mere plads til skulder- og hofteb\u00e6lter og dermed ekstra komfort, n\u00e5r man sidder ned. N\u00e5r der tilf\u00f8jes tilbeh\u00f8r, fordeles v\u00e6gten p\u00e5 skuldre og nakke, hvilket \u00f8ger komforten betydeligt. Der tilbydes en r\u00e6kke tilbeh\u00f8r i Molle-konfiguration, herunder en stilfuld ny lynl\u00e5slomme med flere rum.<\/p>","protected":false},"featured_media":1499,"comment_status":"open","ping_status":"closed","template":"","meta":{"_acf_changed":false},"product_cat":[29],"product_tag":[251,274,275,276,277,278,279,280,281,282,283,246,284,286,287,288,289,290,291,293,294,295,168,296,297,298,299,300,301,302,303,304,305,306,307,308,309,310,311,312,313,315,316,317,318,319,320,321,322,323,324,325,326],"class_list":{"0":"post-1498","1":"product","2":"type-product","3":"status-publish","4":"has-post-thumbnail","6":"product_cat-accessoires","7":"product_tag-accessoires","8":"product_tag-ademautomaat","9":"product_tag-ademlucht","10":"product_tag-automaat","11":"product_tag-black","12":"product_tag-bovenwater","13":"product_tag-brand","14":"product_tag-chemical","15":"product_tag-chemie","16":"product_tag-diving","17":"product_tag-duikcilinder","18":"product_tag-duiken","19":"product_tag-duikfles","20":"product_tag-escape","21":"product_tag-geen-lucht","22":"product_tag-helikopter","23":"product_tag-in-nood","24":"product_tag-industrial","25":"product_tag-industrie","26":"product_tag-levens","27":"product_tag-lives","28":"product_tag-noodmiddel","29":"product_tag-onderwater","30":"product_tag-ontsnappen","31":"product_tag-ontsnapping","32":"product_tag-ontsnappingsmiddel","33":"product_tag-original","34":"product_tag-origineel","35":"product_tag-pack","36":"product_tag-perslucht","37":"product_tag-recreatie","38":"product_tag-redden","39":"product_tag-redmiddel","40":"product_tag-regulator","41":"product_tag-rescue","42":"product_tag-reserve-lucht","43":"product_tag-rook","44":"product_tag-safe","45":"product_tag-scuba","46":"product_tag-self-reliant","47":"product_tag-smoke","48":"product_tag-snorkelen","49":"product_tag-spare-air","50":"product_tag-spareair","51":"product_tag-stikken","52":"product_tag-te-water","53":"product_tag-unit","54":"product_tag-verdrinking-tegengaan","55":"product_tag-yellow","56":"product_tag-zelfredzaam","57":"product_tag-zelfstandig","58":"product_tag-zwart","59":"product_tag-zwemmen","61":"first","62":"instock","63":"shipping-taxable","64":"product-type-simple"},"acf":[],"_links":{"self":[{"href":"https:\/\/spareair.eu\/da\/wp-json\/wp\/v2\/product\/1498","targetHints":{"allow":["GET"]}}],"collection":[{"href":"https:\/\/spareair.eu\/da\/wp-json\/wp\/v2\/product"}],"about":[{"href":"https:\/\/spareair.eu\/da\/wp-json\/wp\/v2\/types\/product"}],"replies":[{"embeddable":true,"href":"https:\/\/spareair.eu\/da\/wp-json\/wp\/v2\/comments?post=1498"}],"wp:featuredmedia":[{"embeddable":true,"href":"https:\/\/spareair.eu\/da\/wp-json\/wp\/v2\/media\/1499"}],"wp:attachment":[{"href":"https:\/\/spareair.eu\/da\/wp-json\/wp\/v2\/media?parent=1498"}],"wp:term":[{"taxonomy":"product_cat","embeddable":true,"href":"https:\/\/spareair.eu\/da\/wp-json\/wp\/v2\/product_cat?post=1498"},{"taxonomy":"product_tag","embeddable":true,"href":"https:\/\/spareair.eu\/da\/wp-json\/wp\/v2\/product_tag?post=1498"}],"curies":[{"name":"wp","href":"https:\/\/api.w.org\/{rel}","templated":true}]}}