{"id":1423,"date":"2024-04-16T15:15:31","date_gmt":"2024-04-16T13:15:31","guid":{"rendered":"https:\/\/determined-herschel.45-82-188-209.plesk.page\/?post_type=product&#038;p=1423"},"modified":"2024-04-16T15:31:23","modified_gmt":"2024-04-16T13:31:23","slug":"easydive-kit-geen-tank-sa700-005","status":"publish","type":"product","link":"https:\/\/spareair.eu\/de\/product\/easydive-kit-geen-tank-sa700-005\/","title":{"rendered":"EasyDive-Bausatz (OHNE TANK) #SA700-005"},"content":{"rendered":"","protected":false},"excerpt":{"rendered":"<p>EasyDive-Kit (OHNE TANK)<br \/>\nErzeugnis Nr. SA700-005<\/p>\n<p>Das EasyDive Kit ist ein komplettes minimalistisches Tauch- und Schnorchelsystem. Das Kit enth\u00e4lt den New Snorkelator - eine patentierte Technologie, die es Tauchern erm\u00f6glicht, ihren Schnorchel mit jedem Atemregler zu kombinieren. Wechseln Sie mit dem Drehknopf und nur einem Mundst\u00fcck vom Schnorchel zum Atemregler! Schnorchler sind nicht mehr nur auf das Auftauchen und schnelle Unterwasserschwimmen beschr\u00e4nkt, sondern k\u00f6nnen gelegentlich tiefere Tauchg\u00e4nge machen, um die Untiefen zu erkunden, und das mit weniger Ausr\u00fcstung als ein Volltaucher ben\u00f6tigt.<\/p>\n<p>Das gesamte Kit wiegt nur 15 Pfund (mit Tank) und umfasst:<br \/>\n- Schnorchelator (Trockenschnorchel mit Schnorchelator, mit dem Sie per Drehknopf zwischen Schnorchel- und Tauchmodus wechseln k\u00f6nnen)<br \/>\n- Individuelles Gurtzeug (mit Taschen f\u00fcr optionale weiche Gewichte, gepolstert, Einheitsgr\u00f6\u00dfe, kein Aufblasen)<br \/>\n- Einzigartige Kombination aus Tankventil und Regler der ersten Stufe - die kleinste Stellfl\u00e4che und das geringste Gewicht der Welt!<br \/>\n- 2. Phasenregler<br \/>\n- Mini-Manometer am Hochdruckschlauch befestigt<br \/>\n-Adapter zum Auff\u00fcllen des Luftkompressors (F\u00fcllflasche eines Hochdruck-Atemluftkompressors separat erh\u00e4ltlich oder in einem Tauchgesch\u00e4ft oder auf einem Tauchboot zu finden)<br \/>\n-GREE-Tragetasche<\/p>\n<p>Warum ein Standard-Tauchkit kaufen, das \u00fcber 50 Pfund wiegt und mehr kostet, wenn Sie das EasyDive Kit f\u00fcr nur 15 Pfund kaufen k\u00f6nnen!<br \/>\nDas EasyDive Kit wiegt nur 1\/3 des Gewichts und kostet nur halb so viel wie ein Standard-Setup!<\/p>\n<p>F\u00fcr wen ist das EasyDive-Kit gedacht?<br \/>\n- Jeder, der schnell ins Wasser springen will.<\/p>\n<p>Der EasyDive bietet ca. 25 Minuten (bei 15 Fu\u00df) zum Tauchen:<br \/>\n- heruntergefallene Gegenst\u00e4nde aus dem Wasser zu bergen<br \/>\n- Bootspropeller \/ Ankerleine pr\u00fcfen \/ Bootswartung durchf\u00fchren<br \/>\n- Kurzzeitiger Spa\u00df beim Schnorcheln\/Tauchen im flachen Wasser<br \/>\n- Unterwasserfotografie (jeder wei\u00df, dass das beste Licht f\u00fcr Fotos im flachen Wasser ist, also ist eine normale Tauchausr\u00fcstung hier zu viel)<br \/>\n- Unterwasserjagd - ob Jakobsmuscheln, Hummer oder Igel, das EasyDive Kit ist perfekt!<\/p>\n<p>FAQ:<br \/>\n1. Wie bekomme ich mein EasyDive gef\u00fcllt?<br \/>\nBringen Sie den EasyDive zusammen mit dem mitgelieferten Nachf\u00fclladapter zu einem Tauchgesch\u00e4ft, das ihn gegen eine geringe Geb\u00fchr f\u00fcr Sie auff\u00fcllt. Tauchshops haben Hochdruckkompressoren, die saubere Atemluft pumpen. Ein kleiner, tragbarer Luftkompressor ist separat erh\u00e4ltlich.<br \/>\n2. Kann ich meinen EasyDive mit einem Kompressor aus dem Baumarkt bef\u00fcllen?<br \/>\nNein, EasyDive hat einen 3000 psi Tank, aber diese kleinen Kompressoren, die in Baum\u00e4rkten verkauft werden, pumpen nur etwa 125 psi. Au\u00dferdem filtern diese Kompressoren die Luft nicht, so dass sie keine Qualit\u00e4tsluft atmen.<br \/>\n3. Kann ich mit EasyDive mit einer kommerziellen Fluggesellschaft reisen?<br \/>\nDie TSA-Bestimmungen erfordern die Entfernung eines Tankventils von der Flasche, das im Falle von EasyDive professionell angebracht ist. Daher w\u00e4re es erforderlich, dass ein Fachmann es entfernt und wieder montiert. Daher raten wir davon ab, mit Ihrem EasyDive-System zu fliegen. Eine Alternative ist es, das EasyDive-System vor der Reise (leer) an den Urlaubsort zu schicken und es am Zielort bef\u00fcllen zu lassen.<br \/>\n4. Welche Wartung ben\u00f6tigt EasyDive?<br \/>\nWie alle Tauchausr\u00fcstungen sollten sie nach jedem Tauchgang gr\u00fcndlich abgesp\u00fclt werden, um Salzwasser und Sand zu entfernen. Lagern Sie EasyDive mit einer minimalen Luftmenge in der Flasche. Etwa einmal im Jahr sollte der Atemregler von Ihrem \u00f6rtlichen Tauchgesch\u00e4ft gewartet werden, und alle f\u00fcnf Jahre muss die Flasche von einem Tauchgesch\u00e4ft einem professionellen Test, dem sogenannten Hydrotest, unterzogen werden.<br \/>\n5. Kann ich einen zus\u00e4tzlichen Zylinder kaufen?<br \/>\nEasyDive ist so konzipiert, dass das Flaschenventil und die 1. Stufe des Atemreglers in einem sehr kleinen und leichten Geh\u00e4use untergebracht sind, anders als bei herk\u00f6mmlichen Tauchausr\u00fcstungen. Dies bedeutet, dass Sie die Flasche nicht einfach durch eine andere volle Flasche ersetzen k\u00f6nnen.<br \/>\n6. Muss ich ein zertifizierter Taucher sein, um EasyDive zu benutzen?<br \/>\nJa, die Benutzer m\u00fcssen einen Tauchschein haben, um die richtigen Verfahren und die mit der Verwendung von Tauchausr\u00fcstung verbundenen Risiken zu verstehen.<br \/>\n7. In welcher Tiefe kann ich das EasyDive Kit verwenden?<br \/>\nEs wird empfohlen, EasyDive in weniger als 9 Metern Tiefe zu verwenden.<\/p>","protected":false},"featured_media":1424,"comment_status":"open","ping_status":"closed","template":"","meta":{"_acf_changed":false},"product_cat":[28],"product_tag":[274,275,276,277,278,279,280,281,282,283,246,284,285,286,287,288,289,290,291,292,293,294,295,168,296,297,298,299,300,301,302,303,304,305,306,307,308,309,310,311,312,313,315,316,317,318,319,320,321,322,323,324,325,326],"class_list":{"0":"post-1423","1":"product","2":"type-product","3":"status-publish","4":"has-post-thumbnail","6":"product_cat-easydive","7":"product_tag-ademautomaat","8":"product_tag-ademlucht","9":"product_tag-automaat","10":"product_tag-black","11":"product_tag-bovenwater","12":"product_tag-brand","13":"product_tag-chemical","14":"product_tag-chemie","15":"product_tag-diving","16":"product_tag-duikcilinder","17":"product_tag-duiken","18":"product_tag-duikfles","19":"product_tag-easydive","20":"product_tag-escape","21":"product_tag-geen-lucht","22":"product_tag-helikopter","23":"product_tag-in-nood","24":"product_tag-industrial","25":"product_tag-industrie","26":"product_tag-kit","27":"product_tag-levens","28":"product_tag-lives","29":"product_tag-noodmiddel","30":"product_tag-onderwater","31":"product_tag-ontsnappen","32":"product_tag-ontsnapping","33":"product_tag-ontsnappingsmiddel","34":"product_tag-original","35":"product_tag-origineel","36":"product_tag-pack","37":"product_tag-perslucht","38":"product_tag-recreatie","39":"product_tag-redden","40":"product_tag-redmiddel","41":"product_tag-regulator","42":"product_tag-rescue","43":"product_tag-reserve-lucht","44":"product_tag-rook","45":"product_tag-safe","46":"product_tag-scuba","47":"product_tag-self-reliant","48":"product_tag-smoke","49":"product_tag-snorkelen","50":"product_tag-spare-air","51":"product_tag-spareair","52":"product_tag-stikken","53":"product_tag-te-water","54":"product_tag-unit","55":"product_tag-verdrinking-tegengaan","56":"product_tag-yellow","57":"product_tag-zelfredzaam","58":"product_tag-zelfstandig","59":"product_tag-zwart","60":"product_tag-zwemmen","62":"first","63":"instock","64":"shipping-taxable","65":"product-type-simple"},"acf":[],"_links":{"self":[{"href":"https:\/\/spareair.eu\/de\/wp-json\/wp\/v2\/product\/1423","targetHints":{"allow":["GET"]}}],"collection":[{"href":"https:\/\/spareair.eu\/de\/wp-json\/wp\/v2\/product"}],"about":[{"href":"https:\/\/spareair.eu\/de\/wp-json\/wp\/v2\/types\/product"}],"replies":[{"embeddable":true,"href":"https:\/\/spareair.eu\/de\/wp-json\/wp\/v2\/comments?post=1423"}],"wp:featuredmedia":[{"embeddable":true,"href":"https:\/\/spareair.eu\/de\/wp-json\/wp\/v2\/media\/1424"}],"wp:attachment":[{"href":"https:\/\/spareair.eu\/de\/wp-json\/wp\/v2\/media?parent=1423"}],"wp:term":[{"taxonomy":"product_cat","embeddable":true,"href":"https:\/\/spareair.eu\/de\/wp-json\/wp\/v2\/product_cat?post=1423"},{"taxonomy":"product_tag","embeddable":true,"href":"https:\/\/spareair.eu\/de\/wp-json\/wp\/v2\/product_tag?post=1423"}],"curies":[{"name":"wp","href":"https:\/\/api.w.org\/{rel}","templated":true}]}}