{"id":1425,"date":"2024-04-16T15:21:28","date_gmt":"2024-04-16T13:21:28","guid":{"rendered":"https:\/\/determined-herschel.45-82-188-209.plesk.page\/?post_type=product&#038;p=1425"},"modified":"2024-04-16T15:21:28","modified_gmt":"2024-04-16T13:21:28","slug":"easydive-kit-met-snorkelator-sa700-003","status":"publish","type":"product","link":"https:\/\/spareair.eu\/de\/product\/easydive-kit-met-snorkelator-sa700-003\/","title":{"rendered":"EasyDive Kit mit Schnorchelator #SA700-003"},"content":{"rendered":"","protected":false},"excerpt":{"rendered":"<p>EasyDive Kit mit Schnorchelator<br \/>\nProdukt-Nr. SA700-003<\/p>\n<p>Das EasyDive Kit ist ein komplettes, minimalistisches Tauch- und Schnorchelsystem. Sie brauchen es nur in die Hand zu nehmen und schon sind Sie bereit f\u00fcr Ihr n\u00e4chstes Wasserabenteuer. Das Kit enth\u00e4lt den New Snorkelator - eine patentierte Technologie, die es Tauchern erm\u00f6glicht, ihren Schnorchel mit jedem Atemregler zu kombinieren. Wechseln Sie mit nur einem Mundst\u00fcck und einem Drehknopf vom Schnorchel zum Atemregler! Schnorchler sind nicht mehr nur auf das Auftauchen und schnelle Schwimmen unter Wasser beschr\u00e4nkt, sondern k\u00f6nnen auch gelegentlich tiefere Tauchg\u00e4nge machen, um die Untiefen zu erkunden, und das mit weniger Ausr\u00fcstung, als ein Volltaucher ben\u00f6tigen w\u00fcrde.<br \/>\nDas gesamte Kit wiegt nur 15 Pfund und beinhaltet Schnorchelator (Trockenschnorchel mit Schnorchelator, mit dem Sie zwischen Schnorchel- und Tauchmodus mit dem Drehknopf umschalten k\u00f6nnen) 19 Kubikfu\u00df-Flasche (gekennzeichnet mit DOT \/ TC - nicht f\u00fcr die Verwendung in EU-L\u00e4ndern oder Australien) Kundenspezifisches Gurtzeug (mit Taschen f\u00fcr optionale weiche Gewichte, gepolstert, Einheitsgr\u00f6\u00dfe f\u00fcr die meisten, kein Aufblasen) Einzigartige Tankventil-\/Erststufenregler-Kombination - die kleinste Stellfl\u00e4che und das geringste Gewicht der Welt!<br \/>\nAtemregler der 2. Stufe Mini-Manometer am Hochdruckschlauch befestigt. Adapter zum Auff\u00fcllen des Luftkompressors (F\u00fcllflasche des Hochdruck-Atemluftkompressors separat erh\u00e4ltlich oder in einem Tauchgesch\u00e4ft oder auf einem Tauchboot zu finden) GRATIS Tragetasche<br \/>\nOptionaler Zusatz: Atemger\u00e4t, h\u00e4lt das Mundst\u00fcck des Atemger\u00e4ts in der N\u00e4he. Hergestellt aus schwarzem Silikon, Umfang ist 28 \".<br \/>\nWarum ein Standard-Tauchkit kaufen, das \u00fcber 50 Pfund wiegt und viel kostet, wenn Sie das EasyDive Kit f\u00fcr nur 15 Pfund und viel weniger Geld bekommen k\u00f6nnen!<br \/>\nDas EasyDive Kit wiegt nur 1\/3 des Gewichts und kostet nur halb so viel wie ein Standard-Setup!<br \/>\nF\u00fcr wen ist das EasyDive-Kit geeignet? Jeder, der schnell ins Wasser springen m\u00f6chte. Der EasyDive bietet ca. 25 Minuten (bei 15 Fu\u00df) f\u00fcr: kurzfristigen Spa\u00df Schnorcheln \/ Flachwassertauchen \/ Unterwasserfotografie (jeder wei\u00df, dass das beste Licht f\u00fcr Fotos im flachen Wasser ist, so dass ein normaler Tauchgang Setup ist hier zu viel) Unterwasser-Jagd - ob es Muscheln, Hummer oder Igel, die EasyDive Kit ist perfekt!<\/p>\n<p>FAQ:<br \/>\n1. Wie bekomme ich mein EasyDive gef\u00fcllt?<br \/>\nBringen Sie den EasyDive zusammen mit dem mitgelieferten Nachf\u00fclladapter zu einem Tauchgesch\u00e4ft, das ihn gegen eine geringe Geb\u00fchr f\u00fcr Sie auff\u00fcllt. Tauchshops haben Hochdruckkompressoren, die saubere Atemluft pumpen. EasyDive wird mit einer DOT\/TC-gekennzeichneten Flasche geliefert und ist nicht f\u00fcr die Verwendung in EU-L\u00e4ndern vorgesehen.<br \/>\n2. Kann ich meinen EasyDive mit einem Kompressor aus dem Baumarkt bef\u00fcllen?<br \/>\nNein, EasyDive hat einen 3000 psi Tank, aber diese kleinen Kompressoren, die in Baum\u00e4rkten verkauft werden, pumpen nur etwa 125 psi. Au\u00dferdem filtern diese Kompressoren die Luft nicht, so dass sie keine Qualit\u00e4tsluft atmen.<br \/>\n3. Kann ich mit EasyDive mit einer kommerziellen Fluggesellschaft reisen?<br \/>\nDie TSA-Bestimmungen erfordern die Entfernung eines Tankventils von der Flasche, das im Falle von EasyDive professionell angebracht ist. Daher w\u00e4re es erforderlich, dass ein Fachmann es entfernt und wieder montiert. Daher raten wir davon ab, mit Ihrem EasyDive-System zu fliegen. Eine Alternative ist es, das EasyDive-System vor der Reise (leer) an den Urlaubsort zu schicken und es am Zielort bef\u00fcllen zu lassen.<br \/>\n4. Welche Wartung ben\u00f6tigt EasyDive?<br \/>\nWie alle Tauchausr\u00fcstungen sollten sie nach jedem Tauchgang gr\u00fcndlich abgesp\u00fclt werden, um Salzwasser und Sand zu entfernen. Lagern Sie EasyDive mit einer Mindestmenge an Luft in der Flasche. Der Atemregler sollte jedes Jahr von Ihrem \u00f6rtlichen Tauchgesch\u00e4ft gewartet werden, und alle 5 Jahre muss die Flasche von einem Tauchgesch\u00e4ft einem professionellen Test, dem sogenannten Hydrotest, unterzogen werden.<br \/>\n5. Kann ich einen zus\u00e4tzlichen Zylinder kaufen?<br \/>\nEasyDive ist so konzipiert, dass das Flaschenventil und die 1. Stufe des Atemreglers in einem sehr kleinen und leichten Geh\u00e4use untergebracht sind, anders als bei herk\u00f6mmlichen Tauchausr\u00fcstungen. Dies bedeutet, dass Sie die Flasche nicht einfach durch eine andere volle Flasche ersetzen k\u00f6nnen.<br \/>\n6. Muss ich ein zertifizierter Taucher sein, um EasyDive zu benutzen?<br \/>\nJa, die Benutzer m\u00fcssen einen Tauchschein haben, um die richtigen Verfahren und die mit der Verwendung von Tauchausr\u00fcstung verbundenen Risiken zu verstehen.<br \/>\n7. In welcher Tiefe kann ich das EasyDive Kit verwenden?<br \/>\nEs wird empfohlen, EasyDive in weniger als 9 Metern Tiefe zu verwenden.<\/p>","protected":false},"featured_media":1426,"comment_status":"open","ping_status":"closed","template":"","meta":{"_acf_changed":false},"product_cat":[28],"product_tag":[274,275,276,277,278,279,280,281,282,283,246,284,285,286,287,288,289,290,291,292,293,294,295,168,296,297,298,299,300,301,302,303,304,305,306,307,308,309,310,311,312,313,314,315,316,317,318,319,320,321,322,323,324,325,326],"class_list":{"0":"post-1425","1":"product","2":"type-product","3":"status-publish","4":"has-post-thumbnail","6":"product_cat-easydive","7":"product_tag-ademautomaat","8":"product_tag-ademlucht","9":"product_tag-automaat","10":"product_tag-black","11":"product_tag-bovenwater","12":"product_tag-brand","13":"product_tag-chemical","14":"product_tag-chemie","15":"product_tag-diving","16":"product_tag-duikcilinder","17":"product_tag-duiken","18":"product_tag-duikfles","19":"product_tag-easydive","20":"product_tag-escape","21":"product_tag-geen-lucht","22":"product_tag-helikopter","23":"product_tag-in-nood","24":"product_tag-industrial","25":"product_tag-industrie","26":"product_tag-kit","27":"product_tag-levens","28":"product_tag-lives","29":"product_tag-noodmiddel","30":"product_tag-onderwater","31":"product_tag-ontsnappen","32":"product_tag-ontsnapping","33":"product_tag-ontsnappingsmiddel","34":"product_tag-original","35":"product_tag-origineel","36":"product_tag-pack","37":"product_tag-perslucht","38":"product_tag-recreatie","39":"product_tag-redden","40":"product_tag-redmiddel","41":"product_tag-regulator","42":"product_tag-rescue","43":"product_tag-reserve-lucht","44":"product_tag-rook","45":"product_tag-safe","46":"product_tag-scuba","47":"product_tag-self-reliant","48":"product_tag-smoke","49":"product_tag-snorkelator","50":"product_tag-snorkelen","51":"product_tag-spare-air","52":"product_tag-spareair","53":"product_tag-stikken","54":"product_tag-te-water","55":"product_tag-unit","56":"product_tag-verdrinking-tegengaan","57":"product_tag-yellow","58":"product_tag-zelfredzaam","59":"product_tag-zelfstandig","60":"product_tag-zwart","61":"product_tag-zwemmen","63":"first","64":"instock","65":"shipping-taxable","66":"product-type-simple"},"acf":[],"_links":{"self":[{"href":"https:\/\/spareair.eu\/de\/wp-json\/wp\/v2\/product\/1425","targetHints":{"allow":["GET"]}}],"collection":[{"href":"https:\/\/spareair.eu\/de\/wp-json\/wp\/v2\/product"}],"about":[{"href":"https:\/\/spareair.eu\/de\/wp-json\/wp\/v2\/types\/product"}],"replies":[{"embeddable":true,"href":"https:\/\/spareair.eu\/de\/wp-json\/wp\/v2\/comments?post=1425"}],"wp:featuredmedia":[{"embeddable":true,"href":"https:\/\/spareair.eu\/de\/wp-json\/wp\/v2\/media\/1426"}],"wp:attachment":[{"href":"https:\/\/spareair.eu\/de\/wp-json\/wp\/v2\/media?parent=1425"}],"wp:term":[{"taxonomy":"product_cat","embeddable":true,"href":"https:\/\/spareair.eu\/de\/wp-json\/wp\/v2\/product_cat?post=1425"},{"taxonomy":"product_tag","embeddable":true,"href":"https:\/\/spareair.eu\/de\/wp-json\/wp\/v2\/product_tag?post=1425"}],"curies":[{"name":"wp","href":"https:\/\/api.w.org\/{rel}","templated":true}]}}