{"id":1466,"date":"2024-04-16T16:01:58","date_gmt":"2024-04-16T14:01:58","guid":{"rendered":"https:\/\/determined-herschel.45-82-188-209.plesk.page\/?post_type=product&#038;p=1466"},"modified":"2024-04-16T16:01:58","modified_gmt":"2024-04-16T14:01:58","slug":"neusklem-met-draagkoord-sa959","status":"publish","type":"product","link":"https:\/\/spareair.eu\/de\/product\/nasenklemme-mit-umhangeband-sa959\/","title":{"rendered":"Nasenklammer mit Umh\u00e4ngeband #SA959"},"content":{"rendered":"","protected":false},"excerpt":{"rendered":"<p>Nasenklammer mit Umh\u00e4ngeband<br \/>\nProdukt-Nr. SA959<br \/>\nDer Nasenclip verhindert das Einatmen von giftigen D\u00e4mpfen oder Rauch beim Atmen mit der Atemschutzmaske. Niedriges Profil, bequem zu tragen, einfach mit einer Hand zu befestigen. Wird am Hals der Atemschutzmaske zwischen Flasche und Atemregler angebracht. Der Nasenclip l\u00e4sst sich bei Nichtgebrauch einfach im Mundst\u00fcck verstauen. Entworfen von einem prominenten Wasserenthusiasten. Wir haben uns \u00fcberall umgesehen und festgestellt, dass es das Beste auf dem Markt ist.<\/p>","protected":false},"featured_media":1467,"comment_status":"open","ping_status":"closed","template":"","meta":{"_acf_changed":false},"product_cat":[29],"product_tag":[251,274,275,276,277,278,279,280,281,282,283,246,284,286,287,288,289,290,291,293,294,295,168,296,297,298,299,300,301,302,303,304,305,306,307,308,309,310,311,312,313,315,316,317,318,319,320,321,322,323,324,325,326],"class_list":{"0":"post-1466","1":"product","2":"type-product","3":"status-publish","4":"has-post-thumbnail","6":"product_cat-accessoires","7":"product_tag-accessoires","8":"product_tag-ademautomaat","9":"product_tag-ademlucht","10":"product_tag-automaat","11":"product_tag-black","12":"product_tag-bovenwater","13":"product_tag-brand","14":"product_tag-chemical","15":"product_tag-chemie","16":"product_tag-diving","17":"product_tag-duikcilinder","18":"product_tag-duiken","19":"product_tag-duikfles","20":"product_tag-escape","21":"product_tag-geen-lucht","22":"product_tag-helikopter","23":"product_tag-in-nood","24":"product_tag-industrial","25":"product_tag-industrie","26":"product_tag-levens","27":"product_tag-lives","28":"product_tag-noodmiddel","29":"product_tag-onderwater","30":"product_tag-ontsnappen","31":"product_tag-ontsnapping","32":"product_tag-ontsnappingsmiddel","33":"product_tag-original","34":"product_tag-origineel","35":"product_tag-pack","36":"product_tag-perslucht","37":"product_tag-recreatie","38":"product_tag-redden","39":"product_tag-redmiddel","40":"product_tag-regulator","41":"product_tag-rescue","42":"product_tag-reserve-lucht","43":"product_tag-rook","44":"product_tag-safe","45":"product_tag-scuba","46":"product_tag-self-reliant","47":"product_tag-smoke","48":"product_tag-snorkelen","49":"product_tag-spare-air","50":"product_tag-spareair","51":"product_tag-stikken","52":"product_tag-te-water","53":"product_tag-unit","54":"product_tag-verdrinking-tegengaan","55":"product_tag-yellow","56":"product_tag-zelfredzaam","57":"product_tag-zelfstandig","58":"product_tag-zwart","59":"product_tag-zwemmen","61":"first","62":"instock","63":"shipping-taxable","64":"product-type-simple"},"acf":[],"_links":{"self":[{"href":"https:\/\/spareair.eu\/de\/wp-json\/wp\/v2\/product\/1466","targetHints":{"allow":["GET"]}}],"collection":[{"href":"https:\/\/spareair.eu\/de\/wp-json\/wp\/v2\/product"}],"about":[{"href":"https:\/\/spareair.eu\/de\/wp-json\/wp\/v2\/types\/product"}],"replies":[{"embeddable":true,"href":"https:\/\/spareair.eu\/de\/wp-json\/wp\/v2\/comments?post=1466"}],"wp:featuredmedia":[{"embeddable":true,"href":"https:\/\/spareair.eu\/de\/wp-json\/wp\/v2\/media\/1467"}],"wp:attachment":[{"href":"https:\/\/spareair.eu\/de\/wp-json\/wp\/v2\/media?parent=1466"}],"wp:term":[{"taxonomy":"product_cat","embeddable":true,"href":"https:\/\/spareair.eu\/de\/wp-json\/wp\/v2\/product_cat?post=1466"},{"taxonomy":"product_tag","embeddable":true,"href":"https:\/\/spareair.eu\/de\/wp-json\/wp\/v2\/product_tag?post=1466"}],"curies":[{"name":"wp","href":"https:\/\/api.w.org\/{rel}","templated":true}]}}