{"id":1357,"date":"2024-04-16T13:56:29","date_gmt":"2024-04-16T11:56:29","guid":{"rendered":"https:\/\/determined-herschel.45-82-188-209.plesk.page\/?post_type=product&#038;p=1357"},"modified":"2024-06-14T16:41:52","modified_gmt":"2024-06-14T14:41:52","slug":"spare-air-ce-kit-300-zwart-incl-standaard-drukindicator-sa300pk-ce","status":"publish","type":"product","link":"https:\/\/spareair.eu\/es\/product\/repuesto-air-ce-kit-300-negro-incl-indicador-de-presion-standard-sa300pk-ce\/","title":{"rendered":"Kit de repuesto Air CE 300 Negro (incl. indicador de presi\u00f3n est\u00e1ndar) #SA300PK-CE"},"content":{"rendered":"","protected":false},"excerpt":{"rendered":"<p>Kit de repuesto Air CE 300 Negro (incl. indicador de presi\u00f3n est\u00e1ndar)<br \/>\nC\u00f3digo SA300PK-CE<br \/>\nLa mochila 3.0 Spare Air es nuestro modelo m\u00e1s vendido. Dise\u00f1ado para llevarte a la superficie en caso de emergencia, pero lo suficientemente peque\u00f1o como para que ni te enteres de que lo llevas. \u00a1F\u00e1cil de llevar! F\u00e1cil de transportar. F\u00e1cil de rellenar. F\u00e1cil de transferir a un compa\u00f1ero en apuros. \u00a1NO TE SUMERJAS SIN \u00c9L!<\/p>\n<p>El paquete consta de:<br \/>\nAIRE DE REPUESTO 3.0 cu.ft. Cilindro de aluminio anodizado negro<br \/>\nSA910S NAVULING ADAPTER - Llena el tanque SCUBA<br \/>\nSA973 COVERED HOLSTER - Se monta en BC961 LEASH - Evita p\u00e9rdidas<\/p>\n<p>Especificaciones del producto:<br \/>\nReferencia: 300HP<br \/>\nLongitud: 13,4 \"[34 cm]<br \/>\nDi\u00e1metro: 5,7 cm<br \/>\nPeso (completo): 0,98 kg [2,2 lbs].<br \/>\nValores de presi\u00f3n del cilindro: 3000 PSI [207 BAR].<br \/>\nVolumen del cilindro: 3 litros [85 litros]<br \/>\nMaterial del cilindro: Aluminio anodizado negro<br \/>\nAlivio de presi\u00f3n: Integrado en el regulador<br \/>\nTipo de regulador: Monof\u00e1sico equilibrado<br \/>\nTemperatura de funcionamiento: -30 \u00b0C [-22 \u00b0F] + 70 \u00b0C [158 \u00b0F].<br \/>\nDuraci\u00f3n del suministro de aire: unas 57 respiraciones en la superficie<\/p>\n<p>&nbsp;<\/p>\n<p>\u00a121 \"Afortunadas\" razones para tener un Spare-air contigo!<\/p>\n<p>\u00bfSAB\u00cdAS QUE HAY M\u00c1S DE 21 FORMAS DE QUE UN BUCEADOR SE QUEDE SIN AIRE BAJO EL AGUA?<\/p>\n<p>PREP\u00c1RESE Y EVITE PROBLEMAS LLEVANDO AIRE DE REPUESTO DURANTE LA INMERSI\u00d3N.<\/p>\n<p>Dado que en casi todos los casos se trata de un problema t\u00e9cnico en la pr\u00e1ctica, el motivo principal no figura en la lista.<\/p>\n<p>Porque llevar un Spare-air contigo ya es mucha tranquilidad para los familiares, hijos y amigos que no bucean. La idea de llevar un paraca\u00eddas de repuesto con usted bajo el agua para resurgir con seguridad si algo sucede a su suministro de aire de forma inesperada le dar\u00e1 una mayor tranquilidad cuando usted est\u00e1 bajo para estos seres queridos a su alrededor. \u00bfNo lo hace por usted? Entonces, \u00a1h\u00e1galo por ellos!<\/p>\n<p>&nbsp;<\/p>\n<ol>\n<li>Si olvidas la hora, estar\u00e1s demasiado tiempo bajo el agua.<\/li>\n<li>Consumo de aire m\u00e1s r\u00e1pido de lo previsto por exceder la profundidad, quedar atrapado en una corriente, perderse, narcosis por nitr\u00f3geno, bucear en aguas fr\u00edas, quedar atrapado en algas o sedal.<\/li>\n<li>Fallo repentino del respirador debido a corrosi\u00f3n o demasiado tiempo entre revisiones.<\/li>\n<li>Junta t\u00f3rica defectuosa en uno de los puertos del regulador de primera etapa.<\/li>\n<li>regulador atascado en \"flujo libre\" debido a contaminaci\u00f3n o arena.<\/li>\n<li>El regulador se \"congela\" en el agua fr\u00eda y, de repente, se queda sin aire.<\/li>\n<li>Man\u00f3metro atascado que indica una presi\u00f3n incorrecta en la botella de gas respirable.<\/li>\n<li>El suministro de aire respirable se bloquea desde la botella porque la v\u00e1lvula no est\u00e1 completamente abierta.<\/li>\n<li>Rotura de la junta t\u00f3rica de la botella de buceo por colocaci\u00f3n incorrecta del regulador, junta t\u00f3rica err\u00f3nea o desgaste.<\/li>\n<li>La membrana del regulador de segunda etapa presenta una grieta o se sale de su sitio.<\/li>\n<li>Junta t\u00f3rica defectuosa en el inflador del chaleco o pomo atascado en posici\u00f3n abierta.<\/li>\n<li>Disco de ruptura defectuoso en la v\u00e1lvula de la botella de inmersi\u00f3n debido a la corrosi\u00f3n o al paso del tiempo.<\/li>\n<li>Filtro obstruido en el respiradero de la primera etapa debido a sedimentos u \u00f3xido del cilindro.<\/li>\n<li>Se produce una fuga en una de las conexiones de la manguera de alta o baja presi\u00f3n.<\/li>\n<li>La boquilla de la segunda etapa se desprende repentinamente del regulador.<\/li>\n<li>Junta t\u00f3rica defectuosa en el man\u00f3metro.<\/li>\n<li>Defecto\/explosi\u00f3n de las mangueras de alta o baja presi\u00f3n.<\/li>\n<li>Junta t\u00f3rica defectuosa en el regulador Octopus.<\/li>\n<li>Dep\u00f3sito (de alquiler) no totalmente lleno. Salir a bucear sin comprobarlo.<\/li>\n<li>Da\u00f1os en la primera etapa del regulador por golpe o impacto.<\/li>\n<li>Fallo de la manguera de alta o baja presi\u00f3n debido a rocas afiladas\/obst\u00e1culos.<\/li>\n<\/ol>\n<p>&nbsp;<\/p>\n<p>(Fuente: diarios de accidentes de buceo, art\u00edculos publicados en revistas de buceo y cartas de clientes de SPARE AIR).<\/p>","protected":false},"featured_media":1347,"comment_status":"open","ping_status":"closed","template":"","meta":{"_acf_changed":false},"product_cat":[44],"product_tag":[274,275,276,277,278,279,280,281,282,283,246,284,286,287,288,289,290,291,293,294,295,168,296,297,298,299,300,301,302,303,304,305,306,307,308,309,310,311,312,313,315,316,317,318,319,320,321,322,323,324,325,326],"class_list":{"0":"post-1357","1":"product","2":"type-product","3":"status-publish","4":"has-post-thumbnail","6":"product_cat-spare-air","7":"product_tag-ademautomaat","8":"product_tag-ademlucht","9":"product_tag-automaat","10":"product_tag-black","11":"product_tag-bovenwater","12":"product_tag-brand","13":"product_tag-chemical","14":"product_tag-chemie","15":"product_tag-diving","16":"product_tag-duikcilinder","17":"product_tag-duiken","18":"product_tag-duikfles","19":"product_tag-escape","20":"product_tag-geen-lucht","21":"product_tag-helikopter","22":"product_tag-in-nood","23":"product_tag-industrial","24":"product_tag-industrie","25":"product_tag-levens","26":"product_tag-lives","27":"product_tag-noodmiddel","28":"product_tag-onderwater","29":"product_tag-ontsnappen","30":"product_tag-ontsnapping","31":"product_tag-ontsnappingsmiddel","32":"product_tag-original","33":"product_tag-origineel","34":"product_tag-pack","35":"product_tag-perslucht","36":"product_tag-recreatie","37":"product_tag-redden","38":"product_tag-redmiddel","39":"product_tag-regulator","40":"product_tag-rescue","41":"product_tag-reserve-lucht","42":"product_tag-rook","43":"product_tag-safe","44":"product_tag-scuba","45":"product_tag-self-reliant","46":"product_tag-smoke","47":"product_tag-snorkelen","48":"product_tag-spare-air","49":"product_tag-spareair","50":"product_tag-stikken","51":"product_tag-te-water","52":"product_tag-unit","53":"product_tag-verdrinking-tegengaan","54":"product_tag-yellow","55":"product_tag-zelfredzaam","56":"product_tag-zelfstandig","57":"product_tag-zwart","58":"product_tag-zwemmen","60":"first","61":"instock","62":"shipping-taxable","63":"product-type-simple"},"acf":[],"_links":{"self":[{"href":"https:\/\/spareair.eu\/es\/wp-json\/wp\/v2\/product\/1357","targetHints":{"allow":["GET"]}}],"collection":[{"href":"https:\/\/spareair.eu\/es\/wp-json\/wp\/v2\/product"}],"about":[{"href":"https:\/\/spareair.eu\/es\/wp-json\/wp\/v2\/types\/product"}],"replies":[{"embeddable":true,"href":"https:\/\/spareair.eu\/es\/wp-json\/wp\/v2\/comments?post=1357"}],"wp:featuredmedia":[{"embeddable":true,"href":"https:\/\/spareair.eu\/es\/wp-json\/wp\/v2\/media\/1347"}],"wp:attachment":[{"href":"https:\/\/spareair.eu\/es\/wp-json\/wp\/v2\/media?parent=1357"}],"wp:term":[{"taxonomy":"product_cat","embeddable":true,"href":"https:\/\/spareair.eu\/es\/wp-json\/wp\/v2\/product_cat?post=1357"},{"taxonomy":"product_tag","embeddable":true,"href":"https:\/\/spareair.eu\/es\/wp-json\/wp\/v2\/product_tag?post=1357"}],"curies":[{"name":"wp","href":"https:\/\/api.w.org\/{rel}","templated":true}]}}