{"id":1423,"date":"2024-04-16T15:15:31","date_gmt":"2024-04-16T13:15:31","guid":{"rendered":"https:\/\/determined-herschel.45-82-188-209.plesk.page\/?post_type=product&#038;p=1423"},"modified":"2024-04-16T15:31:23","modified_gmt":"2024-04-16T13:31:23","slug":"easydive-kit-geen-tank-sa700-005","status":"publish","type":"product","link":"https:\/\/spareair.eu\/es\/product\/kit-easydive-sin-botella-sa700-005\/","title":{"rendered":"Kit EasyDive (SIN TANQUE) #SA700-005"},"content":{"rendered":"","protected":false},"excerpt":{"rendered":"<p>Kit EasyDive (SIN TANQUE)<br \/>\nPruducto n\u00ba SA700-005<\/p>\n<p>El EasyDive Kit es un completo sistema minimalista de buceo y snorkel. El kit incluye el New Snorkelator, una tecnolog\u00eda patentada que permite a los buceadores combinar su tubo con cualquier regulador de buceo. Cambia de esn\u00f3rquel a regulador con el dial y una sola boquilla. Los buceadores con tubo ya no se limitan a nadar en la superficie y a nadar r\u00e1pido bajo el agua, sino que pueden realizar ocasionalmente inmersiones m\u00e1s profundas para explorar las aguas poco profundas, con menos equipo del que necesitar\u00eda un buceador completo.<\/p>\n<p>Todo el kit pesa s\u00f3lo 15 libras (con dep\u00f3sito) e incluye:<br \/>\n- Snorkelator (esn\u00f3rquel seco con Snorkelator que permite cambiar entre el modo esn\u00f3rquel y el modo inmersi\u00f3n mediante el mando giratorio)<br \/>\n- Arn\u00e9s personalizado (con bolsillos para lastres blandos opcionales, acolchado, talla \u00fanica, sin inflado)<br \/>\n- Combinaci\u00f3n \u00fanica de v\u00e1lvula de dep\u00f3sito y controlador de primera etapa: \u00a1la m\u00e1s peque\u00f1a y ligera del mundo!<br \/>\n- Controlador de 2\u00aa fase<br \/>\n- Mini man\u00f3metro conectado a la manguera de alta presi\u00f3n<br \/>\n-Adaptador para rellenar el compresor de aire (la botella de llenado de un compresor de aire respirable de alta presi\u00f3n se vende por separado o se encuentra en una tienda de buceo o en un barco de buceo).<br \/>\n-Bolsa de transporte GREE<\/p>\n<p>\u00bfPor qu\u00e9 comprar un kit de buceo est\u00e1ndar que pesa m\u00e1s de 50 libras y cuesta m\u00e1s, cuando puede comprar el kit EasyDive por s\u00f3lo 15 libras?<br \/>\nEl kit EasyDive pesa un tercio y cuesta la mitad que una configuraci\u00f3n est\u00e1ndar.<\/p>\n<p>\u00bfA qui\u00e9n va dirigido el kit EasyDive?<br \/>\n- Cualquiera que quiera saltar al agua r\u00e1pidamente.<\/p>\n<p>El EasyDive ofrece unos 25 minutos (a 15 pies) para:<br \/>\n- recuperar objetos ca\u00eddos del agua<br \/>\n- Comprobar la h\u00e9lice del barco \/ el cabo del ancla \/ realizar el mantenimiento del barco<br \/>\n- diversi\u00f3n a corto plazo practicando snorkel\/buceo en aguas poco profundas<br \/>\n- fotograf\u00eda submarina (todo el mundo sabe que la mejor luz para las fotos se encuentra en aguas poco profundas, por lo que un equipo de buceo normal es demasiado en este caso)<br \/>\n- Caza submarina: ya sean vieiras, langostas o erizos, \u00a1el kit EasyDive es perfecto!<\/p>\n<p>PREGUNTAS FRECUENTES:<br \/>\n1. \u00bfC\u00f3mo puedo rellenar mi EasyDive?<br \/>\nLleve el EasyDive junto con el adaptador de recarga incluido a una tienda de buceo y se lo rellenar\u00e1n por un precio simb\u00f3lico. Las tiendas de buceo disponen de compresores de aire de alta presi\u00f3n que bombean aire limpio para respirar. Hay un peque\u00f1o compresor de aire port\u00e1til disponible por separado.<br \/>\n2. \u00bfPuedo llenar mi EasyDive con un compresor comprado en una ferreter\u00eda?<br \/>\nNo, EasyDive tiene un dep\u00f3sito de 3000 psi, pero esos peque\u00f1os compresores que se venden en las tiendas de bricolaje s\u00f3lo bombean unos 125 psi. Adem\u00e1s, esos compresores no filtran el aire, por lo que no respira aire de calidad.<br \/>\n3. \u00bfPuedo viajar en una compa\u00f1\u00eda a\u00e9rea comercial con EasyDive?<br \/>\nLa normativa de la TSA exige la retirada de la v\u00e1lvula de la botella, que en el caso de EasyDive est\u00e1 fijada por un profesional. Por lo tanto, se necesitar\u00eda un profesional para desmontarla y volverla a montar. Por lo tanto, no recomendamos volar con su sistema EasyDive. Una alternativa es enviarlo (debe estar vac\u00edo) a su destino de vacaciones antes de su viaje y hacer que rellenen el EasyDive en su destino.<br \/>\n4. \u00bfQu\u00e9 mantenimiento necesita EasyDive?<br \/>\nComo todos los equipos de buceo, deben enjuagarse a fondo despu\u00e9s de cada inmersi\u00f3n para eliminar el agua salada y la arena. Guarde la EasyDive con una cantidad m\u00ednima de aire en la botella. Cada a\u00f1o aproximadamente, el regulador debe ser revisado por su tienda de buceo local, y cada cinco a\u00f1os la botella necesita una prueba profesional, llamada hidroprueba, realizada por una tienda de buceo.<br \/>\n5. \u00bfPuedo comprar un cilindro adicional?<br \/>\nEl dise\u00f1o de EasyDive integra la v\u00e1lvula de la botella y el regulador de buceo de primera etapa en un espacio muy peque\u00f1o y ligero, a diferencia de las configuraciones de buceo est\u00e1ndar. Esto significa que no se puede sustituir la botella por otra llena.<br \/>\n6. \u00bfNecesito ser buceador certificado para utilizar EasyDive?<br \/>\nS\u00ed, los usuarios deben tener una licencia de buceo para comprender los procedimientos adecuados y los riesgos que conlleva el uso del equipo de buceo.<br \/>\n7. \u00bfA qu\u00e9 profundidad puedo utilizar el kit EasyDive?<br \/>\nSe recomienda utilizar EasyDive a menos de 9 metros.<\/p>","protected":false},"featured_media":1424,"comment_status":"open","ping_status":"closed","template":"","meta":{"_acf_changed":false},"product_cat":[28],"product_tag":[274,275,276,277,278,279,280,281,282,283,246,284,285,286,287,288,289,290,291,292,293,294,295,168,296,297,298,299,300,301,302,303,304,305,306,307,308,309,310,311,312,313,315,316,317,318,319,320,321,322,323,324,325,326],"class_list":{"0":"post-1423","1":"product","2":"type-product","3":"status-publish","4":"has-post-thumbnail","6":"product_cat-easydive","7":"product_tag-ademautomaat","8":"product_tag-ademlucht","9":"product_tag-automaat","10":"product_tag-black","11":"product_tag-bovenwater","12":"product_tag-brand","13":"product_tag-chemical","14":"product_tag-chemie","15":"product_tag-diving","16":"product_tag-duikcilinder","17":"product_tag-duiken","18":"product_tag-duikfles","19":"product_tag-easydive","20":"product_tag-escape","21":"product_tag-geen-lucht","22":"product_tag-helikopter","23":"product_tag-in-nood","24":"product_tag-industrial","25":"product_tag-industrie","26":"product_tag-kit","27":"product_tag-levens","28":"product_tag-lives","29":"product_tag-noodmiddel","30":"product_tag-onderwater","31":"product_tag-ontsnappen","32":"product_tag-ontsnapping","33":"product_tag-ontsnappingsmiddel","34":"product_tag-original","35":"product_tag-origineel","36":"product_tag-pack","37":"product_tag-perslucht","38":"product_tag-recreatie","39":"product_tag-redden","40":"product_tag-redmiddel","41":"product_tag-regulator","42":"product_tag-rescue","43":"product_tag-reserve-lucht","44":"product_tag-rook","45":"product_tag-safe","46":"product_tag-scuba","47":"product_tag-self-reliant","48":"product_tag-smoke","49":"product_tag-snorkelen","50":"product_tag-spare-air","51":"product_tag-spareair","52":"product_tag-stikken","53":"product_tag-te-water","54":"product_tag-unit","55":"product_tag-verdrinking-tegengaan","56":"product_tag-yellow","57":"product_tag-zelfredzaam","58":"product_tag-zelfstandig","59":"product_tag-zwart","60":"product_tag-zwemmen","62":"first","63":"instock","64":"shipping-taxable","65":"product-type-simple"},"acf":[],"_links":{"self":[{"href":"https:\/\/spareair.eu\/es\/wp-json\/wp\/v2\/product\/1423","targetHints":{"allow":["GET"]}}],"collection":[{"href":"https:\/\/spareair.eu\/es\/wp-json\/wp\/v2\/product"}],"about":[{"href":"https:\/\/spareair.eu\/es\/wp-json\/wp\/v2\/types\/product"}],"replies":[{"embeddable":true,"href":"https:\/\/spareair.eu\/es\/wp-json\/wp\/v2\/comments?post=1423"}],"wp:featuredmedia":[{"embeddable":true,"href":"https:\/\/spareair.eu\/es\/wp-json\/wp\/v2\/media\/1424"}],"wp:attachment":[{"href":"https:\/\/spareair.eu\/es\/wp-json\/wp\/v2\/media?parent=1423"}],"wp:term":[{"taxonomy":"product_cat","embeddable":true,"href":"https:\/\/spareair.eu\/es\/wp-json\/wp\/v2\/product_cat?post=1423"},{"taxonomy":"product_tag","embeddable":true,"href":"https:\/\/spareair.eu\/es\/wp-json\/wp\/v2\/product_tag?post=1423"}],"curies":[{"name":"wp","href":"https:\/\/api.w.org\/{rel}","templated":true}]}}