{"id":1498,"date":"2024-04-16T16:17:17","date_gmt":"2024-04-16T14:17:17","guid":{"rendered":"https:\/\/determined-herschel.45-82-188-209.plesk.page\/?post_type=product&#038;p=1498"},"modified":"2024-04-16T16:17:17","modified_gmt":"2024-04-16T14:17:17","slug":"switlik-x-back-air-crew-zwemvest-molle-stijl-sa975","status":"publish","type":"product","link":"https:\/\/spareair.eu\/es\/product\/switlik-x-back-air-crew-chaleco-salvavidas-molle-style-sa975\/","title":{"rendered":"Chaleco salvavidas SWITLIK X-Back Air Crew (estilo MOLLE) #SA975"},"content":{"rendered":"","protected":false},"excerpt":{"rendered":"<p>Chaleco salvavidas SWITLIK X-Back Air Crew (estilo MOLLE)<br \/>\nN.\u00ba de producto SA975<br \/>\nLa unidad HEED 3 se vende por separado.<br \/>\nEl Switlik X-Back \u2122 Air Crew Vest es un chaleco de tripulaci\u00f3n ligero de nueva configuraci\u00f3n que da un gran salto adelante en comodidad y durabilidad con respecto a sus predecesores. El acertadamente llamado X-Back\u2122 cuenta con una configuraci\u00f3n \u00fanica y patentada de correas cruzadas, con un chaleco de malla transpirable estilo Molle adaptado ergon\u00f3micamente al contorno del hombro para un gran ajuste. Los accesorios se sit\u00faan en los laterales en lugar de en la secci\u00f3n central, lo que permite m\u00e1s espacio para los cinturones de hombro y cadera, para una mayor comodidad mientras se est\u00e1 sentado. Cuando se a\u00f1aden accesorios, su peso se distribuye entre los hombros y el cuello, lo que aumenta significativamente la comodidad. Se ofrece una gran variedad de accesorios en configuraci\u00f3n Molle, incluido un nuevo y elegante bolsillo con cremallera y m\u00faltiples compartimentos.<\/p>","protected":false},"featured_media":1499,"comment_status":"open","ping_status":"closed","template":"","meta":{"_acf_changed":false},"product_cat":[29],"product_tag":[251,274,275,276,277,278,279,280,281,282,283,246,284,286,287,288,289,290,291,293,294,295,168,296,297,298,299,300,301,302,303,304,305,306,307,308,309,310,311,312,313,315,316,317,318,319,320,321,322,323,324,325,326],"class_list":{"0":"post-1498","1":"product","2":"type-product","3":"status-publish","4":"has-post-thumbnail","6":"product_cat-accessoires","7":"product_tag-accessoires","8":"product_tag-ademautomaat","9":"product_tag-ademlucht","10":"product_tag-automaat","11":"product_tag-black","12":"product_tag-bovenwater","13":"product_tag-brand","14":"product_tag-chemical","15":"product_tag-chemie","16":"product_tag-diving","17":"product_tag-duikcilinder","18":"product_tag-duiken","19":"product_tag-duikfles","20":"product_tag-escape","21":"product_tag-geen-lucht","22":"product_tag-helikopter","23":"product_tag-in-nood","24":"product_tag-industrial","25":"product_tag-industrie","26":"product_tag-levens","27":"product_tag-lives","28":"product_tag-noodmiddel","29":"product_tag-onderwater","30":"product_tag-ontsnappen","31":"product_tag-ontsnapping","32":"product_tag-ontsnappingsmiddel","33":"product_tag-original","34":"product_tag-origineel","35":"product_tag-pack","36":"product_tag-perslucht","37":"product_tag-recreatie","38":"product_tag-redden","39":"product_tag-redmiddel","40":"product_tag-regulator","41":"product_tag-rescue","42":"product_tag-reserve-lucht","43":"product_tag-rook","44":"product_tag-safe","45":"product_tag-scuba","46":"product_tag-self-reliant","47":"product_tag-smoke","48":"product_tag-snorkelen","49":"product_tag-spare-air","50":"product_tag-spareair","51":"product_tag-stikken","52":"product_tag-te-water","53":"product_tag-unit","54":"product_tag-verdrinking-tegengaan","55":"product_tag-yellow","56":"product_tag-zelfredzaam","57":"product_tag-zelfstandig","58":"product_tag-zwart","59":"product_tag-zwemmen","61":"first","62":"instock","63":"shipping-taxable","64":"product-type-simple"},"acf":[],"_links":{"self":[{"href":"https:\/\/spareair.eu\/es\/wp-json\/wp\/v2\/product\/1498","targetHints":{"allow":["GET"]}}],"collection":[{"href":"https:\/\/spareair.eu\/es\/wp-json\/wp\/v2\/product"}],"about":[{"href":"https:\/\/spareair.eu\/es\/wp-json\/wp\/v2\/types\/product"}],"replies":[{"embeddable":true,"href":"https:\/\/spareair.eu\/es\/wp-json\/wp\/v2\/comments?post=1498"}],"wp:featuredmedia":[{"embeddable":true,"href":"https:\/\/spareair.eu\/es\/wp-json\/wp\/v2\/media\/1499"}],"wp:attachment":[{"href":"https:\/\/spareair.eu\/es\/wp-json\/wp\/v2\/media?parent=1498"}],"wp:term":[{"taxonomy":"product_cat","embeddable":true,"href":"https:\/\/spareair.eu\/es\/wp-json\/wp\/v2\/product_cat?post=1498"},{"taxonomy":"product_tag","embeddable":true,"href":"https:\/\/spareair.eu\/es\/wp-json\/wp\/v2\/product_tag?post=1498"}],"curies":[{"name":"wp","href":"https:\/\/api.w.org\/{rel}","templated":true}]}}