{"id":2,"date":"2024-01-18T19:36:38","date_gmt":"2024-01-18T19:36:38","guid":{"rendered":"https:\/\/eager-benz.45-82-188-209.plesk.page\/?page_id=2"},"modified":"2024-01-18T19:36:38","modified_gmt":"2024-01-18T19:36:38","slug":"sample-page","status":"publish","type":"page","link":"https:\/\/spareair.eu\/fi\/naytesivu\/","title":{"rendered":"Sample Page"},"content":{"rendered":"<p>T\u00e4m\u00e4 on esimerkkisivu. Se eroaa blogikirjoituksesta, koska se pysyy yhdess\u00e4 paikassa ja n\u00e4kyy sivuston navigoinnissa (useimmissa teemoissa). Useimmat ihmiset aloittavat Tietoja-sivulla, joka esittelee heid\u00e4t mahdollisille sivustovierailijoille. Se voi kuulua esimerkiksi n\u00e4in:<\/p>\n\n\n\n<blockquote class=\"wp-block-quote is-layout-flow wp-block-quote-is-layout-flow\"><p>Hei! Olen py\u00f6r\u00e4l\u00e4hetti p\u00e4iv\u00e4ll\u00e4, pyrkiv\u00e4 n\u00e4yttelij\u00e4 y\u00f6ll\u00e4, ja t\u00e4m\u00e4 on minun sivusto. Asun Los Angelesissa, minulla on mahtava koira nimelt\u00e4 Jack ja pid\u00e4n pi\u00f1a coladoista. (Ja sateeseen j\u00e4\u00e4misest\u00e4.)<\/p><\/blockquote>\n\n\n\n<p>...tai jotain t\u00e4llaista:<\/p>\n\n\n\n<blockquote class=\"wp-block-quote is-layout-flow wp-block-quote-is-layout-flow\"><p>XYZ Doohickey Company perustettiin vuonna 1971, ja siit\u00e4 l\u00e4htien se on tarjonnut yleis\u00f6lle laadukkaita doohickej\u00e4. Gotham Cityss\u00e4 sijaitseva XYZ ty\u00f6llist\u00e4\u00e4 yli 2 000 ihmist\u00e4 ja tekee kaikenlaisia mahtavia asioita Gotham-yhteis\u00f6n hyv\u00e4ksi.<\/p><\/blockquote>\n\n\n\n<p>Uutena WordPress-k\u00e4ytt\u00e4j\u00e4n\u00e4 sinun pit\u00e4isi menn\u00e4 osoitteeseen <a href=\"https:\/\/eager-benz.45-82-188-209.plesk.page\/wp-admin\/\">kojelautasi<\/a> voit poistaa t\u00e4m\u00e4n sivun ja luoda uusia sivuja sis\u00e4ll\u00f6llesi. Pid\u00e4 hauskaa!<\/p>","protected":false},"excerpt":{"rendered":"<p>This is an example page. It&#8217;s different from a blog post because it will stay in one place and will show up [&hellip;]<\/p>","protected":false},"author":1,"featured_media":0,"parent":0,"menu_order":0,"comment_status":"closed","ping_status":"open","template":"","meta":{"_acf_changed":false,"footnotes":""},"class_list":["post-2","page","type-page","status-publish","hentry"],"acf":[],"_links":{"self":[{"href":"https:\/\/spareair.eu\/fi\/wp-json\/wp\/v2\/pages\/2","targetHints":{"allow":["GET"]}}],"collection":[{"href":"https:\/\/spareair.eu\/fi\/wp-json\/wp\/v2\/pages"}],"about":[{"href":"https:\/\/spareair.eu\/fi\/wp-json\/wp\/v2\/types\/page"}],"author":[{"embeddable":true,"href":"https:\/\/spareair.eu\/fi\/wp-json\/wp\/v2\/users\/1"}],"replies":[{"embeddable":true,"href":"https:\/\/spareair.eu\/fi\/wp-json\/wp\/v2\/comments?post=2"}],"version-history":[{"count":0,"href":"https:\/\/spareair.eu\/fi\/wp-json\/wp\/v2\/pages\/2\/revisions"}],"wp:attachment":[{"href":"https:\/\/spareair.eu\/fi\/wp-json\/wp\/v2\/media?parent=2"}],"curies":[{"name":"wp","href":"https:\/\/api.w.org\/{rel}","templated":true}]}}