{"id":1357,"date":"2024-04-16T13:56:29","date_gmt":"2024-04-16T11:56:29","guid":{"rendered":"https:\/\/determined-herschel.45-82-188-209.plesk.page\/?post_type=product&#038;p=1357"},"modified":"2024-06-14T16:41:52","modified_gmt":"2024-06-14T14:41:52","slug":"spare-air-ce-kit-300-zwart-incl-standaard-drukindicator-sa300pk-ce","status":"publish","type":"product","link":"https:\/\/spareair.eu\/fi\/product\/vara-ilma-ce-kit-300-musta-incl-standardi-paineindikaattori-sa300pk-ce\/","title":{"rendered":"Vara-ilma CE-sarja 300 musta (sis. vakiopaineindikaattorin) #SA300PK-CE"},"content":{"rendered":"","protected":false},"excerpt":{"rendered":"<p>Vara-ilma CE-sarja 300 Musta (sis. vakiopainemittarin)<br \/>\nTuotenro SA300PK-CE<br \/>\n3.0 Spare Air pack on suosituin myyty mallimme. Se on suunniteltu viem\u00e4\u00e4n sinut pintaan h\u00e4t\u00e4tilanteessa, mutta se on tarpeeksi pieni, jotta et edes huomaa, ett\u00e4 k\u00e4yt\u00e4t sit\u00e4! Helppo matkustaa mukana! Helppo kantaa! Helppo t\u00e4ytt\u00e4\u00e4 uudelleen! Helppo siirt\u00e4\u00e4 h\u00e4d\u00e4ss\u00e4 olevalle sukeltajalle! \u00c4L\u00c4 MENE VEDEN ALLE ILMAN SIT\u00c4!<\/p>\n<p>Pakkaus sis\u00e4lt\u00e4\u00e4:<br \/>\nVARAILMA 3.0 cu.ft. Musta anodisoitu alumiinisylinteri<br \/>\nSA910S NAVULING ADAPTER - T\u00e4ytt\u00e4\u00e4 sukelluss\u00e4ili\u00f6n.<br \/>\nSA973 COVERED HOLSTER - Kiinnitet\u00e4\u00e4n BC961 LEASH - Est\u00e4\u00e4 katoamisen.<\/p>\n<p>Tuotteen tekniset tiedot:<br \/>\nOsanumero: 300HP<br \/>\nPituus: 13.4 \"[34 cm]<br \/>\nHalkaisija: 5,7 cm<br \/>\nPaino (t\u00e4ydellinen): 0,98 kg].<br \/>\nSylinterin painearvot: 3000 PSI [207 BAR].<br \/>\nSylinterin tilavuus: 3 litraa [85 litraa].<br \/>\nSylinterin materiaali: Alumiini - musta anodisoitu<br \/>\nPaineenalennus: integroitu s\u00e4\u00e4timeen<br \/>\nS\u00e4\u00e4timen tyyppi: Tasapainotettu yksivaiheinen<br \/>\nK\u00e4ytt\u00f6l\u00e4mp\u00f6tila: -22 \u00b0 F [-30 \u00b0 C]+ 158 \u00b0 F [+ 70 \u00b0 C].<br \/>\nIlmansy\u00f6t\u00f6n kesto: noin 57 hengenvetoa pinnalla.<\/p>\n<p>&nbsp;<\/p>\n<p>21 \"Onnekasta\" syyt\u00e4 pit\u00e4\u00e4 Spare-air mukanasi!<\/p>\n<p>TIESITK\u00d6, ETT\u00c4 SUKELTAJALTA VOI LOPPUA ILMA VEDEN ALLA YLI 21 ERI TAVALLA?<\/p>\n<p>OLE VARAUTUNUT JA V\u00c4LT\u00c4 ONGELMAT OTTAMALLA VARA-ILMAA MUKAAN SUKELLUKSEN AJAKSI!<\/p>\n<p>Koska l\u00e4hes kaikissa tapauksissa ongelma liittyy k\u00e4yt\u00e4nn\u00f6ss\u00e4 tekniseen ongelmaan, p\u00e4\u00e4syy ei ole lueteltu.<\/p>\n<p>Koska vara-ilman ottaminen mukaan on jo paljon mielenrauhaa sukeltamattomille perheenj\u00e4senille, lapsille ja yst\u00e4ville. Ajatus varavarjon ottamisesta mukaasi veden alle, jotta voit nousta turvallisesti takaisin pinnalle, jos ilmansy\u00f6t\u00f6lle tapahtuu jotain yll\u00e4tt\u00e4en, antaa paremman mielenrauhan, kun olet veden alla, n\u00e4ille l\u00e4heisillesi ymp\u00e4rill\u00e4si. Etk\u00f6 tee sit\u00e4 itse\u00e4si varten? Tee se sitten heid\u00e4n vuokseen!<\/p>\n<p>&nbsp;<\/p>\n<ol>\n<li>Unohdat ajan ja olet veden alla liian kauan.<\/li>\n<li>Suunniteltua nopeampi ilmankulutus, joka johtuu syvyyden ylitt\u00e4misest\u00e4, virtaukseen joutumisesta, eksymisest\u00e4, typpinarkoosista, sukeltamisesta kylm\u00e4\u00e4n veteen, j\u00e4\u00e4misest\u00e4 kiinni merilev\u00e4\u00e4n tai kalastussiimaan.<\/li>\n<li>\u00c4killinen hengityssuojaimen vikaantuminen korroosion tai liian pitk\u00e4n huoltov\u00e4lin vuoksi.<\/li>\n<li>O-rengas viallinen yhdess\u00e4 ensimm\u00e4isen vaiheen s\u00e4\u00e4timen portissa.<\/li>\n<li>S\u00e4\u00e4din on juuttunut \"vapaaseen virtaukseen\" likaantumisen tai hiekan vuoksi.<\/li>\n<li>S\u00e4\u00e4din \"j\u00e4\u00e4tyy\" kylm\u00e4ss\u00e4 vedess\u00e4, jolloin et saa yht\u00e4kki\u00e4 ilmaa.<\/li>\n<li>Jumissa oleva painemittari n\u00e4ytt\u00e4\u00e4 v\u00e4\u00e4r\u00e4\u00e4 painetta hengityskaasupullossa.<\/li>\n<li>Hengitysilman sy\u00f6tt\u00f6 pullosta estyy, koska venttiili ei ole t\u00e4ysin auki.<\/li>\n<li>Sukellussylinterin O-rengas on rikkoutunut, koska s\u00e4\u00e4din on sijoitettu v\u00e4\u00e4rin, O-rengas on v\u00e4\u00e4r\u00e4 tai se on kulunut.<\/li>\n<li>Toisen vaiheen s\u00e4\u00e4timen kalvossa on halkeama tai se liukuu pois paikaltaan.<\/li>\n<li>O-rengas viallinen BCD-t\u00e4yttimess\u00e4 tai nuppi jumissa auki-asennossa.<\/li>\n<li>Korroosiosta tai i\u00e4st\u00e4 johtuva viallinen rikkoutumislevy sukelluspullon venttiiliss\u00e4.<\/li>\n<li>Ensimm\u00e4isen vaiheen huohottimen suodatin on tukkeutunut sylinterist\u00e4 per\u00e4isin olevan sedimentin tai ruosteen vuoksi.<\/li>\n<li>Vuoto ilmenee jossakin korkea- tai matalapaineletkun liit\u00e4nn\u00e4ss\u00e4.<\/li>\n<li>Toisen vaiheen suukappale irtoaa yht\u00e4kki\u00e4 s\u00e4\u00e4timest\u00e4.<\/li>\n<li>Viallinen O-rengas painemittarissa.<\/li>\n<li>Korkea- tai matalapaineletkujen vikaantuminen\/ puhkeaminen.<\/li>\n<li>Octopus-s\u00e4\u00e4timen O-rengas viallinen.<\/li>\n<li>(Vuokraus) s\u00e4ili\u00f6 ei ole t\u00e4ysin t\u00e4ynn\u00e4. Sukelletaan tarkistamatta.<\/li>\n<li>S\u00e4\u00e4timen ensimm\u00e4isen vaiheen vaurioituminen kolhun tai iskun seurauksena.<\/li>\n<li>Korkea- tai matalapaineletku pett\u00e4\u00e4 ter\u00e4vien kivien\/esteiden vuoksi.<\/li>\n<\/ol>\n<p>&nbsp;<\/p>\n<p>(L\u00e4hde: sukellusonnettomuusp\u00e4iv\u00e4kirjat, sukelluslehdiss\u00e4 julkaistut artikkelit ja SPARE AIR -asiakkaiden kirjeet).<\/p>","protected":false},"featured_media":1347,"comment_status":"open","ping_status":"closed","template":"","meta":{"_acf_changed":false},"product_cat":[44],"product_tag":[274,275,276,277,278,279,280,281,282,283,246,284,286,287,288,289,290,291,293,294,295,168,296,297,298,299,300,301,302,303,304,305,306,307,308,309,310,311,312,313,315,316,317,318,319,320,321,322,323,324,325,326],"class_list":{"0":"post-1357","1":"product","2":"type-product","3":"status-publish","4":"has-post-thumbnail","6":"product_cat-spare-air","7":"product_tag-ademautomaat","8":"product_tag-ademlucht","9":"product_tag-automaat","10":"product_tag-black","11":"product_tag-bovenwater","12":"product_tag-brand","13":"product_tag-chemical","14":"product_tag-chemie","15":"product_tag-diving","16":"product_tag-duikcilinder","17":"product_tag-duiken","18":"product_tag-duikfles","19":"product_tag-escape","20":"product_tag-geen-lucht","21":"product_tag-helikopter","22":"product_tag-in-nood","23":"product_tag-industrial","24":"product_tag-industrie","25":"product_tag-levens","26":"product_tag-lives","27":"product_tag-noodmiddel","28":"product_tag-onderwater","29":"product_tag-ontsnappen","30":"product_tag-ontsnapping","31":"product_tag-ontsnappingsmiddel","32":"product_tag-original","33":"product_tag-origineel","34":"product_tag-pack","35":"product_tag-perslucht","36":"product_tag-recreatie","37":"product_tag-redden","38":"product_tag-redmiddel","39":"product_tag-regulator","40":"product_tag-rescue","41":"product_tag-reserve-lucht","42":"product_tag-rook","43":"product_tag-safe","44":"product_tag-scuba","45":"product_tag-self-reliant","46":"product_tag-smoke","47":"product_tag-snorkelen","48":"product_tag-spare-air","49":"product_tag-spareair","50":"product_tag-stikken","51":"product_tag-te-water","52":"product_tag-unit","53":"product_tag-verdrinking-tegengaan","54":"product_tag-yellow","55":"product_tag-zelfredzaam","56":"product_tag-zelfstandig","57":"product_tag-zwart","58":"product_tag-zwemmen","60":"first","61":"instock","62":"shipping-taxable","63":"product-type-simple"},"acf":[],"_links":{"self":[{"href":"https:\/\/spareair.eu\/fi\/wp-json\/wp\/v2\/product\/1357","targetHints":{"allow":["GET"]}}],"collection":[{"href":"https:\/\/spareair.eu\/fi\/wp-json\/wp\/v2\/product"}],"about":[{"href":"https:\/\/spareair.eu\/fi\/wp-json\/wp\/v2\/types\/product"}],"replies":[{"embeddable":true,"href":"https:\/\/spareair.eu\/fi\/wp-json\/wp\/v2\/comments?post=1357"}],"wp:featuredmedia":[{"embeddable":true,"href":"https:\/\/spareair.eu\/fi\/wp-json\/wp\/v2\/media\/1347"}],"wp:attachment":[{"href":"https:\/\/spareair.eu\/fi\/wp-json\/wp\/v2\/media?parent=1357"}],"wp:term":[{"taxonomy":"product_cat","embeddable":true,"href":"https:\/\/spareair.eu\/fi\/wp-json\/wp\/v2\/product_cat?post=1357"},{"taxonomy":"product_tag","embeddable":true,"href":"https:\/\/spareair.eu\/fi\/wp-json\/wp\/v2\/product_tag?post=1357"}],"curies":[{"name":"wp","href":"https:\/\/api.w.org\/{rel}","templated":true}]}}