{"id":1419,"date":"2024-04-16T15:11:30","date_gmt":"2024-04-16T13:11:30","guid":{"rendered":"https:\/\/determined-herschel.45-82-188-209.plesk.page\/?post_type=product&#038;p=1419"},"modified":"2024-04-16T15:29:37","modified_gmt":"2024-04-16T13:29:37","slug":"spare-air-xtreme-watersport-1-7-cu-ft-cylinder-sa170pkx","status":"publish","type":"product","link":"https:\/\/spareair.eu\/fi\/product\/vara-ilma-aari-vesiurheilu-1-7-cu-ft-sylinteri-sa170pkx\/","title":{"rendered":"Spare Air Xtreme Watersport 1.7 cu.ft. Sylinteri #SA170PKX"},"content":{"rendered":"","protected":false},"excerpt":{"rendered":"<p>Spare Air Xtreme Watersport 1.7 cu.ft. Cylinder<br \/>\nTuotenro SA170PKX<\/p>\n<p>Spare Air Xtreme Dual Sport -paketti sis\u00e4lt\u00e4\u00e4:<br \/>\nSuurinta Spare Air Xtreme -kokoa - 1,7 kuutiometrin mallia voidaan k\u00e4ytt\u00e4\u00e4 useissa vesiurheilulajeissa, kuten sukelluksessa. Dual Sport Xtreme tarjoaa enemm\u00e4n hengitystilavuuksia kuin pienin Xtreme-mallimme, ja se on valmiina, kun tarvitset sit\u00e4, olipa vesiurheilulajisi mik\u00e4 tahansa. Tehokas sukelluss\u00e4\u00e4din, jossa on DOT-testattu alumiinisylinteri 3000 psi:n paineella (noin 32 hengenvetoa pinnalla). Sis\u00e4lt\u00e4\u00e4 mustat neopreeniliivit, jotka s\u00e4ilytt\u00e4v\u00e4t Spare Air Xtreme -yksik\u00f6n rintakeh\u00e4ll\u00e4si k\u00e4det vapaana hengitt\u00e4mist\u00e4 varten! Yksi koko sopii useimmille - t\u00e4ysin s\u00e4\u00e4dett\u00e4viss\u00e4.<br \/>\nHuomautus: yksik\u00f6t toimitetaan tyhjin\u00e4. K\u00e4yt\u00e4 SA920C-ilmakompressorin t\u00e4ytt\u00f6adapteria (myyd\u00e4\u00e4n erikseen) t\u00e4ytt\u00f6\u00f6n hengitysilmakompressorilla tai SA910S SCUBA-s\u00e4ili\u00f6n t\u00e4ytt\u00f6adapteria (myyd\u00e4\u00e4n erikseen) t\u00e4ytt\u00f6\u00f6n mist\u00e4 tahansa t\u00e4ydest\u00e4 3000 psi:n SCUBA-s\u00e4ili\u00f6st\u00e4.<br \/>\nTuotteen tekniset tiedot:<br \/>\nOsanumero: 170PKX<br \/>\nPituus: 22 cm<br \/>\nHalkaisija: 5,7 cm<br \/>\nPaino (t\u00e4ysi): 0,68 kg].<br \/>\nSylinterin painearvot: 3000 PSI [207 BAR].<br \/>\nSylinterin tilavuus: 1,7 cu ft [48 litraa].<br \/>\nSylinterin materiaali: Alumiini - musta anodisoitu<br \/>\nPaineenalennus: integroitu s\u00e4\u00e4timeen<br \/>\nS\u00e4\u00e4timen tyyppi: Tasapainotettu yksivaiheinen<br \/>\nK\u00e4ytt\u00f6l\u00e4mp\u00f6tila: -22 \u00b0 F [-30 \u00b0 C]+ 158 \u00b0 F [+ 70 \u00b0 C].<br \/>\nIlmansy\u00f6t\u00f6n kesto: Noin 32 hengenvetoa pinnalla.<\/p>","protected":false},"featured_media":1420,"comment_status":"open","ping_status":"closed","template":"","meta":{"_acf_changed":false},"product_cat":[142],"product_tag":[274,275,276,277,278,279,280,281,282,283,246,284,286,287,288,289,290,291,293,294,295,168,296,297,298,299,300,301,302,303,304,305,306,307,308,309,310,311,312,313,315,316,317,318,319,320,321,329,322,323,324,325,326],"class_list":{"0":"post-1419","1":"product","2":"type-product","3":"status-publish","4":"has-post-thumbnail","6":"product_cat-xtreme-sport","7":"product_tag-ademautomaat","8":"product_tag-ademlucht","9":"product_tag-automaat","10":"product_tag-black","11":"product_tag-bovenwater","12":"product_tag-brand","13":"product_tag-chemical","14":"product_tag-chemie","15":"product_tag-diving","16":"product_tag-duikcilinder","17":"product_tag-duiken","18":"product_tag-duikfles","19":"product_tag-escape","20":"product_tag-geen-lucht","21":"product_tag-helikopter","22":"product_tag-in-nood","23":"product_tag-industrial","24":"product_tag-industrie","25":"product_tag-levens","26":"product_tag-lives","27":"product_tag-noodmiddel","28":"product_tag-onderwater","29":"product_tag-ontsnappen","30":"product_tag-ontsnapping","31":"product_tag-ontsnappingsmiddel","32":"product_tag-original","33":"product_tag-origineel","34":"product_tag-pack","35":"product_tag-perslucht","36":"product_tag-recreatie","37":"product_tag-redden","38":"product_tag-redmiddel","39":"product_tag-regulator","40":"product_tag-rescue","41":"product_tag-reserve-lucht","42":"product_tag-rook","43":"product_tag-safe","44":"product_tag-scuba","45":"product_tag-self-reliant","46":"product_tag-smoke","47":"product_tag-snorkelen","48":"product_tag-spare-air","49":"product_tag-spareair","50":"product_tag-stikken","51":"product_tag-te-water","52":"product_tag-unit","53":"product_tag-verdrinking-tegengaan","54":"product_tag-xtreme-sport","55":"product_tag-yellow","56":"product_tag-zelfredzaam","57":"product_tag-zelfstandig","58":"product_tag-zwart","59":"product_tag-zwemmen","61":"first","62":"instock","63":"shipping-taxable","64":"product-type-simple"},"acf":[],"_links":{"self":[{"href":"https:\/\/spareair.eu\/fi\/wp-json\/wp\/v2\/product\/1419","targetHints":{"allow":["GET"]}}],"collection":[{"href":"https:\/\/spareair.eu\/fi\/wp-json\/wp\/v2\/product"}],"about":[{"href":"https:\/\/spareair.eu\/fi\/wp-json\/wp\/v2\/types\/product"}],"replies":[{"embeddable":true,"href":"https:\/\/spareair.eu\/fi\/wp-json\/wp\/v2\/comments?post=1419"}],"wp:featuredmedia":[{"embeddable":true,"href":"https:\/\/spareair.eu\/fi\/wp-json\/wp\/v2\/media\/1420"}],"wp:attachment":[{"href":"https:\/\/spareair.eu\/fi\/wp-json\/wp\/v2\/media?parent=1419"}],"wp:term":[{"taxonomy":"product_cat","embeddable":true,"href":"https:\/\/spareair.eu\/fi\/wp-json\/wp\/v2\/product_cat?post=1419"},{"taxonomy":"product_tag","embeddable":true,"href":"https:\/\/spareair.eu\/fi\/wp-json\/wp\/v2\/product_tag?post=1419"}],"curies":[{"name":"wp","href":"https:\/\/api.w.org\/{rel}","templated":true}]}}