{"id":1423,"date":"2024-04-16T15:15:31","date_gmt":"2024-04-16T13:15:31","guid":{"rendered":"https:\/\/determined-herschel.45-82-188-209.plesk.page\/?post_type=product&#038;p=1423"},"modified":"2024-04-16T15:31:23","modified_gmt":"2024-04-16T13:31:23","slug":"easydive-kit-geen-tank-sa700-005","status":"publish","type":"product","link":"https:\/\/spareair.eu\/fi\/product\/helpposukellussarja-ilman-sailiota-sa700-005\/","title":{"rendered":"EasyDive-sarja (ilman s\u00e4ili\u00f6t\u00e4) #SA700-005"},"content":{"rendered":"","protected":false},"excerpt":{"rendered":"<p>EasyDive Kit (NO TANK)<br \/>\nPruduct nro SA700-005<\/p>\n<p>EasyDive Kit on t\u00e4ydellinen minimalistinen sukellus- ja snorklausj\u00e4rjestelm\u00e4. Pakkaus sis\u00e4lt\u00e4\u00e4 New Snorkelator - patentoidun teknologian, jonka avulla sukeltajat voivat yhdist\u00e4\u00e4 snorkkelinsa mihin tahansa sukelluss\u00e4\u00e4timeen. Vaihda snorkkelista regulaattoriin valitsimella ja vain yhdell\u00e4 suukappaleella! Snorklaajat eiv\u00e4t en\u00e4\u00e4 rajoitu vain pintaan ja nopeisiin vedenalaisiin uinteihin, vaan he voivat tehd\u00e4 satunnaisia syvempi\u00e4 sukelluksia mataliin vesiin v\u00e4hemmill\u00e4 varusteilla kuin sukeltaja tarvitsisi.<\/p>\n<p>Koko sarja painaa vain 15 kiloa (s\u00e4ili\u00f6n kanssa) ja sis\u00e4lt\u00e4\u00e4:<br \/>\n- Snorkelator (kuiva snorkkeli Snorkelatorilla, jonka avulla voit vaihtaa snorkkelitilan ja sukellustilan v\u00e4lill\u00e4 kiertos\u00e4\u00e4timell\u00e4).<br \/>\n- Mukautetut valjaat (taskut valinnaisille pehmeille painoille, pehmustettu, yksi koko sopii useimmille, ei inflaatiota).<br \/>\n- Ainutlaatuinen s\u00e4ili\u00f6venttiilin ja ensimm\u00e4isen vaiheen ohjaimen yhdistelm\u00e4 - maailman pienin tilantarve ja pienin paino!<br \/>\n- 2. vaiheen ohjain<br \/>\n- Korkeapaineletkuun kiinnitetty minipainemittari<br \/>\n-Adapteri ilmakompressorin t\u00e4ytt\u00f6\u00e4 varten (korkeapaineisen hengitysilmakompressorin t\u00e4ytt\u00f6sylinteri myyd\u00e4\u00e4n erikseen tai se l\u00f6ytyy sukellusliikkeest\u00e4 tai sukellusveneest\u00e4).<br \/>\n-GREE-kantolaukku<\/p>\n<p>Miksi ostaa tavallinen sukellussarja, joka painaa yli 50 kiloa ja maksaa enemm\u00e4n, kun voit ostaa EasyDive-sarjan vain 15 kilolla!<br \/>\nEasyDive-sarja on 1\/3 painavampi ja noin puolet halvempi kuin tavallinen sarja!<\/p>\n<p>Kenelle EasyDive-pakkaus on tarkoitettu?<br \/>\n- Kuka tahansa, joka haluaa hyp\u00e4t\u00e4 nopeasti veteen.<\/p>\n<p>EasyDive tarjoaa noin 25 minuuttia (15 jalassa):<br \/>\n- hakea vedest\u00e4 pudonneita esineit\u00e4<br \/>\n- tarkista veneen potkuri \/ ankkurik\u00f6ysi \/ suorita veneen huolto<br \/>\n- lyhytaikaista hauskaa snorklausta\/sukellusta matalassa vedess\u00e4.<br \/>\n- vedenalainen valokuvaus (kaikki tiet\u00e4v\u00e4t, ett\u00e4 paras valo valokuville on matalassa vedess\u00e4, joten normaali sukellusasetus on liikaa t\u00e4ss\u00e4 tapauksessa).<br \/>\n- Vedenalainen mets\u00e4stys - olipa kyseess\u00e4 kampasimpukat, hummerit tai siilit, EasyDive-sarja on t\u00e4ydellinen!<\/p>\n<p>FAQ:<br \/>\n1. Miten saan EasyDiven t\u00e4ytetty\u00e4?<br \/>\nVie EasyDive yhdess\u00e4 mukana tulevan t\u00e4ytt\u00f6adapterin kanssa sukellusliikkeeseen, joka t\u00e4ytt\u00e4\u00e4 sen puolestasi nimellist\u00e4 maksua vastaan. Sukellusliikkeiss\u00e4 on korkeapaineilmakompressorit, jotka pumppaavat puhdasta hengitysilmaa. Pieni, kannettava ilmakompressori on saatavana erikseen.<br \/>\n2. Voinko t\u00e4ytt\u00e4\u00e4 EasyDiveni rautakaupasta ostetulla kompressorilla?<br \/>\nEi, EasyDivessa on 3000 psi:n s\u00e4ili\u00f6, mutta ne pienet kompressorit, joita myyd\u00e4\u00e4n rautakaupoissa, pumppaavat vain noin 125 psi:t\u00e4. Lis\u00e4ksi nuo kompressorit eiv\u00e4t suodata ilmaa, joten se ei hengit\u00e4 laadukasta ilmaa.<br \/>\n3. Voinko matkustaa kaupallisella lentoyhti\u00f6ll\u00e4 EasyDiven kanssa?<br \/>\nTSA-m\u00e4\u00e4r\u00e4ykset edellytt\u00e4v\u00e4t s\u00e4ili\u00f6n venttiilin poistamista kaasupullosta, joka EasyDiven tapauksessa on kiinnitetty ammattimaisesti. Siksi sen irrottaminen ja asentaminen takaisin paikalleen vaatisi ammattilaisen. Siksi emme suosittele lent\u00e4mist\u00e4 EasyDive-j\u00e4rjestelm\u00e4n kanssa. Vaihtoehtona on l\u00e4hett\u00e4\u00e4 se (sen on oltava tyhj\u00e4) lomakohteeseen ennen matkaa ja t\u00e4ytt\u00e4\u00e4 EasyDive kohteessa.<br \/>\n4. Mit\u00e4 huoltoa EasyDive tarvitsee?<br \/>\nKuten kaikki sukellusvarusteet, ne on huuhdeltava huolellisesti jokaisen sukelluksen j\u00e4lkeen suolaveden ja hiekan poistamiseksi. S\u00e4ilyt\u00e4 EasyDivea siten, ett\u00e4 kaasupullossa on mahdollisimman v\u00e4h\u00e4n ilmaa. Paikallisen sukellusliikkeen on huollettava s\u00e4\u00e4din noin vuoden v\u00e4lein, ja viiden vuoden v\u00e4lein sylinteri on testattava ammattilaisella, niin sanotulla hydrotestill\u00e4, joka tehd\u00e4\u00e4n sukellusliikkeess\u00e4.<br \/>\n5. Voinko ostaa ylim\u00e4\u00e4r\u00e4isen sylinterin?<br \/>\nEasyDive on suunniteltu siten, ett\u00e4 s\u00e4ili\u00f6venttiili ja 1. vaiheen sukelluss\u00e4\u00e4din on integroitu hyvin pieneen ja kevyeen tilaan, toisin kuin tavalliset sukellusasennukset. T\u00e4m\u00e4 tarkoittaa, ett\u00e4 et voi yksinkertaisesti korvata kaasupulloa toisella t\u00e4ydell\u00e4 kaasupullolla.<br \/>\n6. Pit\u00e4\u00e4k\u00f6 minun olla sertifioitu sukeltaja voidakseni k\u00e4ytt\u00e4\u00e4 EasyDivea?<br \/>\nKyll\u00e4, k\u00e4ytt\u00e4jill\u00e4 on oltava sukelluslupa, jotta he ymm\u00e4rt\u00e4v\u00e4t asianmukaiset menettelyt ja sukelluslaitteiden k\u00e4ytt\u00f6\u00f6n liittyv\u00e4t riskit.<br \/>\n7. Miss\u00e4 syvyydess\u00e4 voin k\u00e4ytt\u00e4\u00e4 EasyDive-sarjaa?<br \/>\nEasyDivea suositellaan k\u00e4ytett\u00e4v\u00e4ksi alle 9 metrin syvyydess\u00e4.<\/p>","protected":false},"featured_media":1424,"comment_status":"open","ping_status":"closed","template":"","meta":{"_acf_changed":false},"product_cat":[28],"product_tag":[274,275,276,277,278,279,280,281,282,283,246,284,285,286,287,288,289,290,291,292,293,294,295,168,296,297,298,299,300,301,302,303,304,305,306,307,308,309,310,311,312,313,315,316,317,318,319,320,321,322,323,324,325,326],"class_list":{"0":"post-1423","1":"product","2":"type-product","3":"status-publish","4":"has-post-thumbnail","6":"product_cat-easydive","7":"product_tag-ademautomaat","8":"product_tag-ademlucht","9":"product_tag-automaat","10":"product_tag-black","11":"product_tag-bovenwater","12":"product_tag-brand","13":"product_tag-chemical","14":"product_tag-chemie","15":"product_tag-diving","16":"product_tag-duikcilinder","17":"product_tag-duiken","18":"product_tag-duikfles","19":"product_tag-easydive","20":"product_tag-escape","21":"product_tag-geen-lucht","22":"product_tag-helikopter","23":"product_tag-in-nood","24":"product_tag-industrial","25":"product_tag-industrie","26":"product_tag-kit","27":"product_tag-levens","28":"product_tag-lives","29":"product_tag-noodmiddel","30":"product_tag-onderwater","31":"product_tag-ontsnappen","32":"product_tag-ontsnapping","33":"product_tag-ontsnappingsmiddel","34":"product_tag-original","35":"product_tag-origineel","36":"product_tag-pack","37":"product_tag-perslucht","38":"product_tag-recreatie","39":"product_tag-redden","40":"product_tag-redmiddel","41":"product_tag-regulator","42":"product_tag-rescue","43":"product_tag-reserve-lucht","44":"product_tag-rook","45":"product_tag-safe","46":"product_tag-scuba","47":"product_tag-self-reliant","48":"product_tag-smoke","49":"product_tag-snorkelen","50":"product_tag-spare-air","51":"product_tag-spareair","52":"product_tag-stikken","53":"product_tag-te-water","54":"product_tag-unit","55":"product_tag-verdrinking-tegengaan","56":"product_tag-yellow","57":"product_tag-zelfredzaam","58":"product_tag-zelfstandig","59":"product_tag-zwart","60":"product_tag-zwemmen","62":"first","63":"instock","64":"shipping-taxable","65":"product-type-simple"},"acf":[],"_links":{"self":[{"href":"https:\/\/spareair.eu\/fi\/wp-json\/wp\/v2\/product\/1423","targetHints":{"allow":["GET"]}}],"collection":[{"href":"https:\/\/spareair.eu\/fi\/wp-json\/wp\/v2\/product"}],"about":[{"href":"https:\/\/spareair.eu\/fi\/wp-json\/wp\/v2\/types\/product"}],"replies":[{"embeddable":true,"href":"https:\/\/spareair.eu\/fi\/wp-json\/wp\/v2\/comments?post=1423"}],"wp:featuredmedia":[{"embeddable":true,"href":"https:\/\/spareair.eu\/fi\/wp-json\/wp\/v2\/media\/1424"}],"wp:attachment":[{"href":"https:\/\/spareair.eu\/fi\/wp-json\/wp\/v2\/media?parent=1423"}],"wp:term":[{"taxonomy":"product_cat","embeddable":true,"href":"https:\/\/spareair.eu\/fi\/wp-json\/wp\/v2\/product_cat?post=1423"},{"taxonomy":"product_tag","embeddable":true,"href":"https:\/\/spareair.eu\/fi\/wp-json\/wp\/v2\/product_tag?post=1423"}],"curies":[{"name":"wp","href":"https:\/\/api.w.org\/{rel}","templated":true}]}}