{"id":1357,"date":"2024-04-16T13:56:29","date_gmt":"2024-04-16T11:56:29","guid":{"rendered":"https:\/\/determined-herschel.45-82-188-209.plesk.page\/?post_type=product&#038;p=1357"},"modified":"2024-06-14T16:41:52","modified_gmt":"2024-06-14T14:41:52","slug":"spare-air-ce-kit-300-zwart-incl-standaard-drukindicator-sa300pk-ce","status":"publish","type":"product","link":"https:\/\/spareair.eu\/fr\/product\/spare-air-ce-kit-300-noir-incl-indicateur-de-pression-standard-sa300pk-ce\/","title":{"rendered":"Kit de rechange Air CE 300 noir (avec indicateur de pression standard) #SA300PK-CE"},"content":{"rendered":"","protected":false},"excerpt":{"rendered":"<p>Kit Air CE de rechange 300 Noir (avec indicateur de pression standard)<br \/>\nNum\u00e9ro de produit : SA300PK-CE<br \/>\nLe 3.0 Spare Air pack est notre mod\u00e8le le plus vendu. Con\u00e7u pour vous permettre de remonter \u00e0 la surface en cas d'urgence, il est suffisamment petit pour que vous ne vous rendiez m\u00eame pas compte que vous le portez ! Facile \u00e0 transporter ! Facile \u00e0 transporter ! Facile \u00e0 recharger ! Facile \u00e0 transf\u00e9rer \u00e0 un autre plongeur en difficult\u00e9 ! NE PLONGEZ PAS SANS LUI !<\/p>\n<p>Le paquet comprend :<br \/>\nAIR DE RECHANGE 3.0 cu.ft. Cylindre en aluminium anodis\u00e9 noir<br \/>\nSA910S NAVULING ADAPTER - Remplit le r\u00e9servoir SCUBA<br \/>\nSA973 COVERED HOLSTER - Se monte sur BC961 LEASH - Evite les pertes<\/p>\n<p>Sp\u00e9cifications du produit :<br \/>\nNum\u00e9ro de pi\u00e8ce : 300HP<br \/>\nLongueur : 13.4 \" [34 cm]<br \/>\nDiam\u00e8tre : 5,7 cm<br \/>\nPoids (complet) : 0,98 kg [2,2 lbs].<br \/>\nValeurs de pression de la bouteille : 3000 PSI [207 BAR].<br \/>\nVolume des cylindres : 3 litres [85 litres].<br \/>\nMat\u00e9riau du cylindre : Aluminium - anodis\u00e9 noir<br \/>\nLimitation de pression : int\u00e9gr\u00e9e au r\u00e9gulateur<br \/>\nType de r\u00e9gulateur : \u00e9quilibr\u00e9 \u00e0 un \u00e9tage<br \/>\nTemp\u00e9rature de fonctionnement : -22 \u00b0 F [-30 \u00b0 C] + 158 \u00b0 F [+ 70 \u00b0 C].<br \/>\nDur\u00e9e de l'alimentation en air : environ 57 respirations en surface<\/p>\n<p>&nbsp;<\/p>\n<p>21 raisons \"chanceuses\" d'avoir un Spare-air avec soi !<\/p>\n<p>SAVIEZ-VOUS QU'IL Y A PLUS DE 21 FA\u00c7ONS POUR UN PLONGEUR DE MANQUER D'AIR SOUS L'EAU ?<\/p>\n<p>SOYEZ PR\u00c9PAR\u00c9 ET \u00c9VITEZ LES PROBL\u00c8MES EN EMPORTANT DE L'AIR DE R\u00c9SERVE LORS DE VOTRE PLONG\u00c9E !<\/p>\n<p>Dans la mesure o\u00f9, dans la plupart des cas, un probl\u00e8me est techniquement li\u00e9 \u00e0 la pratique, la raison principale n'est pas mentionn\u00e9e.<\/p>\n<p>Parce que prendre un parachute de secours avec soi est d\u00e9j\u00e0 une tranquillit\u00e9 d'esprit pour la famille, les enfants et les amis qui ne plongent pas. L'id\u00e9e d'emporter un parachute de secours sous l'eau pour refaire surface en toute s\u00e9curit\u00e9 si quelque chose arrive \u00e0 votre r\u00e9serve d'air de fa\u00e7on inattendue, vous donnera une plus grande tranquillit\u00e9 d'esprit lorsque vous \u00eates sous l'eau pour les personnes qui vous sont ch\u00e8res. Vous ne le faites pas pour vous ? Alors faites-le pour eux !<\/p>\n<p>&nbsp;<\/p>\n<ol>\n<li>En oubliant l'heure, vous restez trop longtemps sous l'eau.<\/li>\n<li>Consommation d'air plus rapide que pr\u00e9vu en raison d'un d\u00e9passement de la profondeur, d'une prise dans un courant, d'un \u00e9garement, d'une narcose \u00e0 l'azote, d'une plong\u00e9e en eau froide, d'une prise dans un varech ou un fil de p\u00eache.<\/li>\n<li>D\u00e9faillance soudaine du respirateur due \u00e0 la corrosion ou \u00e0 un intervalle trop long entre les r\u00e9visions.<\/li>\n<li>Joint torique d\u00e9fectueux sur l'un des orifices du r\u00e9gulateur de premier \u00e9tage.<\/li>\n<li>r\u00e9gulateur bloqu\u00e9 en \"free-flow\" \u00e0 cause de la contamination ou du sable.<\/li>\n<li>Le d\u00e9tendeur \"g\u00e8le\" dans l'eau froide, vous privant soudainement d'air.<\/li>\n<li>Manom\u00e8tre bloqu\u00e9 affichant une pression incorrecte dans votre bouteille de gaz respirable.<\/li>\n<li>L'alimentation en air respirable se bloque \u00e0 partir de la bouteille parce que le robinet n'est pas compl\u00e8tement ouvert.<\/li>\n<li>Rupture du joint torique de la bouteille de plong\u00e9e en raison d'un mauvais positionnement du d\u00e9tendeur, d'un mauvais joint torique ou de l'usure.<\/li>\n<li>Le diaphragme du r\u00e9gulateur de deuxi\u00e8me \u00e9tage pr\u00e9sente une fissure ou glisse.<\/li>\n<li>Joint torique d\u00e9fectueux sur l'inflateur du BCD ou bouton bloqu\u00e9 en position ouverte.<\/li>\n<li>Disque de rupture d\u00e9fectueux sur le robinet de la bouteille de plong\u00e9e en raison de la corrosion ou de l'\u00e2ge.<\/li>\n<li>Colmatage du filtre du reniflard du premier \u00e9tage par des s\u00e9diments ou de la rouille provenant du cylindre.<\/li>\n<li>Une fuite se produit \u00e0 l'un des raccords de tuyau haute ou basse pression.<\/li>\n<li>L'embout du deuxi\u00e8me \u00e9tage se d\u00e9tache soudainement du r\u00e9gulateur.<\/li>\n<li>Joint torique d\u00e9fectueux dans le manom\u00e8tre.<\/li>\n<li>D\u00e9fectuosit\u00e9\/explosion des tuyaux haute ou basse pression.<\/li>\n<li>Joint torique d\u00e9fectueux sur le r\u00e9gulateur Octopus.<\/li>\n<li>Le r\u00e9servoir (de location) n'est pas compl\u00e8tement rempli. Plong\u00e9e sans v\u00e9rification.<\/li>\n<li>Dommages au premier \u00e9tage du r\u00e9gulateur - choc ou impact.<\/li>\n<li>Le tuyau haute ou basse pression se rompt \u00e0 cause de rochers ou d'obstacles tranchants.<\/li>\n<\/ol>\n<p>&nbsp;<\/p>\n<p>(Source : journaux de bord des accidents de plong\u00e9e, articles publi\u00e9s dans des magazines de plong\u00e9e et lettres de clients de SPARE AIR).<\/p>","protected":false},"featured_media":1347,"comment_status":"open","ping_status":"closed","template":"","meta":{"_acf_changed":false},"product_cat":[44],"product_tag":[274,275,276,277,278,279,280,281,282,283,246,284,286,287,288,289,290,291,293,294,295,168,296,297,298,299,300,301,302,303,304,305,306,307,308,309,310,311,312,313,315,316,317,318,319,320,321,322,323,324,325,326],"class_list":{"0":"post-1357","1":"product","2":"type-product","3":"status-publish","4":"has-post-thumbnail","6":"product_cat-spare-air","7":"product_tag-ademautomaat","8":"product_tag-ademlucht","9":"product_tag-automaat","10":"product_tag-black","11":"product_tag-bovenwater","12":"product_tag-brand","13":"product_tag-chemical","14":"product_tag-chemie","15":"product_tag-diving","16":"product_tag-duikcilinder","17":"product_tag-duiken","18":"product_tag-duikfles","19":"product_tag-escape","20":"product_tag-geen-lucht","21":"product_tag-helikopter","22":"product_tag-in-nood","23":"product_tag-industrial","24":"product_tag-industrie","25":"product_tag-levens","26":"product_tag-lives","27":"product_tag-noodmiddel","28":"product_tag-onderwater","29":"product_tag-ontsnappen","30":"product_tag-ontsnapping","31":"product_tag-ontsnappingsmiddel","32":"product_tag-original","33":"product_tag-origineel","34":"product_tag-pack","35":"product_tag-perslucht","36":"product_tag-recreatie","37":"product_tag-redden","38":"product_tag-redmiddel","39":"product_tag-regulator","40":"product_tag-rescue","41":"product_tag-reserve-lucht","42":"product_tag-rook","43":"product_tag-safe","44":"product_tag-scuba","45":"product_tag-self-reliant","46":"product_tag-smoke","47":"product_tag-snorkelen","48":"product_tag-spare-air","49":"product_tag-spareair","50":"product_tag-stikken","51":"product_tag-te-water","52":"product_tag-unit","53":"product_tag-verdrinking-tegengaan","54":"product_tag-yellow","55":"product_tag-zelfredzaam","56":"product_tag-zelfstandig","57":"product_tag-zwart","58":"product_tag-zwemmen","60":"first","61":"instock","62":"shipping-taxable","63":"product-type-simple"},"acf":[],"_links":{"self":[{"href":"https:\/\/spareair.eu\/fr\/wp-json\/wp\/v2\/product\/1357","targetHints":{"allow":["GET"]}}],"collection":[{"href":"https:\/\/spareair.eu\/fr\/wp-json\/wp\/v2\/product"}],"about":[{"href":"https:\/\/spareair.eu\/fr\/wp-json\/wp\/v2\/types\/product"}],"replies":[{"embeddable":true,"href":"https:\/\/spareair.eu\/fr\/wp-json\/wp\/v2\/comments?post=1357"}],"wp:featuredmedia":[{"embeddable":true,"href":"https:\/\/spareair.eu\/fr\/wp-json\/wp\/v2\/media\/1347"}],"wp:attachment":[{"href":"https:\/\/spareair.eu\/fr\/wp-json\/wp\/v2\/media?parent=1357"}],"wp:term":[{"taxonomy":"product_cat","embeddable":true,"href":"https:\/\/spareair.eu\/fr\/wp-json\/wp\/v2\/product_cat?post=1357"},{"taxonomy":"product_tag","embeddable":true,"href":"https:\/\/spareair.eu\/fr\/wp-json\/wp\/v2\/product_tag?post=1357"}],"curies":[{"name":"wp","href":"https:\/\/api.w.org\/{rel}","templated":true}]}}