{"id":1361,"date":"2024-04-16T14:00:59","date_gmt":"2024-04-16T12:00:59","guid":{"rendered":"https:\/\/determined-herschel.45-82-188-209.plesk.page\/?post_type=product&#038;p=1361"},"modified":"2024-04-16T15:25:12","modified_gmt":"2024-04-16T13:25:12","slug":"spare-air-ce-kit-300-nitrox-incl-meet-meter-sa300pk-n-cedg","status":"publish","type":"product","link":"https:\/\/spareair.eu\/fr\/product\/spare-air-ce-kit-300-nitrox-incl-meet-meter-sa300pk-n-cedg\/","title":{"rendered":"Kit Air CE de rechange 300-NITROX (y compris jauge de mesure) #SA300PK-N-CEDG"},"content":{"rendered":"","protected":false},"excerpt":{"rendered":"<p>Kit Air CE de rechange 300-NITROX (avec manom\u00e8tre)<br \/>\nNum\u00e9ro de produit : SA300PK-N-CEDG<\/p>\n<p>Vous plongez au Nitrox ? C'est le SPARE AIR qu'il vous faut. C'est le compl\u00e9ment parfait de votre syst\u00e8me Nitrox, avec un remplissage rapide et facile \u00e0 partir de votre propre bouteille de plong\u00e9e. Pr\u00eat pour le Nitrox jusqu'\u00e0 40% EAN. Bouteille durable en aluminium anodis\u00e9 noir de 3,0 pi3 avec marquage Nitrox vert. Rechargeable \u00e0 3000 psi sur n'importe quelle bouteille de plong\u00e9e Nitrox ou compresseur d'air. L'une des meilleures caract\u00e9ristiques de SPARE AIR est la facilit\u00e9 de remplissage \u00e0 partir de votre propre bouteille, et si vous plongez au Nitrox, il est tout \u00e0 fait logique de remplir votre SPARE AIR au Nitrox.<\/p>\n<p>Le paquet comprend :<br \/>\n- D\u00e9tendeur mono-\u00e9tage \u00e9quilibr\u00e9 Nitrox SPARE AIR 3.0 cu.ft. Cylindre en aluminium anodis\u00e9 noir avec \u00e9tiquette Nitrox.<br \/>\n- ADAPTATEUR DE RECHARGE SA910S.<br \/>\n- SA973 COVERED HOLSTER - Se monte sur la ligne SABC961 - Evite les pertes.<\/p>\n<p>Sp\u00e9cifications du produit :<br \/>\nNum\u00e9ro de pi\u00e8ce : 300PK-N<br \/>\nLongueur : 13.4 \" [34 cm]<br \/>\nDiam\u00e8tre : 5,7 cm<br \/>\nPoids (complet) : 0,98 kg [2,2 lbs].<br \/>\nValeurs de pression de la bouteille : 3000 PSI [207 BAR].<br \/>\nVolume des cylindres : 3 litres [85 litres].<br \/>\nMat\u00e9riau du cylindre : Aluminium - anodis\u00e9 noir<br \/>\nLimitation de pression : int\u00e9gr\u00e9e au r\u00e9gulateur<br \/>\nType de r\u00e9gulateur : \u00e9quilibr\u00e9 \u00e0 un \u00e9tage<br \/>\nTemp\u00e9rature de fonctionnement : -22 \u00b0 F [-30 \u00b0 C] + 158 \u00b0 F [+ 70 \u00b0 C].<br \/>\nDur\u00e9e de l'alimentation en air : environ 57 respirations \u00e0 la surface.<\/p>","protected":false},"featured_media":1362,"comment_status":"open","ping_status":"closed","template":"","meta":{"_acf_changed":false},"product_cat":[44],"product_tag":[274,275,276,277,278,279,280,281,282,283,246,284,286,287,288,289,290,291,293,294,327,295,168,296,297,298,299,300,301,302,303,304,305,306,307,308,309,310,311,312,313,315,316,317,318,319,320,321,322,323,324,325,326],"class_list":{"0":"post-1361","1":"product","2":"type-product","3":"status-publish","4":"has-post-thumbnail","6":"product_cat-spare-air","7":"product_tag-ademautomaat","8":"product_tag-ademlucht","9":"product_tag-automaat","10":"product_tag-black","11":"product_tag-bovenwater","12":"product_tag-brand","13":"product_tag-chemical","14":"product_tag-chemie","15":"product_tag-diving","16":"product_tag-duikcilinder","17":"product_tag-duiken","18":"product_tag-duikfles","19":"product_tag-escape","20":"product_tag-geen-lucht","21":"product_tag-helikopter","22":"product_tag-in-nood","23":"product_tag-industrial","24":"product_tag-industrie","25":"product_tag-levens","26":"product_tag-lives","27":"product_tag-nitrox","28":"product_tag-noodmiddel","29":"product_tag-onderwater","30":"product_tag-ontsnappen","31":"product_tag-ontsnapping","32":"product_tag-ontsnappingsmiddel","33":"product_tag-original","34":"product_tag-origineel","35":"product_tag-pack","36":"product_tag-perslucht","37":"product_tag-recreatie","38":"product_tag-redden","39":"product_tag-redmiddel","40":"product_tag-regulator","41":"product_tag-rescue","42":"product_tag-reserve-lucht","43":"product_tag-rook","44":"product_tag-safe","45":"product_tag-scuba","46":"product_tag-self-reliant","47":"product_tag-smoke","48":"product_tag-snorkelen","49":"product_tag-spare-air","50":"product_tag-spareair","51":"product_tag-stikken","52":"product_tag-te-water","53":"product_tag-unit","54":"product_tag-verdrinking-tegengaan","55":"product_tag-yellow","56":"product_tag-zelfredzaam","57":"product_tag-zelfstandig","58":"product_tag-zwart","59":"product_tag-zwemmen","61":"first","62":"instock","63":"shipping-taxable","64":"product-type-simple"},"acf":[],"_links":{"self":[{"href":"https:\/\/spareair.eu\/fr\/wp-json\/wp\/v2\/product\/1361","targetHints":{"allow":["GET"]}}],"collection":[{"href":"https:\/\/spareair.eu\/fr\/wp-json\/wp\/v2\/product"}],"about":[{"href":"https:\/\/spareair.eu\/fr\/wp-json\/wp\/v2\/types\/product"}],"replies":[{"embeddable":true,"href":"https:\/\/spareair.eu\/fr\/wp-json\/wp\/v2\/comments?post=1361"}],"wp:featuredmedia":[{"embeddable":true,"href":"https:\/\/spareair.eu\/fr\/wp-json\/wp\/v2\/media\/1362"}],"wp:attachment":[{"href":"https:\/\/spareair.eu\/fr\/wp-json\/wp\/v2\/media?parent=1361"}],"wp:term":[{"taxonomy":"product_cat","embeddable":true,"href":"https:\/\/spareair.eu\/fr\/wp-json\/wp\/v2\/product_cat?post=1361"},{"taxonomy":"product_tag","embeddable":true,"href":"https:\/\/spareair.eu\/fr\/wp-json\/wp\/v2\/product_tag?post=1361"}],"curies":[{"name":"wp","href":"https:\/\/api.w.org\/{rel}","templated":true}]}}