{"id":1400,"date":"2024-04-16T14:52:37","date_gmt":"2024-04-16T12:52:37","guid":{"rendered":"https:\/\/determined-herschel.45-82-188-209.plesk.page\/?post_type=product&#038;p=1400"},"modified":"2024-04-16T15:26:56","modified_gmt":"2024-04-16T13:26:56","slug":"heed-3-3-cu-ft-cylinder-sa300-001","status":"publish","type":"product","link":"https:\/\/spareair.eu\/fr\/product\/heed-3-3-cu-ft-cylinder-sa300-001\/","title":{"rendered":"HEED 3 3 cu.ft. Cylindre #SA300-001"},"content":{"rendered":"","protected":false},"excerpt":{"rendered":"<p>HEED 3 3 cu.ft. Cylindre<br \/>\nNum\u00e9ro de produit SA300-001<\/p>\n<p>Le populaire HEED 3 est la derni\u00e8re g\u00e9n\u00e9ration d'appareils d'\u00e9vacuation d'urgence pour h\u00e9licopt\u00e8res fabriqu\u00e9s par Submersible Systems. Appareil respiratoire autonome compact, l\u00e9ger et fiable, le HEED 3 est con\u00e7u pour am\u00e9liorer les capacit\u00e9s de survie du personnel militaire et commercial dans les situations d'urgence de courte dur\u00e9e hors de l'air. Le mod\u00e8le 300-001 est le plus grand mod\u00e8le pour ceux qui ont besoin de plus d'air. L'\u00e9tui est dot\u00e9 de sangles qui peuvent \u00eatre facilement attach\u00e9es aux gilets de type MOLLE. L'\u00e9tui et l'indicateur de pression sont inclus.<\/p>\n<p>Note : les unit\u00e9s sont envoy\u00e9es vides.<\/p>\n<p>Sp\u00e9cifications du produit :<br \/>\n- Num\u00e9ro de pi\u00e8ce : 300-001<br \/>\n- Longueur : 13.4 \" [34 cm]<br \/>\n- Diam\u00e8tre5,7 cm<br \/>\n- Poids (complet) : 0,98 kg [2,2 lbs].<br \/>\n- Valeurs de pression de la bouteille : 3000 PSI [207 BAR].<br \/>\n- Volume des cylindres : 85 litres<br \/>\n- Mat\u00e9riau du cylindre : Aluminium - anodis\u00e9 noir<br \/>\n- Limitation de pression : int\u00e9gr\u00e9e au r\u00e9gulateur<br \/>\n- Type de r\u00e9gulateur : \u00e9quilibr\u00e9 \u00e0 un \u00e9tage<br \/>\n- Temp\u00e9rature de fonctionnement : -22F [-30C]+ 158F [+ 70C]<br \/>\n- Dur\u00e9e de l'alimentation en air : environ 57 respirations en surface<br \/>\n- Limites d'altitude : Test\u00e9 jusqu'\u00e0 10 500 m\u00e8tres (35 000 pieds)<br \/>\nOptions disponibles : Compresseur d'air portable - r\u00e9f\u00e9rence SA3100-COM<\/p>","protected":false},"featured_media":1401,"comment_status":"open","ping_status":"closed","template":"","meta":{"_acf_changed":false},"product_cat":[171],"product_tag":[274,275,276,277,278,279,280,281,282,283,246,284,286,287,328,288,289,290,291,293,294,295,168,296,297,298,299,300,301,302,303,304,305,306,307,308,309,310,311,312,313,315,316,317,318,319,320,321,322,323,324,325,326],"class_list":{"0":"post-1400","1":"product","2":"type-product","3":"status-publish","4":"has-post-thumbnail","6":"product_cat-heed-3","7":"product_tag-ademautomaat","8":"product_tag-ademlucht","9":"product_tag-automaat","10":"product_tag-black","11":"product_tag-bovenwater","12":"product_tag-brand","13":"product_tag-chemical","14":"product_tag-chemie","15":"product_tag-diving","16":"product_tag-duikcilinder","17":"product_tag-duiken","18":"product_tag-duikfles","19":"product_tag-escape","20":"product_tag-geen-lucht","21":"product_tag-heed-3","22":"product_tag-helikopter","23":"product_tag-in-nood","24":"product_tag-industrial","25":"product_tag-industrie","26":"product_tag-levens","27":"product_tag-lives","28":"product_tag-noodmiddel","29":"product_tag-onderwater","30":"product_tag-ontsnappen","31":"product_tag-ontsnapping","32":"product_tag-ontsnappingsmiddel","33":"product_tag-original","34":"product_tag-origineel","35":"product_tag-pack","36":"product_tag-perslucht","37":"product_tag-recreatie","38":"product_tag-redden","39":"product_tag-redmiddel","40":"product_tag-regulator","41":"product_tag-rescue","42":"product_tag-reserve-lucht","43":"product_tag-rook","44":"product_tag-safe","45":"product_tag-scuba","46":"product_tag-self-reliant","47":"product_tag-smoke","48":"product_tag-snorkelen","49":"product_tag-spare-air","50":"product_tag-spareair","51":"product_tag-stikken","52":"product_tag-te-water","53":"product_tag-unit","54":"product_tag-verdrinking-tegengaan","55":"product_tag-yellow","56":"product_tag-zelfredzaam","57":"product_tag-zelfstandig","58":"product_tag-zwart","59":"product_tag-zwemmen","61":"first","62":"instock","63":"shipping-taxable","64":"product-type-simple"},"acf":[],"_links":{"self":[{"href":"https:\/\/spareair.eu\/fr\/wp-json\/wp\/v2\/product\/1400","targetHints":{"allow":["GET"]}}],"collection":[{"href":"https:\/\/spareair.eu\/fr\/wp-json\/wp\/v2\/product"}],"about":[{"href":"https:\/\/spareair.eu\/fr\/wp-json\/wp\/v2\/types\/product"}],"replies":[{"embeddable":true,"href":"https:\/\/spareair.eu\/fr\/wp-json\/wp\/v2\/comments?post=1400"}],"wp:featuredmedia":[{"embeddable":true,"href":"https:\/\/spareair.eu\/fr\/wp-json\/wp\/v2\/media\/1401"}],"wp:attachment":[{"href":"https:\/\/spareair.eu\/fr\/wp-json\/wp\/v2\/media?parent=1400"}],"wp:term":[{"taxonomy":"product_cat","embeddable":true,"href":"https:\/\/spareair.eu\/fr\/wp-json\/wp\/v2\/product_cat?post=1400"},{"taxonomy":"product_tag","embeddable":true,"href":"https:\/\/spareair.eu\/fr\/wp-json\/wp\/v2\/product_tag?post=1400"}],"curies":[{"name":"wp","href":"https:\/\/api.w.org\/{rel}","templated":true}]}}