{"id":1405,"date":"2024-04-16T14:55:51","date_gmt":"2024-04-16T12:55:51","guid":{"rendered":"https:\/\/determined-herschel.45-82-188-209.plesk.page\/?post_type=product&#038;p=1405"},"modified":"2024-04-16T15:27:24","modified_gmt":"2024-04-16T13:27:24","slug":"spare-air-industrial-3-0-cu-ft-cylinder-with-velcro-backing-sa300pk-isvm-ce","status":"publish","type":"product","link":"https:\/\/spareair.eu\/fr\/product\/spare-air-industrial-3-0-cu-ft-cylinder-with-velcro-backing-sa300pk-isvm-ce\/","title":{"rendered":"Cylindre de rechange Air Industrial 3.0 cu.ft avec support velcro #SA300PK-ISVM-CE"},"content":{"rendered":"","protected":false},"excerpt":{"rendered":"<p>Air de rechange Industriel<br \/>\nNum\u00e9ro de produit : SA300PK-ISVM<\/p>\n<p>Con\u00e7u pour vous prot\u00e9ger en cas d'urgence, mais suffisamment petit pour que vous ne vous rendiez m\u00eame pas compte que vous le portez !<\/p>\n<p>Le paquet comprend :<br \/>\n- Air de rechange avec cylindre anodis\u00e9 noir de 3,0 pi3 Holster couvert - choix de ceinture ou de sangle Velcro<br \/>\n- Pince-nez avec lani\u00e8re<br \/>\n- Indicateur de pression<br \/>\nNote : les unit\u00e9s sont envoy\u00e9es vides.<\/p>\n<p>Sp\u00e9cifications du produit :<br \/>\nR\u00e9f\u00e9rence Fabricant : 300PK-ISVM<br \/>\nLongueur : 34 cm<br \/>\nDiam\u00e8tre : 5,7 cm<br \/>\nPoids (complet) : 0,98 kg [2,2 lbs].<br \/>\nValeurs de pression de la bouteille : 3000 PSI [207 BAR].<br \/>\nVolume des cylindres : 3 litres [85 litres].<br \/>\nMat\u00e9riau du cylindre : Aluminium - anodis\u00e9 noir<br \/>\nLimitation de pression : int\u00e9gr\u00e9e au r\u00e9gulateur<br \/>\nType de r\u00e9gulateur : \u00e9quilibr\u00e9 \u00e0 un \u00e9tage<br \/>\nTemp\u00e9rature de fonctionnement : -22 \u00b0 F [-30 \u00b0 C] + 158 \u00b0 F [+ 70 \u00b0 C].<br \/>\nDur\u00e9e de l'alimentation en air : environ 57 respirations \u00e0 la surface.<\/p>","protected":false},"featured_media":1406,"comment_status":"open","ping_status":"closed","template":"","meta":{"_acf_changed":false},"product_cat":[150],"product_tag":[274,275,276,277,278,279,280,281,282,283,246,284,286,287,288,289,290,291,293,294,295,168,296,297,298,299,300,301,302,303,304,305,306,307,308,309,310,311,312,313,315,316,317,318,319,320,321,322,323,324,325,326],"class_list":{"0":"post-1405","1":"product","2":"type-product","3":"status-publish","4":"has-post-thumbnail","6":"product_cat-spare-air-industrial","7":"product_tag-ademautomaat","8":"product_tag-ademlucht","9":"product_tag-automaat","10":"product_tag-black","11":"product_tag-bovenwater","12":"product_tag-brand","13":"product_tag-chemical","14":"product_tag-chemie","15":"product_tag-diving","16":"product_tag-duikcilinder","17":"product_tag-duiken","18":"product_tag-duikfles","19":"product_tag-escape","20":"product_tag-geen-lucht","21":"product_tag-helikopter","22":"product_tag-in-nood","23":"product_tag-industrial","24":"product_tag-industrie","25":"product_tag-levens","26":"product_tag-lives","27":"product_tag-noodmiddel","28":"product_tag-onderwater","29":"product_tag-ontsnappen","30":"product_tag-ontsnapping","31":"product_tag-ontsnappingsmiddel","32":"product_tag-original","33":"product_tag-origineel","34":"product_tag-pack","35":"product_tag-perslucht","36":"product_tag-recreatie","37":"product_tag-redden","38":"product_tag-redmiddel","39":"product_tag-regulator","40":"product_tag-rescue","41":"product_tag-reserve-lucht","42":"product_tag-rook","43":"product_tag-safe","44":"product_tag-scuba","45":"product_tag-self-reliant","46":"product_tag-smoke","47":"product_tag-snorkelen","48":"product_tag-spare-air","49":"product_tag-spareair","50":"product_tag-stikken","51":"product_tag-te-water","52":"product_tag-unit","53":"product_tag-verdrinking-tegengaan","54":"product_tag-yellow","55":"product_tag-zelfredzaam","56":"product_tag-zelfstandig","57":"product_tag-zwart","58":"product_tag-zwemmen","60":"first","61":"instock","62":"shipping-taxable","63":"product-type-simple"},"acf":[],"_links":{"self":[{"href":"https:\/\/spareair.eu\/fr\/wp-json\/wp\/v2\/product\/1405","targetHints":{"allow":["GET"]}}],"collection":[{"href":"https:\/\/spareair.eu\/fr\/wp-json\/wp\/v2\/product"}],"about":[{"href":"https:\/\/spareair.eu\/fr\/wp-json\/wp\/v2\/types\/product"}],"replies":[{"embeddable":true,"href":"https:\/\/spareair.eu\/fr\/wp-json\/wp\/v2\/comments?post=1405"}],"wp:featuredmedia":[{"embeddable":true,"href":"https:\/\/spareair.eu\/fr\/wp-json\/wp\/v2\/media\/1406"}],"wp:attachment":[{"href":"https:\/\/spareair.eu\/fr\/wp-json\/wp\/v2\/media?parent=1405"}],"wp:term":[{"taxonomy":"product_cat","embeddable":true,"href":"https:\/\/spareair.eu\/fr\/wp-json\/wp\/v2\/product_cat?post=1405"},{"taxonomy":"product_tag","embeddable":true,"href":"https:\/\/spareair.eu\/fr\/wp-json\/wp\/v2\/product_tag?post=1405"}],"curies":[{"name":"wp","href":"https:\/\/api.w.org\/{rel}","templated":true}]}}