{"id":1419,"date":"2024-04-16T15:11:30","date_gmt":"2024-04-16T13:11:30","guid":{"rendered":"https:\/\/determined-herschel.45-82-188-209.plesk.page\/?post_type=product&#038;p=1419"},"modified":"2024-04-16T15:29:37","modified_gmt":"2024-04-16T13:29:37","slug":"spare-air-xtreme-watersport-1-7-cu-ft-cylinder-sa170pkx","status":"publish","type":"product","link":"https:\/\/spareair.eu\/fr\/product\/spare-air-xtreme-watersport-1-7-cu-ft-cylinder-sa170pkx\/","title":{"rendered":"Bouteille de rechange Air Xtreme Watersport 1.7 cu.ft. Cylindre #SA170PKX"},"content":{"rendered":"","protected":false},"excerpt":{"rendered":"<p>Air de rechange Xtreme Watersport 1.7 cu.ft. Cylindre<br \/>\nNum\u00e9ro de produit : SA170PKX<\/p>\n<p>Air de secours L'ensemble Xtreme Dual Sport comprend :<br \/>\nLa plus grande taille de Spare Air Xtreme - le mod\u00e8le 1.7 cu. ft. peut \u00eatre utilis\u00e9 dans de nombreux sports nautiques, y compris la plong\u00e9e. Le Dual Sport Xtreme offre plus d'air que notre plus petit Xtreme et est pr\u00eat quand vous en avez besoin, quel que soit le sport que vous pratiquez. D\u00e9tendeur de plong\u00e9e puissant avec bouteille en aluminium test\u00e9e par le DOT de 3000 psi (environ 32 respirations en surface). Inclut un gilet en n\u00e9opr\u00e8ne noir qui permet de ranger l'unit\u00e9 Spare Air Xtreme sur votre poitrine pour respirer les mains libres ! Taille unique - enti\u00e8rement r\u00e9glable.<br \/>\nNote : les unit\u00e9s sont livr\u00e9es vides. Utilisez notre adaptateur de recharge pour compresseur d'air SA920C (vendu s\u00e9par\u00e9ment) pour recharger avec un compresseur d'air respirable ou l'adaptateur de recharge pour bouteille SCUBA SA910S (vendu s\u00e9par\u00e9ment) pour recharger \u00e0 partir de n'importe quelle bouteille SCUBA pleine de 3000 psi.<br \/>\nSp\u00e9cifications du produit :<br \/>\nNum\u00e9ro de pi\u00e8ce : 170PKX<br \/>\nLongueur : 22 cm<br \/>\nDiam\u00e8tre : 5,7 cm<br \/>\nPoids (complet) : 0,68 kg [1,5 lbs].<br \/>\nValeurs de pression de la bouteille : 3000 PSI [207 BAR].<br \/>\nVolume des cylindres : 48 litres (1,7 pi3)<br \/>\nMat\u00e9riau du cylindre : Aluminium - anodis\u00e9 noir<br \/>\nLimitation de pression : int\u00e9gr\u00e9e au r\u00e9gulateur<br \/>\nType de r\u00e9gulateur : \u00e9quilibr\u00e9 \u00e0 un \u00e9tage<br \/>\nTemp\u00e9rature de fonctionnement : -22 \u00b0 F [-30 \u00b0 C] + 158 \u00b0 F [+ 70 \u00b0 C].<br \/>\nDur\u00e9e de l'alimentation en air : environ 32 respirations en surface.<\/p>","protected":false},"featured_media":1420,"comment_status":"open","ping_status":"closed","template":"","meta":{"_acf_changed":false},"product_cat":[142],"product_tag":[274,275,276,277,278,279,280,281,282,283,246,284,286,287,288,289,290,291,293,294,295,168,296,297,298,299,300,301,302,303,304,305,306,307,308,309,310,311,312,313,315,316,317,318,319,320,321,329,322,323,324,325,326],"class_list":{"0":"post-1419","1":"product","2":"type-product","3":"status-publish","4":"has-post-thumbnail","6":"product_cat-xtreme-sport","7":"product_tag-ademautomaat","8":"product_tag-ademlucht","9":"product_tag-automaat","10":"product_tag-black","11":"product_tag-bovenwater","12":"product_tag-brand","13":"product_tag-chemical","14":"product_tag-chemie","15":"product_tag-diving","16":"product_tag-duikcilinder","17":"product_tag-duiken","18":"product_tag-duikfles","19":"product_tag-escape","20":"product_tag-geen-lucht","21":"product_tag-helikopter","22":"product_tag-in-nood","23":"product_tag-industrial","24":"product_tag-industrie","25":"product_tag-levens","26":"product_tag-lives","27":"product_tag-noodmiddel","28":"product_tag-onderwater","29":"product_tag-ontsnappen","30":"product_tag-ontsnapping","31":"product_tag-ontsnappingsmiddel","32":"product_tag-original","33":"product_tag-origineel","34":"product_tag-pack","35":"product_tag-perslucht","36":"product_tag-recreatie","37":"product_tag-redden","38":"product_tag-redmiddel","39":"product_tag-regulator","40":"product_tag-rescue","41":"product_tag-reserve-lucht","42":"product_tag-rook","43":"product_tag-safe","44":"product_tag-scuba","45":"product_tag-self-reliant","46":"product_tag-smoke","47":"product_tag-snorkelen","48":"product_tag-spare-air","49":"product_tag-spareair","50":"product_tag-stikken","51":"product_tag-te-water","52":"product_tag-unit","53":"product_tag-verdrinking-tegengaan","54":"product_tag-xtreme-sport","55":"product_tag-yellow","56":"product_tag-zelfredzaam","57":"product_tag-zelfstandig","58":"product_tag-zwart","59":"product_tag-zwemmen","61":"first","62":"instock","63":"shipping-taxable","64":"product-type-simple"},"acf":[],"_links":{"self":[{"href":"https:\/\/spareair.eu\/fr\/wp-json\/wp\/v2\/product\/1419","targetHints":{"allow":["GET"]}}],"collection":[{"href":"https:\/\/spareair.eu\/fr\/wp-json\/wp\/v2\/product"}],"about":[{"href":"https:\/\/spareair.eu\/fr\/wp-json\/wp\/v2\/types\/product"}],"replies":[{"embeddable":true,"href":"https:\/\/spareair.eu\/fr\/wp-json\/wp\/v2\/comments?post=1419"}],"wp:featuredmedia":[{"embeddable":true,"href":"https:\/\/spareair.eu\/fr\/wp-json\/wp\/v2\/media\/1420"}],"wp:attachment":[{"href":"https:\/\/spareair.eu\/fr\/wp-json\/wp\/v2\/media?parent=1419"}],"wp:term":[{"taxonomy":"product_cat","embeddable":true,"href":"https:\/\/spareair.eu\/fr\/wp-json\/wp\/v2\/product_cat?post=1419"},{"taxonomy":"product_tag","embeddable":true,"href":"https:\/\/spareair.eu\/fr\/wp-json\/wp\/v2\/product_tag?post=1419"}],"curies":[{"name":"wp","href":"https:\/\/api.w.org\/{rel}","templated":true}]}}