{"id":1425,"date":"2024-04-16T15:21:28","date_gmt":"2024-04-16T13:21:28","guid":{"rendered":"https:\/\/determined-herschel.45-82-188-209.plesk.page\/?post_type=product&#038;p=1425"},"modified":"2024-04-16T15:21:28","modified_gmt":"2024-04-16T13:21:28","slug":"easydive-kit-met-snorkelator-sa700-003","status":"publish","type":"product","link":"https:\/\/spareair.eu\/fr\/product\/easydive-kit-met-snorkelator-sa700-003\/","title":{"rendered":"Kit EasyDive avec tuba #SA700-003"},"content":{"rendered":"","protected":false},"excerpt":{"rendered":"<p>Kit de plong\u00e9e EasyDive avec tuba<br \/>\nNum\u00e9ro de produit SA700-003<\/p>\n<p>Le kit EasyDive est un syst\u00e8me complet de plong\u00e9e et d'apn\u00e9e minimaliste. Il suffit de le prendre et vous \u00eates pr\u00eat pour votre prochaine aventure aquatique. Le kit comprend le New Snorkelator - une technologie brevet\u00e9e qui permet aux plongeurs de combiner leur tuba avec n'importe quel d\u00e9tendeur de plong\u00e9e. Passez du tuba au d\u00e9tendeur \u00e0 l'aide de la molette et d'un seul embout buccal ! Les plongeurs avec tuba ne sont plus limit\u00e9s \u00e0 la surface et \u00e0 la nage rapide sous l'eau, ils peuvent faire des plong\u00e9es occasionnelles plus profondes pour explorer les bas-fonds, avec moins d'\u00e9quipement qu'un plongeur complet n'en aurait besoin.<br \/>\nL'ensemble du kit ne p\u00e8se que 15 livres et comprend le Snorkelator (tuba sec avec Snorkelator qui vous permet de passer du mode tuba au mode plong\u00e9e \u00e0 l'aide du cadran), une bouteille de 19 pieds cubes (marqu\u00e9e DOT \/ TC - ne pas utiliser dans les pays de l'UE ou en Australie), un harnais sur mesure (avec des poches pour les poids souples optionnels, rembourr\u00e9, taille unique pour la plupart, pas de gonflage), une combinaison unique de valve de r\u00e9servoir et de d\u00e9tendeur de premier \u00e9tage - le plus petit encombrement et le plus faible poids au monde !<br \/>\nD\u00e9tendeur de 2\u00e8me \u00e9tage Mini manom\u00e8tre fix\u00e9 au tuyau haute pression. Adaptateur pour le remplissage du compresseur d'air (bouteille de remplissage du compresseur d'air respirable \u00e0 haute pression vendue s\u00e9par\u00e9ment ou trouv\u00e9e dans un magasin de plong\u00e9e ou sur un bateau de plong\u00e9e) Sac de transport GRATUIT<br \/>\nCompl\u00e9ment optionnel : valve respiratoire, maintient l'embout de la valve respiratoire ferm\u00e9. Fabriqu\u00e9 en silicone noir, la circonf\u00e9rence est de 28\".<br \/>\nPourquoi acheter un kit de plong\u00e9e standard qui p\u00e8se plus de 50 livres et co\u00fbte cher, alors que vous pouvez obtenir le kit EasyDive pour seulement 15 livres et beaucoup moins d'argent !<br \/>\nLe kit EasyDive est 1\/3 du poids et environ la moiti\u00e9 du co\u00fbt d'une installation standard !<br \/>\nA qui s'adresse le kit EasyDive ? Toute personne souhaitant se jeter \u00e0 l'eau rapidement. L'EasyDive offre environ 25 minutes (\u00e0 15 pieds) pour : le plaisir \u00e0 court terme la plong\u00e9e avec tuba \/ la plong\u00e9e en eau peu profonde \/ la photographie sous-marine (tout le monde sait que la meilleure lumi\u00e8re pour les photos se trouve en eau peu profonde, donc un \u00e9quipement de plong\u00e9e normal est trop lourd ici) la chasse sous-marine - qu'il s'agisse de coquilles Saint-Jacques, de homards ou de h\u00e9rissons, le kit EasyDive est parfait !<\/p>\n<p>FAQ :<br \/>\n1. Comment faire remplir mon EasyDive ?<br \/>\nApportez l'EasyDive et l'adaptateur de recharge fourni \u00e0 un magasin de plong\u00e9e qui le remplira pour vous moyennant une somme modique. Les magasins de plong\u00e9e disposent de compresseurs d'air \u00e0 haute pression qui pompent de l'air respirable propre. L'EasyDive est livr\u00e9 avec une bouteille marqu\u00e9e DOT \/ TC et n'est pas destin\u00e9 \u00e0 \u00eatre utilis\u00e9 dans les pays de l'UE.<br \/>\n2. Puis-je remplir mon EasyDive avec un compresseur achet\u00e9 dans une quincaillerie ?<br \/>\nNon, EasyDive a un r\u00e9servoir de 3000 psi, mais ces petits compresseurs vendus dans les magasins de bricolage ne pompent qu'environ 125 psi. De plus, ces compresseurs ne filtrent pas l'air, ce qui fait que l'air respir\u00e9 n'est pas de qualit\u00e9.<br \/>\n3. Puis-je voyager sur une compagnie a\u00e9rienne commerciale avec EasyDive ?<br \/>\nLes r\u00e9glementations de la TSA exigent le retrait d'un robinet de bouteille, qui, dans le cas d'EasyDive, est fix\u00e9 par un professionnel. Il faut donc un professionnel pour l'enlever et la remonter. Par cons\u00e9quent, nous ne recommandons pas de prendre l'avion avec votre syst\u00e8me EasyDive. Une autre solution consiste \u00e0 l'exp\u00e9dier (vide) sur votre lieu de vacances avant votre d\u00e9part et \u00e0 le faire remplir sur place.<br \/>\n4. De quelle maintenance EasyDive a-t-il besoin ?<br \/>\nComme tout \u00e9quipement de plong\u00e9e, ils doivent \u00eatre soigneusement rinc\u00e9s apr\u00e8s chaque plong\u00e9e pour \u00e9liminer l'eau sal\u00e9e et le sable. Conservez l'EasyDive avec une quantit\u00e9 minimale d'air dans la bouteille. Tous les ans, le d\u00e9tendeur doit \u00eatre r\u00e9vis\u00e9 par votre magasin de plong\u00e9e local, et tous les 5 ans, la bouteille doit subir un test professionnel, appel\u00e9 hydro-test, effectu\u00e9 par un magasin de plong\u00e9e.<br \/>\n5. Puis-je acheter un cylindre suppl\u00e9mentaire ?<br \/>\nLa conception d'EasyDive int\u00e8gre la valve de la bouteille et le d\u00e9tendeur de premier \u00e9tage dans un encombrement tr\u00e8s r\u00e9duit et tr\u00e8s l\u00e9ger, ce qui n'est pas le cas des \u00e9quipements de plong\u00e9e standard. Cela signifie que vous ne pouvez pas simplement remplacer la bouteille par une autre bouteille pleine.<br \/>\n6. Dois-je \u00eatre un plongeur certifi\u00e9 pour utiliser EasyDive ?<br \/>\nOui, les utilisateurs doivent \u00eatre titulaires d'une licence de plong\u00e9e pour comprendre les proc\u00e9dures appropri\u00e9es et les risques li\u00e9s \u00e0 l'utilisation de l'\u00e9quipement de plong\u00e9e.<br \/>\n7. A quelle profondeur puis-je utiliser le kit EasyDive ?<br \/>\nIl est recommand\u00e9 d'utiliser EasyDive \u00e0 moins de 9 m\u00e8tres.<\/p>","protected":false},"featured_media":1426,"comment_status":"open","ping_status":"closed","template":"","meta":{"_acf_changed":false},"product_cat":[28],"product_tag":[274,275,276,277,278,279,280,281,282,283,246,284,285,286,287,288,289,290,291,292,293,294,295,168,296,297,298,299,300,301,302,303,304,305,306,307,308,309,310,311,312,313,314,315,316,317,318,319,320,321,322,323,324,325,326],"class_list":{"0":"post-1425","1":"product","2":"type-product","3":"status-publish","4":"has-post-thumbnail","6":"product_cat-easydive","7":"product_tag-ademautomaat","8":"product_tag-ademlucht","9":"product_tag-automaat","10":"product_tag-black","11":"product_tag-bovenwater","12":"product_tag-brand","13":"product_tag-chemical","14":"product_tag-chemie","15":"product_tag-diving","16":"product_tag-duikcilinder","17":"product_tag-duiken","18":"product_tag-duikfles","19":"product_tag-easydive","20":"product_tag-escape","21":"product_tag-geen-lucht","22":"product_tag-helikopter","23":"product_tag-in-nood","24":"product_tag-industrial","25":"product_tag-industrie","26":"product_tag-kit","27":"product_tag-levens","28":"product_tag-lives","29":"product_tag-noodmiddel","30":"product_tag-onderwater","31":"product_tag-ontsnappen","32":"product_tag-ontsnapping","33":"product_tag-ontsnappingsmiddel","34":"product_tag-original","35":"product_tag-origineel","36":"product_tag-pack","37":"product_tag-perslucht","38":"product_tag-recreatie","39":"product_tag-redden","40":"product_tag-redmiddel","41":"product_tag-regulator","42":"product_tag-rescue","43":"product_tag-reserve-lucht","44":"product_tag-rook","45":"product_tag-safe","46":"product_tag-scuba","47":"product_tag-self-reliant","48":"product_tag-smoke","49":"product_tag-snorkelator","50":"product_tag-snorkelen","51":"product_tag-spare-air","52":"product_tag-spareair","53":"product_tag-stikken","54":"product_tag-te-water","55":"product_tag-unit","56":"product_tag-verdrinking-tegengaan","57":"product_tag-yellow","58":"product_tag-zelfredzaam","59":"product_tag-zelfstandig","60":"product_tag-zwart","61":"product_tag-zwemmen","63":"first","64":"instock","65":"shipping-taxable","66":"product-type-simple"},"acf":[],"_links":{"self":[{"href":"https:\/\/spareair.eu\/fr\/wp-json\/wp\/v2\/product\/1425","targetHints":{"allow":["GET"]}}],"collection":[{"href":"https:\/\/spareair.eu\/fr\/wp-json\/wp\/v2\/product"}],"about":[{"href":"https:\/\/spareair.eu\/fr\/wp-json\/wp\/v2\/types\/product"}],"replies":[{"embeddable":true,"href":"https:\/\/spareair.eu\/fr\/wp-json\/wp\/v2\/comments?post=1425"}],"wp:featuredmedia":[{"embeddable":true,"href":"https:\/\/spareair.eu\/fr\/wp-json\/wp\/v2\/media\/1426"}],"wp:attachment":[{"href":"https:\/\/spareair.eu\/fr\/wp-json\/wp\/v2\/media?parent=1425"}],"wp:term":[{"taxonomy":"product_cat","embeddable":true,"href":"https:\/\/spareair.eu\/fr\/wp-json\/wp\/v2\/product_cat?post=1425"},{"taxonomy":"product_tag","embeddable":true,"href":"https:\/\/spareair.eu\/fr\/wp-json\/wp\/v2\/product_tag?post=1425"}],"curies":[{"name":"wp","href":"https:\/\/api.w.org\/{rel}","templated":true}]}}