{"id":1493,"date":"2024-04-16T16:14:57","date_gmt":"2024-04-16T14:14:57","guid":{"rendered":"https:\/\/determined-herschel.45-82-188-209.plesk.page\/?post_type=product&#038;p=1493"},"modified":"2024-04-16T16:14:57","modified_gmt":"2024-04-16T14:14:57","slug":"spare-air-surface-mount-holster-voor-3-0-cu-ft-model-973vmpk","status":"publish","type":"product","link":"https:\/\/spareair.eu\/fr\/product\/etui-pour-montage-en-surface-spare-air-pour-3-0-cu-ft-modele-973vmpk\/","title":{"rendered":"\u00c9tui pour montage en surface de Spare Air pour les appareils de 3.0 cu.ft. Mod\u00e8le #973VMPK"},"content":{"rendered":"","protected":false},"excerpt":{"rendered":"<p>\u00c9tui pour montage en surface de l'air de rechange pour 3.0 cu.ft. Mod\u00e8le<br \/>\nNum\u00e9ro de produit 973VMPK<br \/>\nL'\u00e9tui protecteur enti\u00e8rement ferm\u00e9 permet de ranger en toute s\u00e9curit\u00e9 votre SPARE AIR sur n'importe quelle surface plane pour un acc\u00e8s et un rangement faciles. Tout le dos de l'\u00e9tui est recouvert d'un velcro industriel qui peut \u00eatre fix\u00e9 \u00e0 la plupart des surfaces, telles qu'un classeur, un mur, l'int\u00e9rieur d'un v\u00e9hicule, un bateau ou un h\u00e9licopt\u00e8re. Comprend un embout buccal et une sangle. Fonctionne avec le mod\u00e8le 3.0 cu.ft.<\/p>","protected":false},"featured_media":1494,"comment_status":"open","ping_status":"closed","template":"","meta":{"_acf_changed":false},"product_cat":[29],"product_tag":[251,274,275,276,277,278,279,280,281,282,283,246,284,286,287,288,289,290,291,293,294,295,168,296,297,298,299,300,301,302,303,304,305,306,307,308,309,310,311,312,313,315,316,317,318,319,320,321,322,323,324,325,326],"class_list":{"0":"post-1493","1":"product","2":"type-product","3":"status-publish","4":"has-post-thumbnail","6":"product_cat-accessoires","7":"product_tag-accessoires","8":"product_tag-ademautomaat","9":"product_tag-ademlucht","10":"product_tag-automaat","11":"product_tag-black","12":"product_tag-bovenwater","13":"product_tag-brand","14":"product_tag-chemical","15":"product_tag-chemie","16":"product_tag-diving","17":"product_tag-duikcilinder","18":"product_tag-duiken","19":"product_tag-duikfles","20":"product_tag-escape","21":"product_tag-geen-lucht","22":"product_tag-helikopter","23":"product_tag-in-nood","24":"product_tag-industrial","25":"product_tag-industrie","26":"product_tag-levens","27":"product_tag-lives","28":"product_tag-noodmiddel","29":"product_tag-onderwater","30":"product_tag-ontsnappen","31":"product_tag-ontsnapping","32":"product_tag-ontsnappingsmiddel","33":"product_tag-original","34":"product_tag-origineel","35":"product_tag-pack","36":"product_tag-perslucht","37":"product_tag-recreatie","38":"product_tag-redden","39":"product_tag-redmiddel","40":"product_tag-regulator","41":"product_tag-rescue","42":"product_tag-reserve-lucht","43":"product_tag-rook","44":"product_tag-safe","45":"product_tag-scuba","46":"product_tag-self-reliant","47":"product_tag-smoke","48":"product_tag-snorkelen","49":"product_tag-spare-air","50":"product_tag-spareair","51":"product_tag-stikken","52":"product_tag-te-water","53":"product_tag-unit","54":"product_tag-verdrinking-tegengaan","55":"product_tag-yellow","56":"product_tag-zelfredzaam","57":"product_tag-zelfstandig","58":"product_tag-zwart","59":"product_tag-zwemmen","61":"first","62":"instock","63":"shipping-taxable","64":"product-type-simple"},"acf":[],"_links":{"self":[{"href":"https:\/\/spareair.eu\/fr\/wp-json\/wp\/v2\/product\/1493","targetHints":{"allow":["GET"]}}],"collection":[{"href":"https:\/\/spareair.eu\/fr\/wp-json\/wp\/v2\/product"}],"about":[{"href":"https:\/\/spareair.eu\/fr\/wp-json\/wp\/v2\/types\/product"}],"replies":[{"embeddable":true,"href":"https:\/\/spareair.eu\/fr\/wp-json\/wp\/v2\/comments?post=1493"}],"wp:featuredmedia":[{"embeddable":true,"href":"https:\/\/spareair.eu\/fr\/wp-json\/wp\/v2\/media\/1494"}],"wp:attachment":[{"href":"https:\/\/spareair.eu\/fr\/wp-json\/wp\/v2\/media?parent=1493"}],"wp:term":[{"taxonomy":"product_cat","embeddable":true,"href":"https:\/\/spareair.eu\/fr\/wp-json\/wp\/v2\/product_cat?post=1493"},{"taxonomy":"product_tag","embeddable":true,"href":"https:\/\/spareair.eu\/fr\/wp-json\/wp\/v2\/product_tag?post=1493"}],"curies":[{"name":"wp","href":"https:\/\/api.w.org\/{rel}","templated":true}]}}