{"id":1357,"date":"2024-04-16T13:56:29","date_gmt":"2024-04-16T11:56:29","guid":{"rendered":"https:\/\/determined-herschel.45-82-188-209.plesk.page\/?post_type=product&#038;p=1357"},"modified":"2024-06-14T16:41:52","modified_gmt":"2024-06-14T14:41:52","slug":"spare-air-ce-kit-300-zwart-incl-standaard-drukindicator-sa300pk-ce","status":"publish","type":"product","link":"https:\/\/spareair.eu\/it\/product\/ricambio-aria-ce-kit-300-nero-incl-indicatore-di-pressione-standard-sa300pk-ce\/","title":{"rendered":"Kit CE aria di ricambio 300 nero (incluso indicatore di pressione standard) #SA300PK-CE"},"content":{"rendered":"","protected":false},"excerpt":{"rendered":"<p>Kit CE aria di ricambio 300 nero (incluso indicatore di pressione standard)<br \/>\nCodice prodotto SA300PK-CE<br \/>\nIl 3.0 Spare Air pack \u00e8 il modello pi\u00f9 venduto. Progettato per portarvi in superficie in caso di emergenza, ma abbastanza piccolo da non farvi nemmeno accorgere di averlo con voi! Facile da portare con s\u00e9! Facile da trasportare! Facile da ricaricare! Facile da trasferire a un compagno di immersione in difficolt\u00e0! NON IMMERGETEVI SENZA!<\/p>\n<p>La confezione \u00e8 composta da:<br \/>\nARIA DI RICAMBIO 3.0 cu.ft. Cilindro in alluminio anodizzato nero<br \/>\nSA910S ADATTATORE DI NAVIGAZIONE - Riempie il serbatoio SCUBA<br \/>\nSA973 HOLSTER COPERTO - Si monta sul guinzaglio BC961 - Impedisce lo smarrimento<\/p>\n<p>Specifiche del prodotto:<br \/>\nNumero di parte: 300HP<br \/>\nLunghezza: 13,4 \"[34 cm]<br \/>\nDiametro: 5,7 cm<br \/>\nPeso (completo): 2,2 lbs [0,98 kg].<br \/>\nValori di pressione del cilindro: 3000 PSI [207 BAR].<br \/>\nVolume del cilindro: 3 litri [85 litri]<br \/>\nMateriale del cilindro: alluminio - anodizzato nero<br \/>\nScarico della pressione: integrato nel regolatore<br \/>\nTipo di regolatore: monostadio bilanciato<br \/>\nTemperatura di esercizio: -22 \u00b0 F [-30 \u00b0 C]+ 158 \u00b0 F [+ 70 \u00b0 C].<br \/>\nDurata del rifornimento d'aria: circa 57 respiri in superficie<\/p>\n<p>&nbsp;<\/p>\n<p>21 motivi \"fortunati\" per avere con s\u00e9 una Spare-air!<\/p>\n<p>SAPEVATE CHE CI SONO PI\u00d9 DI 21 MODI IN CUI UN SUBACQUEO PU\u00d2 RIMANERE SENZA ARIA SOTT'ACQUA?<\/p>\n<p>SIATE PREPARATI ED EVITATE PROBLEMI PORTANDO CON VOI ARIA DI RISERVA DURANTE L'IMMERSIONE!<\/p>\n<p>Poich\u00e9 in quasi tutti i casi un problema \u00e8 tecnicamente legato alla pratica, il motivo principale non viene elencato.<\/p>\n<p>Perch\u00e9 portare con s\u00e9 un paracadute di riserva \u00e8 gi\u00e0 una tranquillit\u00e0 per i familiari, i figli e gli amici che non si immergono. L'idea di portare con voi sott'acqua un paracadute di riserva per riemergere in sicurezza se dovesse accadere qualcosa alla vostra riserva d'aria inaspettatamente, dar\u00e0 maggiore tranquillit\u00e0 ai vostri cari quando siete sott'acqua. Non lo fate per voi stessi? Allora fatelo per loro!<\/p>\n<p>&nbsp;<\/p>\n<ol>\n<li>Dimenticando l'ora, si rimane sott'acqua per troppo tempo.<\/li>\n<li>Consumo d'aria pi\u00f9 rapido del previsto dovuto al superamento della profondit\u00e0, all'impigliamento in una corrente, alla perdita, alla narcosi da azoto, all'immersione in acque fredde, all'impigliamento in un kelp o in una lenza.<\/li>\n<li>Guasto improvviso del respiratore dovuto a corrosione o a un intervallo di tempo troppo lungo tra le revisioni.<\/li>\n<li>O-ring difettoso su una delle porte dello sfiatatoio del primo stadio.<\/li>\n<li>regolatore bloccato in \"free-flow\" a causa di sporco o sabbia.<\/li>\n<li>Il regolatore si \"congela\" nell'acqua fredda e improvvisamente non fornisce pi\u00f9 aria.<\/li>\n<li>Manometro bloccato che indica una pressione errata nella bombola del gas di respirazione.<\/li>\n<li>L'alimentazione di aria respirabile si blocca dalla bombola perch\u00e9 la valvola non \u00e8 completamente aperta.<\/li>\n<li>Rottura dell'O-ring della bombola di immersione dovuta a un posizionamento errato dell'erogatore, a un O-ring sbagliato o all'usura.<\/li>\n<li>La membrana del regolatore di secondo stadio presenta una crepa o scivola fuori posto.<\/li>\n<li>O-ring difettoso sul gonfiatore BCD o manopola bloccata in posizione aperta.<\/li>\n<li>Disco di rottura difettoso sulla valvola della bombola subacquea a causa della corrosione o dell'et\u00e0.<\/li>\n<li>Filtro intasato sullo sfiatatoio del primo stadio a causa di sedimenti o ruggine provenienti dal cilindro.<\/li>\n<li>Si verifica una perdita in uno dei collegamenti del tubo flessibile di alta o bassa pressione.<\/li>\n<li>Il boccaglio del secondo stadio si stacca improvvisamente dal regolatore.<\/li>\n<li>O-ring difettoso nel manometro.<\/li>\n<li>Difetti\/soffocamento dei tubi flessibili di alta o bassa pressione.<\/li>\n<li>O-ring difettoso sul regolatore Octopus.<\/li>\n<li>Bombola (a noleggio) non completamente riempita. Immersione senza controllo.<\/li>\n<li>Danno al primo stadio del regolatore urto o impatto.<\/li>\n<li>Il tubo flessibile ad alta o bassa pressione si guasta a causa di rocce\/ostacoli taglienti.<\/li>\n<\/ol>\n<p>&nbsp;<\/p>\n<p>(Fonte: registri di incidenti subacquei, articoli pubblicati su riviste subacquee e lettere di clienti SPARE AIR).<\/p>","protected":false},"featured_media":1347,"comment_status":"open","ping_status":"closed","template":"","meta":{"_acf_changed":false},"product_cat":[44],"product_tag":[274,275,276,277,278,279,280,281,282,283,246,284,286,287,288,289,290,291,293,294,295,168,296,297,298,299,300,301,302,303,304,305,306,307,308,309,310,311,312,313,315,316,317,318,319,320,321,322,323,324,325,326],"class_list":{"0":"post-1357","1":"product","2":"type-product","3":"status-publish","4":"has-post-thumbnail","6":"product_cat-spare-air","7":"product_tag-ademautomaat","8":"product_tag-ademlucht","9":"product_tag-automaat","10":"product_tag-black","11":"product_tag-bovenwater","12":"product_tag-brand","13":"product_tag-chemical","14":"product_tag-chemie","15":"product_tag-diving","16":"product_tag-duikcilinder","17":"product_tag-duiken","18":"product_tag-duikfles","19":"product_tag-escape","20":"product_tag-geen-lucht","21":"product_tag-helikopter","22":"product_tag-in-nood","23":"product_tag-industrial","24":"product_tag-industrie","25":"product_tag-levens","26":"product_tag-lives","27":"product_tag-noodmiddel","28":"product_tag-onderwater","29":"product_tag-ontsnappen","30":"product_tag-ontsnapping","31":"product_tag-ontsnappingsmiddel","32":"product_tag-original","33":"product_tag-origineel","34":"product_tag-pack","35":"product_tag-perslucht","36":"product_tag-recreatie","37":"product_tag-redden","38":"product_tag-redmiddel","39":"product_tag-regulator","40":"product_tag-rescue","41":"product_tag-reserve-lucht","42":"product_tag-rook","43":"product_tag-safe","44":"product_tag-scuba","45":"product_tag-self-reliant","46":"product_tag-smoke","47":"product_tag-snorkelen","48":"product_tag-spare-air","49":"product_tag-spareair","50":"product_tag-stikken","51":"product_tag-te-water","52":"product_tag-unit","53":"product_tag-verdrinking-tegengaan","54":"product_tag-yellow","55":"product_tag-zelfredzaam","56":"product_tag-zelfstandig","57":"product_tag-zwart","58":"product_tag-zwemmen","60":"first","61":"instock","62":"shipping-taxable","63":"product-type-simple"},"acf":[],"_links":{"self":[{"href":"https:\/\/spareair.eu\/it\/wp-json\/wp\/v2\/product\/1357","targetHints":{"allow":["GET"]}}],"collection":[{"href":"https:\/\/spareair.eu\/it\/wp-json\/wp\/v2\/product"}],"about":[{"href":"https:\/\/spareair.eu\/it\/wp-json\/wp\/v2\/types\/product"}],"replies":[{"embeddable":true,"href":"https:\/\/spareair.eu\/it\/wp-json\/wp\/v2\/comments?post=1357"}],"wp:featuredmedia":[{"embeddable":true,"href":"https:\/\/spareair.eu\/it\/wp-json\/wp\/v2\/media\/1347"}],"wp:attachment":[{"href":"https:\/\/spareair.eu\/it\/wp-json\/wp\/v2\/media?parent=1357"}],"wp:term":[{"taxonomy":"product_cat","embeddable":true,"href":"https:\/\/spareair.eu\/it\/wp-json\/wp\/v2\/product_cat?post=1357"},{"taxonomy":"product_tag","embeddable":true,"href":"https:\/\/spareair.eu\/it\/wp-json\/wp\/v2\/product_tag?post=1357"}],"curies":[{"name":"wp","href":"https:\/\/api.w.org\/{rel}","templated":true}]}}