{"id":1419,"date":"2024-04-16T15:11:30","date_gmt":"2024-04-16T13:11:30","guid":{"rendered":"https:\/\/determined-herschel.45-82-188-209.plesk.page\/?post_type=product&#038;p=1419"},"modified":"2024-04-16T15:29:37","modified_gmt":"2024-04-16T13:29:37","slug":"spare-air-xtreme-watersport-1-7-cu-ft-cylinder-sa170pkx","status":"publish","type":"product","link":"https:\/\/spareair.eu\/it\/product\/ricambio-air-xtreme-watersport-1-7-cu-ft-cylinder-sa170pkx\/","title":{"rendered":"Ricambio Air Xtreme Watersport 1.7 cu.ft. Cilindro #SA170PKX"},"content":{"rendered":"","protected":false},"excerpt":{"rendered":"<p>Ricambio Air Xtreme Watersport 1.7 cu.ft. Cilindro<br \/>\nCodice prodotto SA170PKX<\/p>\n<p>Il pacchetto Spare Air Xtreme Dual Sport comprende:<br \/>\nIl modello pi\u00f9 grande di Spare Air Xtreme, da 1,7 piedi, pu\u00f2 essere utilizzato per diversi sport acquatici, tra cui le immersioni. Il Dual Sport Xtreme offre pi\u00f9 respiri del nostro Xtreme pi\u00f9 piccolo ed \u00e8 pronto quando ne avete bisogno, qualunque sia il vostro sport acquatico. Potente erogatore subacqueo con bombola in alluminio testata DOT da 3000 psi (circa 32 respiri in superficie). Include un gilet in neoprene nero che permette di riporre l'unit\u00e0 Spare Air Xtreme sul petto per respirare a mani libere! Taglia unica, completamente regolabile.<br \/>\nNota: le unit\u00e0 vengono spedite vuote. Utilizzare l'adattatore per compressore d'aria SA920C (venduto separatamente) per ricaricare con un compressore d'aria respirabile o l'adattatore per bombola SCUBA SA910S (venduto separatamente) per ricaricare da qualsiasi bombola SCUBA piena a 3000 psi.<br \/>\nSpecifiche del prodotto:<br \/>\nNumero di parte: 170PKX<br \/>\nLunghezza: 22 cm<br \/>\nDiametro: 5,7 cm<br \/>\nPeso (pieno): 1,5 lbs [0,68 kg].<br \/>\nValori di pressione del cilindro: 3000 PSI [207 BAR].<br \/>\nVolume del cilindro: 1,7 cu ft [48 litri]<br \/>\nMateriale del cilindro: alluminio - anodizzato nero<br \/>\nScarico della pressione: integrato nel regolatore<br \/>\nTipo di regolatore: monostadio bilanciato<br \/>\nTemperatura di esercizio: -22 \u00b0 F [-30 \u00b0 C]+ 158 \u00b0 F [+ 70 \u00b0 C].<br \/>\nDurata dell'alimentazione d'aria: circa 32 respiri in superficie.<\/p>","protected":false},"featured_media":1420,"comment_status":"open","ping_status":"closed","template":"","meta":{"_acf_changed":false},"product_cat":[142],"product_tag":[274,275,276,277,278,279,280,281,282,283,246,284,286,287,288,289,290,291,293,294,295,168,296,297,298,299,300,301,302,303,304,305,306,307,308,309,310,311,312,313,315,316,317,318,319,320,321,329,322,323,324,325,326],"class_list":{"0":"post-1419","1":"product","2":"type-product","3":"status-publish","4":"has-post-thumbnail","6":"product_cat-xtreme-sport","7":"product_tag-ademautomaat","8":"product_tag-ademlucht","9":"product_tag-automaat","10":"product_tag-black","11":"product_tag-bovenwater","12":"product_tag-brand","13":"product_tag-chemical","14":"product_tag-chemie","15":"product_tag-diving","16":"product_tag-duikcilinder","17":"product_tag-duiken","18":"product_tag-duikfles","19":"product_tag-escape","20":"product_tag-geen-lucht","21":"product_tag-helikopter","22":"product_tag-in-nood","23":"product_tag-industrial","24":"product_tag-industrie","25":"product_tag-levens","26":"product_tag-lives","27":"product_tag-noodmiddel","28":"product_tag-onderwater","29":"product_tag-ontsnappen","30":"product_tag-ontsnapping","31":"product_tag-ontsnappingsmiddel","32":"product_tag-original","33":"product_tag-origineel","34":"product_tag-pack","35":"product_tag-perslucht","36":"product_tag-recreatie","37":"product_tag-redden","38":"product_tag-redmiddel","39":"product_tag-regulator","40":"product_tag-rescue","41":"product_tag-reserve-lucht","42":"product_tag-rook","43":"product_tag-safe","44":"product_tag-scuba","45":"product_tag-self-reliant","46":"product_tag-smoke","47":"product_tag-snorkelen","48":"product_tag-spare-air","49":"product_tag-spareair","50":"product_tag-stikken","51":"product_tag-te-water","52":"product_tag-unit","53":"product_tag-verdrinking-tegengaan","54":"product_tag-xtreme-sport","55":"product_tag-yellow","56":"product_tag-zelfredzaam","57":"product_tag-zelfstandig","58":"product_tag-zwart","59":"product_tag-zwemmen","61":"first","62":"instock","63":"shipping-taxable","64":"product-type-simple"},"acf":[],"_links":{"self":[{"href":"https:\/\/spareair.eu\/it\/wp-json\/wp\/v2\/product\/1419","targetHints":{"allow":["GET"]}}],"collection":[{"href":"https:\/\/spareair.eu\/it\/wp-json\/wp\/v2\/product"}],"about":[{"href":"https:\/\/spareair.eu\/it\/wp-json\/wp\/v2\/types\/product"}],"replies":[{"embeddable":true,"href":"https:\/\/spareair.eu\/it\/wp-json\/wp\/v2\/comments?post=1419"}],"wp:featuredmedia":[{"embeddable":true,"href":"https:\/\/spareair.eu\/it\/wp-json\/wp\/v2\/media\/1420"}],"wp:attachment":[{"href":"https:\/\/spareair.eu\/it\/wp-json\/wp\/v2\/media?parent=1419"}],"wp:term":[{"taxonomy":"product_cat","embeddable":true,"href":"https:\/\/spareair.eu\/it\/wp-json\/wp\/v2\/product_cat?post=1419"},{"taxonomy":"product_tag","embeddable":true,"href":"https:\/\/spareair.eu\/it\/wp-json\/wp\/v2\/product_tag?post=1419"}],"curies":[{"name":"wp","href":"https:\/\/api.w.org\/{rel}","templated":true}]}}