{"id":1423,"date":"2024-04-16T15:15:31","date_gmt":"2024-04-16T13:15:31","guid":{"rendered":"https:\/\/determined-herschel.45-82-188-209.plesk.page\/?post_type=product&#038;p=1423"},"modified":"2024-04-16T15:31:23","modified_gmt":"2024-04-16T13:31:23","slug":"easydive-kit-geen-tank-sa700-005","status":"publish","type":"product","link":"https:\/\/spareair.eu\/it\/product\/kit-easydive-senza-bombola-sa700-005\/","title":{"rendered":"Kit EasyDive (SENZA SERBATOIO) #SA700-005"},"content":{"rendered":"","protected":false},"excerpt":{"rendered":"<p>Kit EasyDive (SENZA SERBATOIO)<br \/>\nN. di prodotto SA700-005<\/p>\n<p>Il kit EasyDive \u00e8 un sistema completo di immersione e snorkeling minimalista. Il kit comprende il New Snorkelator, una tecnologia brevettata che consente ai subacquei di combinare il proprio snorkel con qualsiasi erogatore subacqueo. Passate dallo snorkel all'erogatore con la manopola e un solo boccaglio! Non pi\u00f9 limitati alle nuotate in superficie e a quelle veloci sott'acqua, gli snorkelisti possono fare immersioni occasionali pi\u00f9 profonde per esplorare i bassi fondali, con un'attrezzatura inferiore a quella di cui avrebbe bisogno un subacqueo completo.<\/p>\n<p>L'intero kit pesa solo 15 libbre (con il serbatoio) e comprende:<br \/>\n- Snorkelator (boccaglio a secco con Snorkelator che consente di passare dalla modalit\u00e0 snorkel a quella di immersione tramite la manopola)<br \/>\n- Imbracatura personalizzata (con tasche per pesi morbidi opzionali, imbottita, taglia unica, senza gonfiaggio)<br \/>\n- Esclusiva combinazione valvola serbatoio\/regolatore del primo stadio: il pi\u00f9 piccolo ingombro e il pi\u00f9 basso peso al mondo!<br \/>\n- Controllore di 2a fase<br \/>\n- Mini-manometro collegato al tubo flessibile ad alta pressione<br \/>\n-Adattatore per la ricarica del compressore d'aria (bombola di un compressore d'aria respirabile ad alta pressione venduta separatamente o reperibile in un negozio di immersioni o su una barca per immersioni).<br \/>\n-Borsa da trasporto GREE<\/p>\n<p>Perch\u00e9 acquistare un kit di immersione standard che pesa oltre 50 libbre e costa di pi\u00f9, quando si pu\u00f2 acquistare il kit EasyDive per sole 15 libbre!<br \/>\nIl kit EasyDive pesa 1\/3 e costa circa la met\u00e0 di una configurazione standard!<\/p>\n<p>A chi \u00e8 destinato il kit EasyDive?<br \/>\n- Chiunque voglia tuffarsi in acqua velocemente.<\/p>\n<p>L'EasyDive offre circa 25 minuti (a 15 piedi) per:<br \/>\n- recuperare dall'acqua gli oggetti caduti<br \/>\n- Controllare l'elica dell'imbarcazione \/ la cima dell'ancora \/ eseguire la manutenzione dell'imbarcazione<br \/>\n- divertimento a breve termine facendo snorkeling\/immersioni in acque poco profonde<br \/>\n- fotografia subacquea (tutti sanno che la luce migliore per le foto si trova in acque poco profonde, quindi un normale setup da immersione \u00e8 eccessivo in questo caso)<br \/>\n- Caccia subacquea - che si tratti di capesante, aragoste o ricci, il kit EasyDive \u00e8 perfetto!<\/p>\n<p>FAQ:<br \/>\n1. Come faccio a riempire il mio EasyDive?<br \/>\nPortate l'EasyDive e l'adattatore di ricarica in dotazione in un negozio di immersioni e vi riempiranno il serbatoio per un costo nominale. I negozi di immersione dispongono di compressori d'aria ad alta pressione che pompano aria respirabile pulita. \u00c8 disponibile separatamente un piccolo compressore d'aria portatile.<br \/>\n2. Posso riempire il mio EasyDive con un compressore acquistato in un negozio di ferramenta?<br \/>\nNo, EasyDive ha un serbatoio da 3000 psi, ma i piccoli compressori venduti nei negozi di bricolage pompano solo circa 125 psi. Inoltre, questi compressori non filtrano l'aria, quindi non respirano aria di qualit\u00e0.<br \/>\n3. Posso viaggiare su una compagnia aerea commerciale con EasyDive?<br \/>\nLe norme TSA richiedono la rimozione della valvola dalla bombola, che nel caso di EasyDive \u00e8 fissata professionalmente. Pertanto, per rimuoverla e rimontarla \u00e8 necessario l'intervento di un professionista. Pertanto, non consigliamo di volare con il sistema EasyDive. Un'alternativa \u00e8 quella di spedire la bombola (che deve essere vuota) alla destinazione di vacanza prima del viaggio e di far riempire l'EasyDive a destinazione.<br \/>\n4. Di quale manutenzione ha bisogno EasyDive?<br \/>\nCome tutte le attrezzature subacquee, devono essere sciacquate accuratamente dopo ogni immersione per rimuovere l'acqua salata e la sabbia. Conservare EasyDive con una quantit\u00e0 minima di aria nella bombola. Ogni anno circa l'erogatore dovrebbe essere revisionato dal negozio di immersioni locale e ogni cinque anni la bombola deve essere sottoposta a un test professionale, chiamato idro-test, eseguito da un negozio di immersioni.<br \/>\n5. Posso acquistare un cilindro in pi\u00f9?<br \/>\nIl modo in cui EasyDive \u00e8 stato progettato integra la valvola della bombola e l'erogatore del 1\u00b0 stadio in un ingombro molto ridotto e leggero, a differenza delle configurazioni subacquee standard. Ci\u00f2 significa che non \u00e8 possibile sostituire la bombola con un'altra bombola piena.<br \/>\n6. Devo essere un subacqueo certificato per usare EasyDive?<br \/>\nS\u00ec, gli utenti devono essere in possesso di un brevetto di immersione per comprendere le procedure corrette e i rischi connessi all'uso dell'attrezzatura subacquea.<br \/>\n7. A quale profondit\u00e0 posso utilizzare il kit EasyDive?<br \/>\nSi consiglia di utilizzare EasyDive a meno di 9 metri.<\/p>","protected":false},"featured_media":1424,"comment_status":"open","ping_status":"closed","template":"","meta":{"_acf_changed":false},"product_cat":[28],"product_tag":[274,275,276,277,278,279,280,281,282,283,246,284,285,286,287,288,289,290,291,292,293,294,295,168,296,297,298,299,300,301,302,303,304,305,306,307,308,309,310,311,312,313,315,316,317,318,319,320,321,322,323,324,325,326],"class_list":{"0":"post-1423","1":"product","2":"type-product","3":"status-publish","4":"has-post-thumbnail","6":"product_cat-easydive","7":"product_tag-ademautomaat","8":"product_tag-ademlucht","9":"product_tag-automaat","10":"product_tag-black","11":"product_tag-bovenwater","12":"product_tag-brand","13":"product_tag-chemical","14":"product_tag-chemie","15":"product_tag-diving","16":"product_tag-duikcilinder","17":"product_tag-duiken","18":"product_tag-duikfles","19":"product_tag-easydive","20":"product_tag-escape","21":"product_tag-geen-lucht","22":"product_tag-helikopter","23":"product_tag-in-nood","24":"product_tag-industrial","25":"product_tag-industrie","26":"product_tag-kit","27":"product_tag-levens","28":"product_tag-lives","29":"product_tag-noodmiddel","30":"product_tag-onderwater","31":"product_tag-ontsnappen","32":"product_tag-ontsnapping","33":"product_tag-ontsnappingsmiddel","34":"product_tag-original","35":"product_tag-origineel","36":"product_tag-pack","37":"product_tag-perslucht","38":"product_tag-recreatie","39":"product_tag-redden","40":"product_tag-redmiddel","41":"product_tag-regulator","42":"product_tag-rescue","43":"product_tag-reserve-lucht","44":"product_tag-rook","45":"product_tag-safe","46":"product_tag-scuba","47":"product_tag-self-reliant","48":"product_tag-smoke","49":"product_tag-snorkelen","50":"product_tag-spare-air","51":"product_tag-spareair","52":"product_tag-stikken","53":"product_tag-te-water","54":"product_tag-unit","55":"product_tag-verdrinking-tegengaan","56":"product_tag-yellow","57":"product_tag-zelfredzaam","58":"product_tag-zelfstandig","59":"product_tag-zwart","60":"product_tag-zwemmen","62":"first","63":"instock","64":"shipping-taxable","65":"product-type-simple"},"acf":[],"_links":{"self":[{"href":"https:\/\/spareair.eu\/it\/wp-json\/wp\/v2\/product\/1423","targetHints":{"allow":["GET"]}}],"collection":[{"href":"https:\/\/spareair.eu\/it\/wp-json\/wp\/v2\/product"}],"about":[{"href":"https:\/\/spareair.eu\/it\/wp-json\/wp\/v2\/types\/product"}],"replies":[{"embeddable":true,"href":"https:\/\/spareair.eu\/it\/wp-json\/wp\/v2\/comments?post=1423"}],"wp:featuredmedia":[{"embeddable":true,"href":"https:\/\/spareair.eu\/it\/wp-json\/wp\/v2\/media\/1424"}],"wp:attachment":[{"href":"https:\/\/spareair.eu\/it\/wp-json\/wp\/v2\/media?parent=1423"}],"wp:term":[{"taxonomy":"product_cat","embeddable":true,"href":"https:\/\/spareair.eu\/it\/wp-json\/wp\/v2\/product_cat?post=1423"},{"taxonomy":"product_tag","embeddable":true,"href":"https:\/\/spareair.eu\/it\/wp-json\/wp\/v2\/product_tag?post=1423"}],"curies":[{"name":"wp","href":"https:\/\/api.w.org\/{rel}","templated":true}]}}