{"id":1229,"date":"2024-04-15T13:52:02","date_gmt":"2024-04-15T11:52:02","guid":{"rendered":"https:\/\/determined-herschel.45-82-188-209.plesk.page\/?page_id=1229"},"modified":"2024-04-16T18:12:47","modified_gmt":"2024-04-16T16:12:47","slug":"nieuws","status":"publish","type":"page","link":"https:\/\/spareair.eu\/pl\/wiadomosci\/","title":{"rendered":"Aktualno\u015bci"},"content":{"rendered":"<div data-elementor-type=\"wp-page\" data-elementor-id=\"1229\" class=\"elementor elementor-1229\" data-elementor-post-type=\"page\">\n\t\t\t\t\t\t<div class=\"has_ae_slider elementor-section elementor-top-section elementor-element elementor-element-f35791a elementor-section-boxed elementor-section-height-default elementor-section-height-default ae-bg-gallery-type-default\" data-id=\"f35791a\" data-element_type=\"section\" data-settings=\"{&quot;background_background&quot;:&quot;classic&quot;}\">\n\t\t\t\t\t\t<div class=\"elementor-container elementor-column-gap-no\">\n\t\t\t\t\t<div class=\"has_ae_slider elementor-column elementor-col-100 elementor-top-column elementor-element elementor-element-2b50a38 ae-bg-gallery-type-default\" data-id=\"2b50a38\" data-element_type=\"column\">\n\t\t\t<div class=\"elementor-widget-wrap elementor-element-populated\">\n\t\t\t\t\t\t<div class=\"elementor-element elementor-element-30f6d7d elementor-widget elementor-widget-spacer\" data-id=\"30f6d7d\" data-element_type=\"widget\" data-widget_type=\"spacer.default\">\n\t\t\t\t<div class=\"elementor-widget-container\">\n\t\t\t<style>\/*! elementor - v3.23.0 - 25-07-2024 *\/\n.elementor-column .elementor-spacer-inner{height:var(--spacer-size)}.e-con{--container-widget-width:100%}.e-con-inner>.elementor-widget-spacer,.e-con>.elementor-widget-spacer{width:var(--container-widget-width,var(--spacer-size));--align-self:var(--container-widget-align-self,initial);--flex-shrink:0}.e-con-inner>.elementor-widget-spacer>.elementor-widget-container,.e-con>.elementor-widget-spacer>.elementor-widget-container{height:100%;width:100%}.e-con-inner>.elementor-widget-spacer>.elementor-widget-container>.elementor-spacer,.e-con>.elementor-widget-spacer>.elementor-widget-container>.elementor-spacer{height:100%}.e-con-inner>.elementor-widget-spacer>.elementor-widget-container>.elementor-spacer>.elementor-spacer-inner,.e-con>.elementor-widget-spacer>.elementor-widget-container>.elementor-spacer>.elementor-spacer-inner{height:var(--container-widget-height,var(--spacer-size))}.e-con-inner>.elementor-widget-spacer.elementor-widget-empty,.e-con>.elementor-widget-spacer.elementor-widget-empty{position:relative;min-height:22px;min-width:22px}.e-con-inner>.elementor-widget-spacer.elementor-widget-empty .elementor-widget-empty-icon,.e-con>.elementor-widget-spacer.elementor-widget-empty .elementor-widget-empty-icon{position:absolute;top:0;bottom:0;left:0;right:0;margin:auto;padding:0;width:22px;height:22px}<\/style>\t\t<div class=\"elementor-spacer\">\n\t\t\t<div class=\"elementor-spacer-inner\"><\/div>\n\t\t<\/div>\n\t\t\t\t<\/div>\n\t\t\t\t<\/div>\n\t\t\t\t<div class=\"elementor-element elementor-element-ad54016 elementor-widget__width-initial elementor-widget-tablet__width-initial elementor-widget-mobile__width-inherit elementor-widget elementor-widget-heading\" data-id=\"ad54016\" data-element_type=\"widget\" data-widget_type=\"heading.default\">\n\t\t\t\t<div class=\"elementor-widget-container\">\n\t\t\t<style>\/*! elementor - v3.23.0 - 25-07-2024 *\/\n.elementor-heading-title{padding:0;margin:0;line-height:1}.elementor-widget-heading .elementor-heading-title[class*=elementor-size-]>a{color:inherit;font-size:inherit;line-height:inherit}.elementor-widget-heading .elementor-heading-title.elementor-size-small{font-size:15px}.elementor-widget-heading .elementor-heading-title.elementor-size-medium{font-size:19px}.elementor-widget-heading .elementor-heading-title.elementor-size-large{font-size:29px}.elementor-widget-heading .elementor-heading-title.elementor-size-xl{font-size:39px}.elementor-widget-heading .elementor-heading-title.elementor-size-xxl{font-size:59px}<\/style><h2 class=\"elementor-heading-title elementor-size-default\">Aktualno\u015bci<\/h2>\t\t<\/div>\n\t\t\t\t<\/div>\n\t\t\t\t<div class=\"elementor-element elementor-element-e63fb8f elementor-widget elementor-widget-spacer\" data-id=\"e63fb8f\" data-element_type=\"widget\" data-widget_type=\"spacer.default\">\n\t\t\t\t<div class=\"elementor-widget-container\">\n\t\t\t\t\t<div class=\"elementor-spacer\">\n\t\t\t<div class=\"elementor-spacer-inner\"><\/div>\n\t\t<\/div>\n\t\t\t\t<\/div>\n\t\t\t\t<\/div>\n\t\t<div class=\"has_ae_slider elementor-element elementor-element-37e776f e-flex e-con-boxed ae-bg-gallery-type-default e-con e-parent\" data-id=\"37e776f\" data-element_type=\"container\">\n\t\t\t\t\t<div class=\"e-con-inner\">\n\t\t\t\t<div class=\"elementor-element elementor-element-17fb798 elementor-widget__width-initial elementor-widget-tablet__width-initial elementor-widget-mobile__width-inherit elementor-widget elementor-widget-text-editor\" data-id=\"17fb798\" data-element_type=\"widget\" data-widget_type=\"text-editor.default\">\n\t\t\t\t<div class=\"elementor-widget-container\">\n\t\t\t<style>\/*! elementor - v3.23.0 - 25-07-2024 *\/\n.elementor-widget-text-editor.elementor-drop-cap-view-stacked .elementor-drop-cap{background-color:#69727d;color:#fff}.elementor-widget-text-editor.elementor-drop-cap-view-framed .elementor-drop-cap{color:#69727d;border:3px solid;background-color:transparent}.elementor-widget-text-editor:not(.elementor-drop-cap-view-default) .elementor-drop-cap{margin-top:8px}.elementor-widget-text-editor:not(.elementor-drop-cap-view-default) .elementor-drop-cap-letter{width:1em;height:1em}.elementor-widget-text-editor .elementor-drop-cap{float:left;text-align:center;line-height:1;font-size:50px}.elementor-widget-text-editor .elementor-drop-cap-letter{display:inline-block}<\/style>\t\t\t\t<p>Przegl\u0105d wszystkich naszych wiadomo\u015bci.<\/p>\t\t\t\t\t\t<\/div>\n\t\t\t\t<\/div>\n\t\t\t\t\t<\/div>\n\t\t\t\t<\/div>\n\t\t\t\t<div class=\"facetwp-template facetwp-elementor-widget elementor-element elementor-element-144a9a6 elementor-grid-3 elementor-grid-tablet-2 elementor-grid-mobile-1 elementor-widget elementor-widget-loop-grid\" data-id=\"144a9a6\" data-element_type=\"widget\" data-settings=\"{&quot;template_id&quot;:&quot;1284&quot;,&quot;columns&quot;:3,&quot;_skin&quot;:&quot;post&quot;,&quot;columns_tablet&quot;:&quot;2&quot;,&quot;columns_mobile&quot;:&quot;1&quot;,&quot;edit_handle_selector&quot;:&quot;[data-elementor-type=\\&quot;loop-item\\&quot;]&quot;,&quot;row_gap&quot;:{&quot;unit&quot;:&quot;px&quot;,&quot;size&quot;:&quot;&quot;,&quot;sizes&quot;:[]},&quot;row_gap_tablet&quot;:{&quot;unit&quot;:&quot;px&quot;,&quot;size&quot;:&quot;&quot;,&quot;sizes&quot;:[]},&quot;row_gap_mobile&quot;:{&quot;unit&quot;:&quot;px&quot;,&quot;size&quot;:&quot;&quot;,&quot;sizes&quot;:[]}}\" data-widget_type=\"loop-grid.post\">\n\t\t\t\t<div class=\"elementor-widget-container\">\n\t\t\t<link rel=\"stylesheet\" href=\"https:\/\/spareair.eu\/wp-content\/plugins\/elementor-pro\/assets\/css\/widget-loop-builder.min.css?ver=1722497379\">\t\t<div class=\"elementor-loop-container elementor-grid\">\n\t\t<style id=\"loop-1284\">.elementor-1284 .elementor-element.elementor-element-4974576 > .elementor-widget-wrap > .elementor-widget:not(.elementor-widget__width-auto):not(.elementor-widget__width-initial):not(:last-child):not(.elementor-absolute){margin-bottom:15px;}.elementor-1284 .elementor-element.elementor-element-4974576:not(.elementor-motion-effects-element-type-background) > .elementor-widget-wrap, .elementor-1284 .elementor-element.elementor-element-4974576 > .elementor-widget-wrap > .elementor-motion-effects-container > .elementor-motion-effects-layer{background-color:var( --e-global-color-uicore_white );}.elementor-1284 .elementor-element.elementor-element-4974576 > .elementor-element-populated{border-style:solid;border-width:1px 1px 1px 1px;border-color:#B2B4B93B;transition:background 0.3s, border 0.3s, border-radius 0.3s, box-shadow 0.3s;margin:10px 10px 10px 10px;--e-column-margin-right:10px;--e-column-margin-left:10px;padding:32px 32px 32px 32px;}.elementor-1284 .elementor-element.elementor-element-4974576 > .elementor-element-populated, .elementor-1284 .elementor-element.elementor-element-4974576 > .elementor-element-populated > .elementor-background-overlay, .elementor-1284 .elementor-element.elementor-element-4974576 > .elementor-background-slideshow{border-radius:16px 16px 16px 16px;}.elementor-1284 .elementor-element.elementor-element-4974576 > .elementor-element-populated > .elementor-background-overlay{transition:background 0.3s, border-radius 0.3s, opacity 0.3s;}.elementor-1284 .elementor-element.elementor-element-3cb132c > .elementor-widget-container{margin:0% 0% 5% 0%;}.elementor-1284 .elementor-element.elementor-element-15690e7{font-family:var( --e-global-typography-uicore_text-font-family ), Sans-serif;font-weight:var( --e-global-typography-uicore_text-font-weight );}.elementor-1284 .elementor-element.elementor-element-94197a0 .elementor-button{fill:var( --e-global-color-uicore_secondary );color:var( --e-global-color-uicore_secondary );background-color:var( --e-global-color-uicore_primary );}@media(max-width:1024px){.elementor-1284 .elementor-element.elementor-element-4974576 > .elementor-element-populated, .elementor-1284 .elementor-element.elementor-element-4974576 > .elementor-element-populated > .elementor-background-overlay, .elementor-1284 .elementor-element.elementor-element-4974576 > .elementor-background-slideshow{border-radius:14px 14px 14px 14px;}.elementor-1284 .elementor-element.elementor-element-4974576 > .elementor-element-populated{padding:19px 24px 24px 24px;}}@media(max-width:767px){.elementor-1284 .elementor-element.elementor-element-4974576 > .elementor-element-populated, .elementor-1284 .elementor-element.elementor-element-4974576 > .elementor-element-populated > .elementor-background-overlay, .elementor-1284 .elementor-element.elementor-element-4974576 > .elementor-background-slideshow{border-radius:12px 12px 12px 12px;}.elementor-1284 .elementor-element.elementor-element-4974576 > .elementor-element-populated{padding:6px 24px 24px 24px;}}<\/style>\t\t<div data-elementor-type=\"loop-item\" data-elementor-id=\"1284\" class=\"elementor elementor-1284 e-loop-item e-loop-item-1273 post-1273 post type-post status-publish format-standard has-post-thumbnail hentry category-uncategorized\" data-elementor-post-type=\"elementor_library\" data-custom-edit-handle=\"1\">\n\t\t\t\t\t<section class=\"has_ae_slider elementor-section elementor-top-section elementor-element elementor-element-12dfbe8 elementor-section-full_width elementor-section-height-default elementor-section-height-default ae-bg-gallery-type-default\" data-id=\"12dfbe8\" data-element_type=\"section\">\n\t\t\t\t\t\t<div class=\"elementor-container elementor-column-gap-default\">\n\t\t\t\t\t<div data-ep-wrapper-link=\"{&quot;url&quot;:&quot;https:\\\/\\\/spareair.eu\\\/pl\\\/zaktualizowany-mini-manometr\\\/&quot;,&quot;is_external&quot;:&quot;&quot;,&quot;nofollow&quot;:&quot;&quot;,&quot;custom_attributes&quot;:&quot;&quot;}\" style=\"cursor: pointer\" class=\"bdt-element-link has_ae_slider elementor-column elementor-col-100 elementor-top-column elementor-element elementor-element-4974576 ae-bg-gallery-type-default\" data-id=\"4974576\" data-element_type=\"column\" data-settings=\"{&quot;background_background&quot;:&quot;classic&quot;}\">\n\t\t\t<div class=\"elementor-widget-wrap elementor-element-populated\">\n\t\t\t\t\t\t<div class=\"elementor-element elementor-element-3cb132c elementor-widget elementor-widget-image\" data-id=\"3cb132c\" data-element_type=\"widget\" data-widget_type=\"image.default\">\n\t\t\t\t<div class=\"elementor-widget-container\">\n\t\t\t<style>\/*! elementor - v3.23.0 - 25-07-2024 *\/\n.elementor-widget-image{text-align:center}.elementor-widget-image a{display:inline-block}.elementor-widget-image a img[src$=\".svg\"]{width:48px}.elementor-widget-image img{vertical-align:middle;display:inline-block}<\/style>\t\t\t\t\t\t\t\t\t\t<img fetchpriority=\"high\" decoding=\"async\" width=\"1000\" height=\"625\" src=\"https:\/\/spareair.eu\/wp-content\/uploads\/2024\/04\/Dial_Gauge_Face_Spare_air_parts_SA003DGS_side_800x500-1024x640.jpg\" class=\"attachment-large size-large wp-image-1274\" alt=\"\" srcset=\"https:\/\/spareair.eu\/wp-content\/uploads\/2024\/04\/Dial_Gauge_Face_Spare_air_parts_SA003DGS_side_800x500-1024x640.jpg 1024w, https:\/\/spareair.eu\/wp-content\/uploads\/2024\/04\/Dial_Gauge_Face_Spare_air_parts_SA003DGS_side_800x500-300x187.jpg 300w, https:\/\/spareair.eu\/wp-content\/uploads\/2024\/04\/Dial_Gauge_Face_Spare_air_parts_SA003DGS_side_800x500-768x480.jpg 768w, https:\/\/spareair.eu\/wp-content\/uploads\/2024\/04\/Dial_Gauge_Face_Spare_air_parts_SA003DGS_side_800x500-1536x960.jpg 1536w, https:\/\/spareair.eu\/wp-content\/uploads\/2024\/04\/Dial_Gauge_Face_Spare_air_parts_SA003DGS_side_800x500-2048x1280.jpg 2048w, https:\/\/spareair.eu\/wp-content\/uploads\/2024\/04\/Dial_Gauge_Face_Spare_air_parts_SA003DGS_side_800x500-650x406.jpg 650w, https:\/\/spareair.eu\/wp-content\/uploads\/2024\/04\/Dial_Gauge_Face_Spare_air_parts_SA003DGS_side_800x500-600x375.jpg 600w\" sizes=\"(max-width: 1000px) 100vw, 1000px\" \/>\t\t\t\t\t\t\t\t\t\t\t\t\t<\/div>\n\t\t\t\t<\/div>\n\t\t\t\t<div class=\"elementor-element elementor-element-a80553b elementor-widget elementor-widget-heading\" data-id=\"a80553b\" data-element_type=\"widget\" data-widget_type=\"heading.default\">\n\t\t\t\t<div class=\"elementor-widget-container\">\n\t\t\t<h3 class=\"elementor-heading-title elementor-size-default\">Odnowiony mini manometr<\/h3>\t\t<\/div>\n\t\t\t\t<\/div>\n\t\t\t\t<div class=\"elementor-element elementor-element-15690e7 elementor-widget elementor-widget-text-editor\" data-id=\"15690e7\" data-element_type=\"widget\" data-widget_type=\"text-editor.default\">\n\t\t\t\t<div class=\"elementor-widget-container\">\n\t\t\t\t\t\t\t<p>Przeprojektowany manometr. Co si\u0119 zmieni\u0142o!<\/p>\n\t\t\t\t\t\t<\/div>\n\t\t\t\t<\/div>\n\t\t\t\t<div class=\"elementor-element elementor-element-94197a0 elementor-widget elementor-widget-button\" data-id=\"94197a0\" data-element_type=\"widget\" data-widget_type=\"button.default\">\n\t\t\t\t<div class=\"elementor-widget-container\">\n\t\t\t\t\t<div class=\"elementor-button-wrapper\">\n\t\t\t<a class=\"elementor-button elementor-button-link elementor-size-sm\" href=\"https:\/\/spareair.eu\/pl\/zaktualizowany-mini-manometr\/\">\n\t\t\t\t\t\t<span class=\"elementor-button-content-wrapper\">\n\t\t\t\t\t\t\t\t\t<span class=\"elementor-button-text\">Czytaj wi\u0119cej<\/span>\n\t\t\t\t\t<\/span>\n\t\t\t\t\t<\/a>\n\t\t<\/div>\n\t\t\t\t<\/div>\n\t\t\t\t<\/div>\n\t\t\t\t\t<\/div>\n\t\t<\/div>\n\t\t\t\t\t<\/div>\n\t\t<\/section>\n\t\t\t\t<\/div>\n\t\t\t\t<div data-elementor-type=\"loop-item\" data-elementor-id=\"1284\" class=\"elementor elementor-1284 e-loop-item e-loop-item-1276 post-1276 post type-post status-publish format-standard has-post-thumbnail hentry category-uncategorized\" data-elementor-post-type=\"elementor_library\" data-custom-edit-handle=\"1\">\n\t\t\t\t\t<section class=\"has_ae_slider elementor-section elementor-top-section elementor-element elementor-element-12dfbe8 elementor-section-full_width elementor-section-height-default elementor-section-height-default ae-bg-gallery-type-default\" data-id=\"12dfbe8\" data-element_type=\"section\">\n\t\t\t\t\t\t<div class=\"elementor-container elementor-column-gap-default\">\n\t\t\t\t\t<div data-ep-wrapper-link=\"{&quot;url&quot;:&quot;https:\\\/\\\/spareair.eu\\\/pl\\\/wprowadzenie-spare-air-xtreme-6\\\/&quot;,&quot;is_external&quot;:&quot;&quot;,&quot;nofollow&quot;:&quot;&quot;,&quot;custom_attributes&quot;:&quot;&quot;}\" style=\"cursor: pointer\" class=\"bdt-element-link has_ae_slider elementor-column elementor-col-100 elementor-top-column elementor-element elementor-element-4974576 ae-bg-gallery-type-default\" data-id=\"4974576\" data-element_type=\"column\" data-settings=\"{&quot;background_background&quot;:&quot;classic&quot;}\">\n\t\t\t<div class=\"elementor-widget-wrap elementor-element-populated\">\n\t\t\t\t\t\t<div class=\"elementor-element elementor-element-3cb132c elementor-widget elementor-widget-image\" data-id=\"3cb132c\" data-element_type=\"widget\" data-widget_type=\"image.default\">\n\t\t\t\t<div class=\"elementor-widget-container\">\n\t\t\t\t\t\t\t\t\t\t\t\t\t<img decoding=\"async\" width=\"1000\" height=\"625\" src=\"https:\/\/spareair.eu\/wp-content\/uploads\/2024\/04\/Spare_Air_Xtreme_6_Package_800_500-2880x1800-1-1024x640.jpg\" class=\"attachment-large size-large wp-image-1277\" alt=\"\" srcset=\"https:\/\/spareair.eu\/wp-content\/uploads\/2024\/04\/Spare_Air_Xtreme_6_Package_800_500-2880x1800-1-1024x640.jpg 1024w, https:\/\/spareair.eu\/wp-content\/uploads\/2024\/04\/Spare_Air_Xtreme_6_Package_800_500-2880x1800-1-300x188.jpg 300w, https:\/\/spareair.eu\/wp-content\/uploads\/2024\/04\/Spare_Air_Xtreme_6_Package_800_500-2880x1800-1-768x480.jpg 768w, https:\/\/spareair.eu\/wp-content\/uploads\/2024\/04\/Spare_Air_Xtreme_6_Package_800_500-2880x1800-1-1536x960.jpg 1536w, https:\/\/spareair.eu\/wp-content\/uploads\/2024\/04\/Spare_Air_Xtreme_6_Package_800_500-2880x1800-1-2048x1280.jpg 2048w, https:\/\/spareair.eu\/wp-content\/uploads\/2024\/04\/Spare_Air_Xtreme_6_Package_800_500-2880x1800-1-650x406.jpg 650w, https:\/\/spareair.eu\/wp-content\/uploads\/2024\/04\/Spare_Air_Xtreme_6_Package_800_500-2880x1800-1-600x375.jpg 600w\" sizes=\"(max-width: 1000px) 100vw, 1000px\" \/>\t\t\t\t\t\t\t\t\t\t\t\t\t<\/div>\n\t\t\t\t<\/div>\n\t\t\t\t<div class=\"elementor-element elementor-element-a80553b elementor-widget elementor-widget-heading\" data-id=\"a80553b\" data-element_type=\"widget\" data-widget_type=\"heading.default\">\n\t\t\t\t<div class=\"elementor-widget-container\">\n\t\t\t<h3 class=\"elementor-heading-title elementor-size-default\">Wprowadzenie Spare Air Xtreme 6<\/h3>\t\t<\/div>\n\t\t\t\t<\/div>\n\t\t\t\t<div class=\"elementor-element elementor-element-15690e7 elementor-widget elementor-widget-text-editor\" data-id=\"15690e7\" data-element_type=\"widget\" data-widget_type=\"text-editor.default\">\n\t\t\t\t<div class=\"elementor-widget-container\">\n\t\t\t\t\t\t\t<p>Ju\u017c dost\u0119pny Spare Air Xtreme 6. Kompletny mini zbiornik do nurkowania!<\/p>\n\t\t\t\t\t\t<\/div>\n\t\t\t\t<\/div>\n\t\t\t\t<div class=\"elementor-element elementor-element-94197a0 elementor-widget elementor-widget-button\" data-id=\"94197a0\" data-element_type=\"widget\" data-widget_type=\"button.default\">\n\t\t\t\t<div class=\"elementor-widget-container\">\n\t\t\t\t\t<div class=\"elementor-button-wrapper\">\n\t\t\t<a class=\"elementor-button elementor-button-link elementor-size-sm\" href=\"https:\/\/spareair.eu\/pl\/wprowadzenie-spare-air-xtreme-6\/\">\n\t\t\t\t\t\t<span class=\"elementor-button-content-wrapper\">\n\t\t\t\t\t\t\t\t\t<span class=\"elementor-button-text\">Czytaj wi\u0119cej<\/span>\n\t\t\t\t\t<\/span>\n\t\t\t\t\t<\/a>\n\t\t<\/div>\n\t\t\t\t<\/div>\n\t\t\t\t<\/div>\n\t\t\t\t\t<\/div>\n\t\t<\/div>\n\t\t\t\t\t<\/div>\n\t\t<\/section>\n\t\t\t\t<\/div>\n\t\t\t\t<\/div>\n\t\t\n\t\t\t\t<\/div>\n\t\t\t\t<\/div>\n\t\t\t\t\t<\/div>\n\t\t<\/div>\n\t\t\t\t\t<\/div>\n\t\t<\/div>\n\t\t\t\t<\/div>","protected":false},"excerpt":{"rendered":"<p>Aktualno\u015bci Przegl\u0105d wszystkich naszych aktualno\u015bci.<\/p>","protected":false},"author":1,"featured_media":0,"parent":0,"menu_order":0,"comment_status":"closed","ping_status":"closed","template":"","meta":{"_acf_changed":false,"footnotes":""},"class_list":["post-1229","page","type-page","status-publish","hentry"],"acf":[],"_links":{"self":[{"href":"https:\/\/spareair.eu\/pl\/wp-json\/wp\/v2\/pages\/1229","targetHints":{"allow":["GET"]}}],"collection":[{"href":"https:\/\/spareair.eu\/pl\/wp-json\/wp\/v2\/pages"}],"about":[{"href":"https:\/\/spareair.eu\/pl\/wp-json\/wp\/v2\/types\/page"}],"author":[{"embeddable":true,"href":"https:\/\/spareair.eu\/pl\/wp-json\/wp\/v2\/users\/1"}],"replies":[{"embeddable":true,"href":"https:\/\/spareair.eu\/pl\/wp-json\/wp\/v2\/comments?post=1229"}],"version-history":[{"count":13,"href":"https:\/\/spareair.eu\/pl\/wp-json\/wp\/v2\/pages\/1229\/revisions"}],"predecessor-version":[{"id":1580,"href":"https:\/\/spareair.eu\/pl\/wp-json\/wp\/v2\/pages\/1229\/revisions\/1580"}],"wp:attachment":[{"href":"https:\/\/spareair.eu\/pl\/wp-json\/wp\/v2\/media?parent=1229"}],"curies":[{"name":"wp","href":"https:\/\/api.w.org\/{rel}","templated":true}]}}