{"id":1395,"date":"2024-04-16T14:50:38","date_gmt":"2024-04-16T12:50:38","guid":{"rendered":"https:\/\/determined-herschel.45-82-188-209.plesk.page\/?post_type=product&#038;p=1395"},"modified":"2024-04-16T15:26:41","modified_gmt":"2024-04-16T13:26:41","slug":"heed-3-1-7-cu-ft-cylinder-met-slang-sa175-003","status":"publish","type":"product","link":"https:\/\/spareair.eu\/pl\/product\/heed-3-1-7-cu-ft-cylinder-met-slang-sa175-003\/","title":{"rendered":"HEED 3 1,7 cu.ft. Butla z w\u0119\u017cem #SA175-003"},"content":{"rendered":"","protected":false},"excerpt":{"rendered":"<p>HEED 3 1,7 cu.ft. Butla z w\u0119\u017cem<br \/>\nNr produktu SA175-003<\/p>\n<p>Popularny HEED 3 jest teraz dost\u0119pny jako model w\u0119\u017cowy z opcj\u0105 w\u0119\u017ca 20\" lub 27\". Przez ostatnie 40 lat oferowali\u015bmy naj\u0142atwiejsze w u\u017cyciu i najlepsze cenowo p\u00f3\u0142maski ratunkowe, a nasz nowy model w\u0119\u017cowy jest kontynuacj\u0105 tego trendu.<br \/>\nKompaktowy, lekki i niezawodny niezale\u017cny aparat oddechowy HEED 3 zosta\u0142 zaprojektowany w celu zwi\u0119kszenia prze\u017cywalno\u015bci personelu wojskowego i komercyjnego w kr\u00f3tkotrwa\u0142ych sytuacjach awaryjnych poza powietrzem. Nowo zaprojektowana kabura posiada wygodny worek na w\u0105\u017c i paski, kt\u00f3re mo\u017cna \u0142atwo przymocowa\u0107 do kamizelek typu MOLLE. W zestawie kabura i wska\u017anik ci\u015bnienia.<\/p>\n<p>Uwaga: urz\u0105dzenia s\u0105 wysy\u0142ane puste.<\/p>\n<p>Specyfikacja produktu:<br \/>\n- Numer cz\u0119\u015bci: 175-003<br \/>\n- D\u0142ugo\u015b\u0107: 23,5 cm [9,25 \"] bez w\u0119\u017ca<br \/>\n- \u015arednica: 5,7 cm<br \/>\n- Waga (kompletna): 1,4 kg<br \/>\n- Warto\u015bci ci\u015bnienia w cylindrze: 3000 PSI [207 BAR].<br \/>\nPojemno\u015b\u0107 cylindra: 1,7 cu ft [48 litr\u00f3w]<br \/>\nMateria\u0142 cylindra: Aluminium - anodowane na czarno<br \/>\nRedukcja ci\u015bnienia: Zintegrowana z regulatorem<br \/>\nTyp sterownika: Zr\u00f3wnowa\u017cony t\u0142ok* Przycisk w\u0142\u0105czania\/wy\u0142\u0105czania* Elastyczny w\u0105\u017c w oplocie 20\" lub 27\" i regulator 2. stopnia<br \/>\nTemperatura pracy: 0F [-17C]+ 130F [+ 54C]<br \/>\nCzas dostarczania powietrza: oko\u0142o 32 oddech\u00f3w na powierzchni<br \/>\nLimity wysoko\u015bci: Przetestowano do 35 000 st\u00f3p (10 500 metr\u00f3w)<br \/>\nDost\u0119pne opcje: Przeno\u015bna spr\u0119\u017carka powietrza - numer cz\u0119\u015bci SA3100-COM<\/p>","protected":false},"featured_media":1396,"comment_status":"open","ping_status":"closed","template":"","meta":{"_acf_changed":false},"product_cat":[171],"product_tag":[274,275,276,277,278,279,280,281,282,283,246,284,286,287,328,288,289,290,291,293,294,295,168,296,297,298,299,300,301,302,303,304,305,306,307,308,309,310,311,312,313,315,316,317,318,319,320,321,322,323,324,325,326],"class_list":{"0":"post-1395","1":"product","2":"type-product","3":"status-publish","4":"has-post-thumbnail","6":"product_cat-heed-3","7":"product_tag-ademautomaat","8":"product_tag-ademlucht","9":"product_tag-automaat","10":"product_tag-black","11":"product_tag-bovenwater","12":"product_tag-brand","13":"product_tag-chemical","14":"product_tag-chemie","15":"product_tag-diving","16":"product_tag-duikcilinder","17":"product_tag-duiken","18":"product_tag-duikfles","19":"product_tag-escape","20":"product_tag-geen-lucht","21":"product_tag-heed-3","22":"product_tag-helikopter","23":"product_tag-in-nood","24":"product_tag-industrial","25":"product_tag-industrie","26":"product_tag-levens","27":"product_tag-lives","28":"product_tag-noodmiddel","29":"product_tag-onderwater","30":"product_tag-ontsnappen","31":"product_tag-ontsnapping","32":"product_tag-ontsnappingsmiddel","33":"product_tag-original","34":"product_tag-origineel","35":"product_tag-pack","36":"product_tag-perslucht","37":"product_tag-recreatie","38":"product_tag-redden","39":"product_tag-redmiddel","40":"product_tag-regulator","41":"product_tag-rescue","42":"product_tag-reserve-lucht","43":"product_tag-rook","44":"product_tag-safe","45":"product_tag-scuba","46":"product_tag-self-reliant","47":"product_tag-smoke","48":"product_tag-snorkelen","49":"product_tag-spare-air","50":"product_tag-spareair","51":"product_tag-stikken","52":"product_tag-te-water","53":"product_tag-unit","54":"product_tag-verdrinking-tegengaan","55":"product_tag-yellow","56":"product_tag-zelfredzaam","57":"product_tag-zelfstandig","58":"product_tag-zwart","59":"product_tag-zwemmen","61":"first","62":"instock","63":"shipping-taxable","64":"product-type-simple"},"acf":[],"_links":{"self":[{"href":"https:\/\/spareair.eu\/pl\/wp-json\/wp\/v2\/product\/1395","targetHints":{"allow":["GET"]}}],"collection":[{"href":"https:\/\/spareair.eu\/pl\/wp-json\/wp\/v2\/product"}],"about":[{"href":"https:\/\/spareair.eu\/pl\/wp-json\/wp\/v2\/types\/product"}],"replies":[{"embeddable":true,"href":"https:\/\/spareair.eu\/pl\/wp-json\/wp\/v2\/comments?post=1395"}],"wp:featuredmedia":[{"embeddable":true,"href":"https:\/\/spareair.eu\/pl\/wp-json\/wp\/v2\/media\/1396"}],"wp:attachment":[{"href":"https:\/\/spareair.eu\/pl\/wp-json\/wp\/v2\/media?parent=1395"}],"wp:term":[{"taxonomy":"product_cat","embeddable":true,"href":"https:\/\/spareair.eu\/pl\/wp-json\/wp\/v2\/product_cat?post=1395"},{"taxonomy":"product_tag","embeddable":true,"href":"https:\/\/spareair.eu\/pl\/wp-json\/wp\/v2\/product_tag?post=1395"}],"curies":[{"name":"wp","href":"https:\/\/api.w.org\/{rel}","templated":true}]}}