{"id":1400,"date":"2024-04-16T14:52:37","date_gmt":"2024-04-16T12:52:37","guid":{"rendered":"https:\/\/determined-herschel.45-82-188-209.plesk.page\/?post_type=product&#038;p=1400"},"modified":"2024-04-16T15:26:56","modified_gmt":"2024-04-16T13:26:56","slug":"heed-3-3-cu-ft-cylinder-sa300-001","status":"publish","type":"product","link":"https:\/\/spareair.eu\/pl\/product\/heed-3-3-cu-ft-cylinder-sa300-001\/","title":{"rendered":"HEED 3 3 cu.ft. Cylinder #SA300-001"},"content":{"rendered":"","protected":false},"excerpt":{"rendered":"<p>HEED 3 3 cu.ft. Cylinder<br \/>\nNr produktu SA300-001<\/p>\n<p>Popularny HEED 3 to najnowsza generacja aparat\u00f3w oddechowych dla \u015bmig\u0142owc\u00f3w produkowanych przez Submersible Systems. Kompaktowy, lekki i niezawodny niezale\u017cny aparat oddechowy HEED 3 zosta\u0142 zaprojektowany w celu zwi\u0119kszenia mo\u017cliwo\u015bci przetrwania personelu wojskowego i komercyjnego w kr\u00f3tkotrwa\u0142ych sytuacjach awaryjnych poza powietrzem. Model 300-001 jest najwi\u0119kszym modelem dla tych, kt\u00f3rzy potrzebuj\u0105 wi\u0119cej powietrza. Kabura posiada paski, kt\u00f3re mo\u017cna \u0142atwo przymocowa\u0107 do kamizelek typu MOLLE. Kabura i wska\u017anik ci\u015bnienia w zestawie.<\/p>\n<p>Uwaga: urz\u0105dzenia s\u0105 wysy\u0142ane puste.<\/p>\n<p>Specyfikacja produktu:<br \/>\n- Numer cz\u0119\u015bci: 300-001<br \/>\n- D\u0142ugo\u015b\u0107: 13,4 \"[34 cm]<br \/>\n- \u015arednica5,7 cm<br \/>\n- Waga (kompletna): 2,2 funta [0,98 kg].<br \/>\n- Warto\u015bci ci\u015bnienia w cylindrze: 3000 PSI [207 BAR].<br \/>\n- Pojemno\u015b\u0107 cylindra: 85 litr\u00f3w<br \/>\n- Materia\u0142 cylindra: Aluminium - anodowane na czarno<br \/>\n- Redukcja ci\u015bnienia: Zintegrowana z regulatorem<br \/>\n- Typ sterownika: Zr\u00f3wnowa\u017cony jednostopniowy<br \/>\n- Temperatura pracy: -22F [-30C]+ 158F [+ 70C]<br \/>\n- Czas dostarczania powietrza: oko\u0142o 57 oddech\u00f3w na powierzchni<br \/>\n- Limity wysoko\u015bci: Przetestowano do 35 000 st\u00f3p (10 500 metr\u00f3w)<br \/>\nDost\u0119pne opcje: Przeno\u015bna spr\u0119\u017carka powietrza - numer cz\u0119\u015bci SA3100-COM<\/p>","protected":false},"featured_media":1401,"comment_status":"open","ping_status":"closed","template":"","meta":{"_acf_changed":false},"product_cat":[171],"product_tag":[274,275,276,277,278,279,280,281,282,283,246,284,286,287,328,288,289,290,291,293,294,295,168,296,297,298,299,300,301,302,303,304,305,306,307,308,309,310,311,312,313,315,316,317,318,319,320,321,322,323,324,325,326],"class_list":{"0":"post-1400","1":"product","2":"type-product","3":"status-publish","4":"has-post-thumbnail","6":"product_cat-heed-3","7":"product_tag-ademautomaat","8":"product_tag-ademlucht","9":"product_tag-automaat","10":"product_tag-black","11":"product_tag-bovenwater","12":"product_tag-brand","13":"product_tag-chemical","14":"product_tag-chemie","15":"product_tag-diving","16":"product_tag-duikcilinder","17":"product_tag-duiken","18":"product_tag-duikfles","19":"product_tag-escape","20":"product_tag-geen-lucht","21":"product_tag-heed-3","22":"product_tag-helikopter","23":"product_tag-in-nood","24":"product_tag-industrial","25":"product_tag-industrie","26":"product_tag-levens","27":"product_tag-lives","28":"product_tag-noodmiddel","29":"product_tag-onderwater","30":"product_tag-ontsnappen","31":"product_tag-ontsnapping","32":"product_tag-ontsnappingsmiddel","33":"product_tag-original","34":"product_tag-origineel","35":"product_tag-pack","36":"product_tag-perslucht","37":"product_tag-recreatie","38":"product_tag-redden","39":"product_tag-redmiddel","40":"product_tag-regulator","41":"product_tag-rescue","42":"product_tag-reserve-lucht","43":"product_tag-rook","44":"product_tag-safe","45":"product_tag-scuba","46":"product_tag-self-reliant","47":"product_tag-smoke","48":"product_tag-snorkelen","49":"product_tag-spare-air","50":"product_tag-spareair","51":"product_tag-stikken","52":"product_tag-te-water","53":"product_tag-unit","54":"product_tag-verdrinking-tegengaan","55":"product_tag-yellow","56":"product_tag-zelfredzaam","57":"product_tag-zelfstandig","58":"product_tag-zwart","59":"product_tag-zwemmen","61":"first","62":"instock","63":"shipping-taxable","64":"product-type-simple"},"acf":[],"_links":{"self":[{"href":"https:\/\/spareair.eu\/pl\/wp-json\/wp\/v2\/product\/1400","targetHints":{"allow":["GET"]}}],"collection":[{"href":"https:\/\/spareair.eu\/pl\/wp-json\/wp\/v2\/product"}],"about":[{"href":"https:\/\/spareair.eu\/pl\/wp-json\/wp\/v2\/types\/product"}],"replies":[{"embeddable":true,"href":"https:\/\/spareair.eu\/pl\/wp-json\/wp\/v2\/comments?post=1400"}],"wp:featuredmedia":[{"embeddable":true,"href":"https:\/\/spareair.eu\/pl\/wp-json\/wp\/v2\/media\/1401"}],"wp:attachment":[{"href":"https:\/\/spareair.eu\/pl\/wp-json\/wp\/v2\/media?parent=1400"}],"wp:term":[{"taxonomy":"product_cat","embeddable":true,"href":"https:\/\/spareair.eu\/pl\/wp-json\/wp\/v2\/product_cat?post=1400"},{"taxonomy":"product_tag","embeddable":true,"href":"https:\/\/spareair.eu\/pl\/wp-json\/wp\/v2\/product_tag?post=1400"}],"curies":[{"name":"wp","href":"https:\/\/api.w.org\/{rel}","templated":true}]}}