{"id":1410,"date":"2024-04-16T15:03:11","date_gmt":"2024-04-16T13:03:11","guid":{"rendered":"https:\/\/determined-herschel.45-82-188-209.plesk.page\/?post_type=product&#038;p=1410"},"modified":"2024-04-16T15:27:59","modified_gmt":"2024-04-16T13:27:59","slug":"spare-air-escape-sa300pk-es","status":"publish","type":"product","link":"https:\/\/spareair.eu\/pl\/product\/zapasowy-wylot-powietrza-sa300pk-es\/","title":{"rendered":"Spare Air Escape #SA300PK-ES"},"content":{"rendered":"","protected":false},"excerpt":{"rendered":"<p>Spare Air Escape<br \/>\nNr produktu SA300PK-ES<br \/>\nPakiet Spare Air do samoratownictwa w przypadku po\u017caru i dymu!<br \/>\nZaprojektowany, aby zapewni\u0107 bezpiecze\u0144stwo w nag\u0142ych wypadkach, a jednocze\u015bnie wystarczaj\u0105co ma\u0142y, aby umie\u015bci\u0107 go w domu lub biurze!<\/p>\n<p>Pakiet sk\u0142ada si\u0119 z:<br \/>\n- Zapasowe powietrze z anodyzowanym na czarno cylindrem o pojemno\u015bci 3,0 cu.ft.<br \/>\n- Maska ochronna - zakrywa oczy i nos<br \/>\n- Torba do przechowywania<br \/>\n- Wska\u017anik ci\u015bnienia na manometrze<\/p>\n<p>Mo\u017cliwo\u015b\u0107 nape\u0142niania w sklepach nurkowych nape\u0142niaj\u0105cych butle nurkowe o ci\u015bnieniu 3000 psi.<br \/>\nAdapter do nape\u0142niania dost\u0119pny osobno - u\u017cyj naszego adaptera do nape\u0142niania spr\u0119\u017carki powietrza SA920C do nape\u0142niania spr\u0119\u017cark\u0105 powietrza lub adaptera do nape\u0142niania zbiornika SCUBA SA910S do nape\u0142niania z dowolnej pe\u0142nej butli nurkowej 3000 psi.<\/p>\n<p>Specyfikacja produktu:<br \/>\nNumer cz\u0119\u015bci: 300PK-ES<br \/>\nD\u0142ugo\u015b\u0107: [34 cm]<br \/>\n\u015arednica: 5,7 cm<br \/>\nWaga (kompletna): 2,2 funta [0,98 kg].<br \/>\nWarto\u015bci ci\u015bnienia w cylindrze: 3000 PSI [207 BAR].<br \/>\nPojemno\u015b\u0107 cylindra: 3 litry [85 litr\u00f3w]<br \/>\nMateria\u0142 cylindra: Aluminium - anodowane na czarno<br \/>\nRedukcja ci\u015bnienia: Zintegrowana z regulatorem<br \/>\nTyp sterownika: Zr\u00f3wnowa\u017cony jednostopniowy<br \/>\nTemperatura pracy: -22 \u00b0 F [-30 \u00b0 C] + 158 \u00b0 F [+ 70 \u00b0 C].<br \/>\nCzas dostarczania powietrza: oko\u0142o 57 oddech\u00f3w na powierzchni\u0119.<\/p>","protected":false},"featured_media":1411,"comment_status":"open","ping_status":"closed","template":"","meta":{"_acf_changed":false},"product_cat":[103],"product_tag":[274,275,276,277,278,279,280,281,282,283,246,284,286,287,288,289,290,291,293,294,295,168,296,297,298,299,300,301,302,303,304,305,306,307,308,309,310,311,312,313,315,316,317,318,319,320,321,322,323,324,325,326],"class_list":{"0":"post-1410","1":"product","2":"type-product","3":"status-publish","4":"has-post-thumbnail","6":"product_cat-spare-air-escape","7":"product_tag-ademautomaat","8":"product_tag-ademlucht","9":"product_tag-automaat","10":"product_tag-black","11":"product_tag-bovenwater","12":"product_tag-brand","13":"product_tag-chemical","14":"product_tag-chemie","15":"product_tag-diving","16":"product_tag-duikcilinder","17":"product_tag-duiken","18":"product_tag-duikfles","19":"product_tag-escape","20":"product_tag-geen-lucht","21":"product_tag-helikopter","22":"product_tag-in-nood","23":"product_tag-industrial","24":"product_tag-industrie","25":"product_tag-levens","26":"product_tag-lives","27":"product_tag-noodmiddel","28":"product_tag-onderwater","29":"product_tag-ontsnappen","30":"product_tag-ontsnapping","31":"product_tag-ontsnappingsmiddel","32":"product_tag-original","33":"product_tag-origineel","34":"product_tag-pack","35":"product_tag-perslucht","36":"product_tag-recreatie","37":"product_tag-redden","38":"product_tag-redmiddel","39":"product_tag-regulator","40":"product_tag-rescue","41":"product_tag-reserve-lucht","42":"product_tag-rook","43":"product_tag-safe","44":"product_tag-scuba","45":"product_tag-self-reliant","46":"product_tag-smoke","47":"product_tag-snorkelen","48":"product_tag-spare-air","49":"product_tag-spareair","50":"product_tag-stikken","51":"product_tag-te-water","52":"product_tag-unit","53":"product_tag-verdrinking-tegengaan","54":"product_tag-yellow","55":"product_tag-zelfredzaam","56":"product_tag-zelfstandig","57":"product_tag-zwart","58":"product_tag-zwemmen","60":"first","61":"instock","62":"shipping-taxable","63":"product-type-simple"},"acf":[],"_links":{"self":[{"href":"https:\/\/spareair.eu\/pl\/wp-json\/wp\/v2\/product\/1410","targetHints":{"allow":["GET"]}}],"collection":[{"href":"https:\/\/spareair.eu\/pl\/wp-json\/wp\/v2\/product"}],"about":[{"href":"https:\/\/spareair.eu\/pl\/wp-json\/wp\/v2\/types\/product"}],"replies":[{"embeddable":true,"href":"https:\/\/spareair.eu\/pl\/wp-json\/wp\/v2\/comments?post=1410"}],"wp:featuredmedia":[{"embeddable":true,"href":"https:\/\/spareair.eu\/pl\/wp-json\/wp\/v2\/media\/1411"}],"wp:attachment":[{"href":"https:\/\/spareair.eu\/pl\/wp-json\/wp\/v2\/media?parent=1410"}],"wp:term":[{"taxonomy":"product_cat","embeddable":true,"href":"https:\/\/spareair.eu\/pl\/wp-json\/wp\/v2\/product_cat?post=1410"},{"taxonomy":"product_tag","embeddable":true,"href":"https:\/\/spareair.eu\/pl\/wp-json\/wp\/v2\/product_tag?post=1410"}],"curies":[{"name":"wp","href":"https:\/\/api.w.org\/{rel}","templated":true}]}}