{"id":1419,"date":"2024-04-16T15:11:30","date_gmt":"2024-04-16T13:11:30","guid":{"rendered":"https:\/\/determined-herschel.45-82-188-209.plesk.page\/?post_type=product&#038;p=1419"},"modified":"2024-04-16T15:29:37","modified_gmt":"2024-04-16T13:29:37","slug":"spare-air-xtreme-watersport-1-7-cu-ft-cylinder-sa170pkx","status":"publish","type":"product","link":"https:\/\/spareair.eu\/pl\/product\/spare-air-xtreme-watersport-1-7-cu-ft-cylinder-sa170pkx\/","title":{"rendered":"Zapasowa butla Air Xtreme Watersport 1,7 cu.ft. Cylinder #SA170PKX"},"content":{"rendered":"","protected":false},"excerpt":{"rendered":"<p>Zapasowa butla Air Xtreme Watersport 1,7 cu.ft. Butla<br \/>\nNr produktu SA170PKX<\/p>\n<p>Pakiet Spare Air Xtreme Dual Sport obejmuje:<br \/>\nNajwi\u0119kszy rozmiar Spare Air Xtreme - model 1,7 cu. ft. mo\u017ce by\u0107 u\u017cywany w wielu sportach wodnych, w tym w nurkowaniu. Dual Sport Xtreme oferuje wi\u0119cej oddech\u00f3w ni\u017c nasz najmniejszy Xtreme i jest gotowy, gdy go potrzebujesz, niezale\u017cnie od uprawianego sportu wodnego. Wydajny automat oddechowy z aluminiow\u0105 butl\u0105 z atestem DOT o ci\u015bnieniu 3000 psi (oko\u0142o 32 oddech\u00f3w na powierzchni). Zawiera czarn\u0105 kamizelk\u0119 neoprenow\u0105, w kt\u00f3rej mo\u017cna przechowywa\u0107 jednostk\u0119 Spare Air Xtreme na klatce piersiowej, aby oddycha\u0107 bez u\u017cycia r\u0105k! Jeden rozmiar pasuje do wi\u0119kszo\u015bci - w pe\u0142ni regulowany.<br \/>\nUwaga: urz\u0105dzenia s\u0105 dostarczane puste. U\u017cyj naszego adaptera do nape\u0142niania spr\u0119\u017carki powietrza SA920C (sprzedawany oddzielnie) do nape\u0142niania spr\u0119\u017cark\u0105 powietrza do oddychania lub adaptera do nape\u0142niania zbiornika SCUBA SA910S (sprzedawany oddzielnie) do nape\u0142niania z dowolnego pe\u0142nego zbiornika SCUBA 3000 psi.<br \/>\nSpecyfikacja produktu:<br \/>\nNumer cz\u0119\u015bci: 170PKX<br \/>\nD\u0142ugo\u015b\u0107: 22 cm<br \/>\n\u015arednica: 5,7 cm<br \/>\nWaga (pe\u0142na): 1,5 funta [0,68 kg].<br \/>\nWarto\u015bci ci\u015bnienia w cylindrze: 3000 PSI [207 BAR].<br \/>\nPojemno\u015b\u0107 cylindra: 1,7 cu ft [48 litr\u00f3w]<br \/>\nMateria\u0142 cylindra: Aluminium - anodowane na czarno<br \/>\nRedukcja ci\u015bnienia: Zintegrowana z regulatorem<br \/>\nTyp sterownika: Zr\u00f3wnowa\u017cony jednostopniowy<br \/>\nTemperatura pracy: -22 \u00b0 F [-30 \u00b0 C] + 158 \u00b0 F [+ 70 \u00b0 C].<br \/>\nCzas dostarczania powietrza: oko\u0142o 32 oddech\u00f3w na powierzchni.<\/p>","protected":false},"featured_media":1420,"comment_status":"open","ping_status":"closed","template":"","meta":{"_acf_changed":false},"product_cat":[142],"product_tag":[274,275,276,277,278,279,280,281,282,283,246,284,286,287,288,289,290,291,293,294,295,168,296,297,298,299,300,301,302,303,304,305,306,307,308,309,310,311,312,313,315,316,317,318,319,320,321,329,322,323,324,325,326],"class_list":{"0":"post-1419","1":"product","2":"type-product","3":"status-publish","4":"has-post-thumbnail","6":"product_cat-xtreme-sport","7":"product_tag-ademautomaat","8":"product_tag-ademlucht","9":"product_tag-automaat","10":"product_tag-black","11":"product_tag-bovenwater","12":"product_tag-brand","13":"product_tag-chemical","14":"product_tag-chemie","15":"product_tag-diving","16":"product_tag-duikcilinder","17":"product_tag-duiken","18":"product_tag-duikfles","19":"product_tag-escape","20":"product_tag-geen-lucht","21":"product_tag-helikopter","22":"product_tag-in-nood","23":"product_tag-industrial","24":"product_tag-industrie","25":"product_tag-levens","26":"product_tag-lives","27":"product_tag-noodmiddel","28":"product_tag-onderwater","29":"product_tag-ontsnappen","30":"product_tag-ontsnapping","31":"product_tag-ontsnappingsmiddel","32":"product_tag-original","33":"product_tag-origineel","34":"product_tag-pack","35":"product_tag-perslucht","36":"product_tag-recreatie","37":"product_tag-redden","38":"product_tag-redmiddel","39":"product_tag-regulator","40":"product_tag-rescue","41":"product_tag-reserve-lucht","42":"product_tag-rook","43":"product_tag-safe","44":"product_tag-scuba","45":"product_tag-self-reliant","46":"product_tag-smoke","47":"product_tag-snorkelen","48":"product_tag-spare-air","49":"product_tag-spareair","50":"product_tag-stikken","51":"product_tag-te-water","52":"product_tag-unit","53":"product_tag-verdrinking-tegengaan","54":"product_tag-xtreme-sport","55":"product_tag-yellow","56":"product_tag-zelfredzaam","57":"product_tag-zelfstandig","58":"product_tag-zwart","59":"product_tag-zwemmen","61":"first","62":"instock","63":"shipping-taxable","64":"product-type-simple"},"acf":[],"_links":{"self":[{"href":"https:\/\/spareair.eu\/pl\/wp-json\/wp\/v2\/product\/1419","targetHints":{"allow":["GET"]}}],"collection":[{"href":"https:\/\/spareair.eu\/pl\/wp-json\/wp\/v2\/product"}],"about":[{"href":"https:\/\/spareair.eu\/pl\/wp-json\/wp\/v2\/types\/product"}],"replies":[{"embeddable":true,"href":"https:\/\/spareair.eu\/pl\/wp-json\/wp\/v2\/comments?post=1419"}],"wp:featuredmedia":[{"embeddable":true,"href":"https:\/\/spareair.eu\/pl\/wp-json\/wp\/v2\/media\/1420"}],"wp:attachment":[{"href":"https:\/\/spareair.eu\/pl\/wp-json\/wp\/v2\/media?parent=1419"}],"wp:term":[{"taxonomy":"product_cat","embeddable":true,"href":"https:\/\/spareair.eu\/pl\/wp-json\/wp\/v2\/product_cat?post=1419"},{"taxonomy":"product_tag","embeddable":true,"href":"https:\/\/spareair.eu\/pl\/wp-json\/wp\/v2\/product_tag?post=1419"}],"curies":[{"name":"wp","href":"https:\/\/api.w.org\/{rel}","templated":true}]}}