{"id":1423,"date":"2024-04-16T15:15:31","date_gmt":"2024-04-16T13:15:31","guid":{"rendered":"https:\/\/determined-herschel.45-82-188-209.plesk.page\/?post_type=product&#038;p=1423"},"modified":"2024-04-16T15:31:23","modified_gmt":"2024-04-16T13:31:23","slug":"easydive-kit-geen-tank-sa700-005","status":"publish","type":"product","link":"https:\/\/spareair.eu\/pl\/product\/easydive-kit-geen-tank-sa700-005\/","title":{"rendered":"Zestaw EasyDive (BEZ ZBIORNIKA) #SA700-005"},"content":{"rendered":"","protected":false},"excerpt":{"rendered":"<p>Zestaw EasyDive (BEZ ZBIORNIKA)<br \/>\nNr produktu SA700-005<\/p>\n<p>Zestaw EasyDive to kompletny minimalistyczny system do nurkowania i snorkelingu. Zestaw zawiera nowy Snorkelator - opatentowan\u0105 technologi\u0119, kt\u00f3ra pozwala nurkom po\u0142\u0105czy\u0107 fajk\u0119 z dowolnym regulatorem nurkowania. Prze\u0142\u0105czaj si\u0119 z fajki na regulator za pomoc\u0105 pokr\u0119t\u0142a i tylko jednego ustnika! Nurkowie nie s\u0105 ju\u017c ograniczeni do p\u0142ywania na powierzchni i szybkiego p\u0142ywania pod wod\u0105, ale mog\u0105 od czasu do czasu nurkowa\u0107 g\u0142\u0119biej, aby zbada\u0107 p\u0142ycizny, z mniejsz\u0105 ilo\u015bci\u0105 sprz\u0119tu ni\u017c potrzebowa\u0142by pe\u0142ny nurek.<\/p>\n<p>Ca\u0142y zestaw wa\u017cy zaledwie 15 funt\u00f3w (ze zbiornikiem) i zawiera:<br \/>\n- Snorkelator (sucha fajka do nurkowania ze Snorkelatorem, kt\u00f3ry umo\u017cliwia prze\u0142\u0105czanie mi\u0119dzy trybem fajki do nurkowania a trybem nurkowania za pomoc\u0105 pokr\u0119t\u0142a)<br \/>\n- Niestandardowa uprz\u0105\u017c (z kieszeniami na opcjonalne mi\u0119kkie obci\u0105\u017cniki, wy\u015bcie\u0142ana, jeden rozmiar pasuje do wi\u0119kszo\u015bci, bez nadmuchiwania)<br \/>\n- Unikalna kombinacja zaworu zbiornika \/ sterownika pierwszego stopnia - najmniejsza powierzchnia i najni\u017csza waga na \u015bwiecie!<br \/>\n- Kontroler 2. fazy<br \/>\n- Mini manometr przymocowany do w\u0119\u017ca wysokoci\u015bnieniowego<br \/>\n-Adapter do nape\u0142niania spr\u0119\u017carki powietrza (butla do nape\u0142niania wysokoci\u015bnieniowej spr\u0119\u017carki powietrza do oddychania sprzedawana oddzielnie lub dost\u0119pna w sklepie nurkowym lub na \u0142odzi nurkowej)<br \/>\n-Torba transportowa GREE<\/p>\n<p>Po co kupowa\u0107 standardowy zestaw do nurkowania, kt\u00f3ry wa\u017cy ponad 50 funt\u00f3w i kosztuje wi\u0119cej, skoro mo\u017cna kupi\u0107 zestaw EasyDive za jedyne 15 funt\u00f3w!<br \/>\nZestaw EasyDive jest o 1\/3 l\u017cejszy i o po\u0142ow\u0119 ta\u0144szy od standardowej konfiguracji!<\/p>\n<p>Dla kogo przeznaczony jest zestaw EasyDive?<br \/>\n- Ka\u017cdy, kto chce szybko wskoczy\u0107 do wody.<\/p>\n<p>EasyDive oferuje oko\u0142o 25 minut (na g\u0142\u0119boko\u015bci 15 st\u00f3p):<br \/>\n- wy\u0142awianie z wody spadaj\u0105cych przedmiot\u00f3w<br \/>\n- Sprawdzi\u0107 \u015brub\u0119 nap\u0119dow\u0105 \u0142odzi \/ lin\u0119 kotwiczn\u0105 \/ przeprowadzi\u0107 konserwacj\u0119 \u0142odzi<br \/>\n- kr\u00f3tkoterminowa zabawa z nurkowaniem w p\u0142ytkiej wodzie<br \/>\n- fotografia podwodna (ka\u017cdy wie, \u017ce najlepsze \u015bwiat\u0142o do zdj\u0119\u0107 jest w p\u0142ytkiej wodzie, wi\u0119c normalny zestaw do nurkowania to za du\u017co)<br \/>\n- Podwodne \u0142owy - przegrzebki, homary czy je\u017ce - zestaw EasyDive jest idealny!<\/p>\n<p>FAQ:<br \/>\n1. Jak mog\u0119 nape\u0142ni\u0107 m\u00f3j EasyDive?<br \/>\nZabierz aparat EasyDive wraz z do\u0142\u0105czonym adapterem do nape\u0142niania do sklepu nurkowego, kt\u00f3ry nape\u0142ni go za symboliczn\u0105 op\u0142at\u0105. Sklepy nurkowe posiadaj\u0105 wysokoci\u015bnieniowe spr\u0119\u017carki powietrza, kt\u00f3re pompuj\u0105 czyste powietrze do oddychania. Osobno dost\u0119pna jest ma\u0142a, przeno\u015bna spr\u0119\u017carka powietrza.<br \/>\n2. Czy mog\u0119 nape\u0142ni\u0107 m\u00f3j EasyDive za pomoc\u0105 kompresora kupionego w sklepie z narz\u0119dziami?<br \/>\nNie, EasyDive ma zbiornik 3000 psi, ale te ma\u0142e kompresory sprzedawane w sklepach dla majsterkowicz\u00f3w pompuj\u0105 tylko oko\u0142o 125 psi. Co wi\u0119cej, spr\u0119\u017carki te nie filtruj\u0105 powietrza, wi\u0119c nie oddychaj\u0105 powietrzem wysokiej jako\u015bci.<br \/>\n3. Czy mog\u0119 podr\u00f3\u017cowa\u0107 komercyjnymi liniami lotniczymi z EasyDive?<br \/>\nPrzepisy TSA wymagaj\u0105 usuni\u0119cia zaworu zbiornika z butli, kt\u00f3ry w przypadku EasyDive jest profesjonalnie przymocowany. W zwi\u0105zku z tym jego demonta\u017c i ponowny monta\u017c wymaga\u0142by udzia\u0142u profesjonalisty. Dlatego nie zalecamy latania z systemem EasyDive. Alternatyw\u0105 jest wys\u0142anie go (musi by\u0107 pusty) do miejsca docelowego przed podr\u00f3\u017c\u0105 i nape\u0142nienie EasyDive w miejscu docelowym.<br \/>\n4. Jakiej konserwacji wymaga EasyDive?<br \/>\nPodobnie jak ca\u0142y sprz\u0119t do nurkowania, po ka\u017cdym nurkowaniu nale\u017cy je dok\u0142adnie wyp\u0142uka\u0107, aby usun\u0105\u0107 s\u0142on\u0105 wod\u0119 i piasek. Aparat EasyDive nale\u017cy przechowywa\u0107 z minimaln\u0105 ilo\u015bci\u0105 powietrza w butli. Co oko\u0142o rok regulator powinien by\u0107 serwisowany przez lokalny sklep nurkowy, a co pi\u0119\u0107 lat butla wymaga profesjonalnego testu, zwanego hydro-testem, przeprowadzanego przez sklep nurkowy.<br \/>\n5. Czy mog\u0119 kupi\u0107 dodatkow\u0105 butl\u0119?<br \/>\nSpos\u00f3b, w jaki zaprojektowano EasyDive, integruje zaw\u00f3r butli i 1. stopie\u0144 automatu nurkowego w bardzo ma\u0142ej i lekkiej obudowie, w przeciwie\u0144stwie do standardowych konfiguracji nurkowych. Oznacza to, \u017ce nie mo\u017cna po prostu wymieni\u0107 butli na inn\u0105 pe\u0142n\u0105 butl\u0119.<br \/>\n6. Czy musz\u0119 by\u0107 certyfikowanym nurkiem, aby korzysta\u0107 z EasyDive?<br \/>\nTak, u\u017cytkownicy musz\u0105 posiada\u0107 licencj\u0119 nurkow\u0105, aby rozumie\u0107 odpowiednie procedury i ryzyko zwi\u0105zane z korzystaniem ze sprz\u0119tu do nurkowania.<br \/>\n7. Na jakiej g\u0142\u0119boko\u015bci mog\u0119 u\u017cywa\u0107 zestawu EasyDive?<br \/>\nZaleca si\u0119 korzystanie z EasyDive na g\u0142\u0119boko\u015bci mniejszej ni\u017c 9 metr\u00f3w<\/p>","protected":false},"featured_media":1424,"comment_status":"open","ping_status":"closed","template":"","meta":{"_acf_changed":false},"product_cat":[28],"product_tag":[274,275,276,277,278,279,280,281,282,283,246,284,285,286,287,288,289,290,291,292,293,294,295,168,296,297,298,299,300,301,302,303,304,305,306,307,308,309,310,311,312,313,315,316,317,318,319,320,321,322,323,324,325,326],"class_list":{"0":"post-1423","1":"product","2":"type-product","3":"status-publish","4":"has-post-thumbnail","6":"product_cat-easydive","7":"product_tag-ademautomaat","8":"product_tag-ademlucht","9":"product_tag-automaat","10":"product_tag-black","11":"product_tag-bovenwater","12":"product_tag-brand","13":"product_tag-chemical","14":"product_tag-chemie","15":"product_tag-diving","16":"product_tag-duikcilinder","17":"product_tag-duiken","18":"product_tag-duikfles","19":"product_tag-easydive","20":"product_tag-escape","21":"product_tag-geen-lucht","22":"product_tag-helikopter","23":"product_tag-in-nood","24":"product_tag-industrial","25":"product_tag-industrie","26":"product_tag-kit","27":"product_tag-levens","28":"product_tag-lives","29":"product_tag-noodmiddel","30":"product_tag-onderwater","31":"product_tag-ontsnappen","32":"product_tag-ontsnapping","33":"product_tag-ontsnappingsmiddel","34":"product_tag-original","35":"product_tag-origineel","36":"product_tag-pack","37":"product_tag-perslucht","38":"product_tag-recreatie","39":"product_tag-redden","40":"product_tag-redmiddel","41":"product_tag-regulator","42":"product_tag-rescue","43":"product_tag-reserve-lucht","44":"product_tag-rook","45":"product_tag-safe","46":"product_tag-scuba","47":"product_tag-self-reliant","48":"product_tag-smoke","49":"product_tag-snorkelen","50":"product_tag-spare-air","51":"product_tag-spareair","52":"product_tag-stikken","53":"product_tag-te-water","54":"product_tag-unit","55":"product_tag-verdrinking-tegengaan","56":"product_tag-yellow","57":"product_tag-zelfredzaam","58":"product_tag-zelfstandig","59":"product_tag-zwart","60":"product_tag-zwemmen","62":"first","63":"instock","64":"shipping-taxable","65":"product-type-simple"},"acf":[],"_links":{"self":[{"href":"https:\/\/spareair.eu\/pl\/wp-json\/wp\/v2\/product\/1423","targetHints":{"allow":["GET"]}}],"collection":[{"href":"https:\/\/spareair.eu\/pl\/wp-json\/wp\/v2\/product"}],"about":[{"href":"https:\/\/spareair.eu\/pl\/wp-json\/wp\/v2\/types\/product"}],"replies":[{"embeddable":true,"href":"https:\/\/spareair.eu\/pl\/wp-json\/wp\/v2\/comments?post=1423"}],"wp:featuredmedia":[{"embeddable":true,"href":"https:\/\/spareair.eu\/pl\/wp-json\/wp\/v2\/media\/1424"}],"wp:attachment":[{"href":"https:\/\/spareair.eu\/pl\/wp-json\/wp\/v2\/media?parent=1423"}],"wp:term":[{"taxonomy":"product_cat","embeddable":true,"href":"https:\/\/spareair.eu\/pl\/wp-json\/wp\/v2\/product_cat?post=1423"},{"taxonomy":"product_tag","embeddable":true,"href":"https:\/\/spareair.eu\/pl\/wp-json\/wp\/v2\/product_tag?post=1423"}],"curies":[{"name":"wp","href":"https:\/\/api.w.org\/{rel}","templated":true}]}}