{"id":1405,"date":"2024-04-16T14:55:51","date_gmt":"2024-04-16T12:55:51","guid":{"rendered":"https:\/\/determined-herschel.45-82-188-209.plesk.page\/?post_type=product&#038;p=1405"},"modified":"2024-04-16T15:27:24","modified_gmt":"2024-04-16T13:27:24","slug":"spare-air-industrial-3-0-cu-ft-cylinder-with-velcro-backing-sa300pk-isvm-ce","status":"publish","type":"product","link":"https:\/\/spareair.eu\/pt\/product\/cilindro-industrial-de-ar-sobresselente-de-3-0-cu-ft-com-suporte-de-velcro-sa300pk-isvm-ce\/","title":{"rendered":"Cilindro de 3,0 p\u00e9s c\u00fabicos da Spare Air Industrial com suporte de velcro #SA300PK-ISVM-CE"},"content":{"rendered":"","protected":false},"excerpt":{"rendered":"<p>Ar de reserva industrial<br \/>\nN.\u00ba do produto SA300PK-ISVM<\/p>\n<p>Concebida para o manter seguro em caso de emerg\u00eancia, mas suficientemente pequena para que nem se aperceba que a est\u00e1 a usar!<\/p>\n<p>A embalagem \u00e9 composta por:<br \/>\n- Ar sobresselente com cilindro anodizado preto de 3,0 p\u00e9s c\u00fabicos Estojo coberto - op\u00e7\u00e3o de cinto ou correia de velcro<br \/>\n- Clipe para o nariz com cord\u00e3o<br \/>\n- Indicador de press\u00e3o manom\u00e9trica<br \/>\nNota: as unidades s\u00e3o enviadas vazias.<\/p>\n<p>Especifica\u00e7\u00f5es do produto:<br \/>\nN\u00famero da pe\u00e7a: 300PK-ISVM<br \/>\nComprimento: 34 cm<br \/>\nDi\u00e2metro: 5,7 cm<br \/>\nPeso (completo): 2,2 lbs [0,98 kg].<br \/>\nValores de press\u00e3o do cilindro: 3000 PSI [207 BAR].<br \/>\nVolume do cilindro: 3 litros [85 litros]<br \/>\nMaterial do cilindro: Alum\u00ednio - anodizado preto<br \/>\nAl\u00edvio de press\u00e3o: Integrado no regulador<br \/>\nTipo de controlador: equilibrado de fase \u00fanica<br \/>\nTemperatura de funcionamento: -22 \u00b0 F [-30 \u00b0 C]+ 158 \u00b0 F [+ 70 \u00b0 C].<br \/>\nDura\u00e7\u00e3o do fornecimento de ar: cerca de 57 respira\u00e7\u00f5es \u00e0 superf\u00edcie.<\/p>","protected":false},"featured_media":1406,"comment_status":"open","ping_status":"closed","template":"","meta":{"_acf_changed":false},"product_cat":[150],"product_tag":[274,275,276,277,278,279,280,281,282,283,246,284,286,287,288,289,290,291,293,294,295,168,296,297,298,299,300,301,302,303,304,305,306,307,308,309,310,311,312,313,315,316,317,318,319,320,321,322,323,324,325,326],"class_list":{"0":"post-1405","1":"product","2":"type-product","3":"status-publish","4":"has-post-thumbnail","6":"product_cat-spare-air-industrial","7":"product_tag-ademautomaat","8":"product_tag-ademlucht","9":"product_tag-automaat","10":"product_tag-black","11":"product_tag-bovenwater","12":"product_tag-brand","13":"product_tag-chemical","14":"product_tag-chemie","15":"product_tag-diving","16":"product_tag-duikcilinder","17":"product_tag-duiken","18":"product_tag-duikfles","19":"product_tag-escape","20":"product_tag-geen-lucht","21":"product_tag-helikopter","22":"product_tag-in-nood","23":"product_tag-industrial","24":"product_tag-industrie","25":"product_tag-levens","26":"product_tag-lives","27":"product_tag-noodmiddel","28":"product_tag-onderwater","29":"product_tag-ontsnappen","30":"product_tag-ontsnapping","31":"product_tag-ontsnappingsmiddel","32":"product_tag-original","33":"product_tag-origineel","34":"product_tag-pack","35":"product_tag-perslucht","36":"product_tag-recreatie","37":"product_tag-redden","38":"product_tag-redmiddel","39":"product_tag-regulator","40":"product_tag-rescue","41":"product_tag-reserve-lucht","42":"product_tag-rook","43":"product_tag-safe","44":"product_tag-scuba","45":"product_tag-self-reliant","46":"product_tag-smoke","47":"product_tag-snorkelen","48":"product_tag-spare-air","49":"product_tag-spareair","50":"product_tag-stikken","51":"product_tag-te-water","52":"product_tag-unit","53":"product_tag-verdrinking-tegengaan","54":"product_tag-yellow","55":"product_tag-zelfredzaam","56":"product_tag-zelfstandig","57":"product_tag-zwart","58":"product_tag-zwemmen","60":"first","61":"instock","62":"shipping-taxable","63":"product-type-simple"},"acf":[],"_links":{"self":[{"href":"https:\/\/spareair.eu\/pt\/wp-json\/wp\/v2\/product\/1405","targetHints":{"allow":["GET"]}}],"collection":[{"href":"https:\/\/spareair.eu\/pt\/wp-json\/wp\/v2\/product"}],"about":[{"href":"https:\/\/spareair.eu\/pt\/wp-json\/wp\/v2\/types\/product"}],"replies":[{"embeddable":true,"href":"https:\/\/spareair.eu\/pt\/wp-json\/wp\/v2\/comments?post=1405"}],"wp:featuredmedia":[{"embeddable":true,"href":"https:\/\/spareair.eu\/pt\/wp-json\/wp\/v2\/media\/1406"}],"wp:attachment":[{"href":"https:\/\/spareair.eu\/pt\/wp-json\/wp\/v2\/media?parent=1405"}],"wp:term":[{"taxonomy":"product_cat","embeddable":true,"href":"https:\/\/spareair.eu\/pt\/wp-json\/wp\/v2\/product_cat?post=1405"},{"taxonomy":"product_tag","embeddable":true,"href":"https:\/\/spareair.eu\/pt\/wp-json\/wp\/v2\/product_tag?post=1405"}],"curies":[{"name":"wp","href":"https:\/\/api.w.org\/{rel}","templated":true}]}}