{"id":1423,"date":"2024-04-16T15:15:31","date_gmt":"2024-04-16T13:15:31","guid":{"rendered":"https:\/\/determined-herschel.45-82-188-209.plesk.page\/?post_type=product&#038;p=1423"},"modified":"2024-04-16T15:31:23","modified_gmt":"2024-04-16T13:31:23","slug":"easydive-kit-geen-tank-sa700-005","status":"publish","type":"product","link":"https:\/\/spareair.eu\/pt\/product\/kit-easydive-sem-deposito-sa700-005\/","title":{"rendered":"Kit EasyDive (SEM TANQUE) #SA700-005"},"content":{"rendered":"","protected":false},"excerpt":{"rendered":"<p>Kit EasyDive (SEM TANQUE)<br \/>\nPruduto n.\u00ba SA700-005<\/p>\n<p>O EasyDive Kit \u00e9 um sistema minimalista completo de mergulho e snorkelling. O kit inclui o New Snorkelator - uma tecnologia patenteada que permite aos mergulhadores combinarem o seu snorkel com qualquer regulador de mergulho. Mude de snorkel para regulador com o bot\u00e3o e apenas um bocal! Os mergulhadores com snorkel podem fazer mergulhos mais profundos ocasionais para explorar as zonas pouco profundas, com menos equipamento do que um mergulhador completo necessitaria.<\/p>\n<p>O kit completo pesa apenas 15 libras (com o dep\u00f3sito) e inclui:<br \/>\n- Snorkelator (snorkel seco com Snorkelator que permite alternar entre o modo de snorkel e o modo de mergulho utilizando o bot\u00e3o rotativo)<br \/>\n- Arn\u00eas personalizado (com bolsos para pesos macios opcionais, almofadado, tamanho \u00fanico, sem insufla\u00e7\u00e3o)<br \/>\n- Combina\u00e7\u00e3o \u00fanica de v\u00e1lvula de dep\u00f3sito\/controlador de primeiro est\u00e1gio - a menor pegada e o menor peso do mundo!<br \/>\n- Controlador de 2\u00aa fase<br \/>\n- Mini-man\u00f3metro ligado \u00e0 mangueira de alta press\u00e3o<br \/>\n-Adaptador para encher o compressor de ar (cilindro de enchimento de um compressor de ar respir\u00e1vel de alta press\u00e3o vendido separadamente ou encontrado numa loja de mergulho ou num barco de mergulho)<br \/>\n-Saco de transporte GREE<\/p>\n<p>Porqu\u00ea comprar um kit de mergulho normal que pesa mais de 50 lbs e custa mais, quando pode comprar o kit EasyDive por apenas 15 lbs!<br \/>\nO kit EasyDive tem 1\/3 do peso e cerca de metade do custo de uma configura\u00e7\u00e3o normal!<\/p>\n<p>A quem se destina o kit EasyDive?<br \/>\n- Qualquer pessoa que queira saltar rapidamente para a \u00e1gua.<\/p>\n<p>O EasyDive oferece cerca de 25 minutos (a 15 p\u00e9s) para:<br \/>\n- recuperar objectos ca\u00eddos da \u00e1gua<br \/>\n- Verificar a h\u00e9lice do barco \/ linha de ancoragem \/ efetuar a manuten\u00e7\u00e3o do barco<br \/>\n- divers\u00e3o a curto prazo com snorkel\/mergulho em \u00e1guas pouco profundas<br \/>\n- fotografia subaqu\u00e1tica (toda a gente sabe que a melhor luz para as fotografias \u00e9 em \u00e1guas pouco profundas, pelo que um equipamento de mergulho normal \u00e9 demasiado)<br \/>\n- Ca\u00e7a submarina - quer se trate de vieiras, lagostas ou ouri\u00e7os, o kit EasyDive \u00e9 perfeito!<\/p>\n<p>FAQ:<br \/>\n1. Como \u00e9 que recebo o meu EasyDive cheio?<br \/>\nLeve o EasyDive, juntamente com o adaptador de recarga inclu\u00eddo, a uma loja de mergulho e eles ench\u00ea-lo-\u00e3o por uma taxa nominal. As lojas de mergulho t\u00eam compressores de ar de alta press\u00e3o que bombeiam ar respir\u00e1vel limpo. Existe um pequeno compressor de ar port\u00e1til dispon\u00edvel em separado.<br \/>\n2. Posso encher o meu EasyDive com um compressor comprado numa loja de ferragens?<br \/>\nN\u00e3o, o EasyDive tem um dep\u00f3sito de 3000 psi, mas os pequenos compressores vendidos nas lojas de bricolage apenas bombeiam cerca de 125 psi. Al\u00e9m disso, esses compressores n\u00e3o filtram o ar, pelo que n\u00e3o se respira ar de qualidade.<br \/>\n3. Posso viajar numa companhia a\u00e9rea comercial com a EasyDive?<br \/>\nOs regulamentos da TSA exigem a remo\u00e7\u00e3o de uma v\u00e1lvula de dep\u00f3sito da garrafa, que no caso da EasyDive \u00e9 fixada por um profissional. Por conseguinte, seria necess\u00e1rio um profissional para a remover e voltar a montar. Portanto, n\u00e3o recomendamos voar com o seu sistema EasyDive. Uma alternativa \u00e9 envi\u00e1-lo (deve estar vazio) para o seu destino de f\u00e9rias antes da viagem e mandar encher o EasyDive no seu destino.<br \/>\n4. De que manuten\u00e7\u00e3o necessita o EasyDive?<br \/>\nTal como todo o equipamento de mergulho, devem ser lavados cuidadosamente ap\u00f3s cada mergulho para remover a \u00e1gua salgada e a areia. Guarde o EasyDive com uma quantidade m\u00ednima de ar na botija. A cada ano, aproximadamente, o regulador deve ser reparado por uma loja de mergulho local e, a cada cinco anos, o cilindro precisa de um teste profissional, chamado de teste hidr\u00e1ulico, realizado por uma loja de mergulho.<br \/>\n5. Posso comprar um cilindro extra?<br \/>\nA forma como o EasyDive foi concebido integra a v\u00e1lvula da botija e o regulador de mergulho de 1\u00aa fase num espa\u00e7o muito pequeno e leve, o que \u00e9 diferente das configura\u00e7\u00f5es de mergulho normais. Isto significa que n\u00e3o pode simplesmente substituir a botija por outra botija cheia.<br \/>\n6. Preciso de ser um mergulhador certificado para utilizar o EasyDive?<br \/>\nSim, os utilizadores devem ter uma licen\u00e7a de mergulho para compreender os procedimentos adequados e os riscos envolvidos na utiliza\u00e7\u00e3o do equipamento de mergulho.<br \/>\n7. A que profundidade posso utilizar o kit EasyDive?<br \/>\nRecomenda-se a utiliza\u00e7\u00e3o do EasyDive a menos de 9 metros<\/p>","protected":false},"featured_media":1424,"comment_status":"open","ping_status":"closed","template":"","meta":{"_acf_changed":false},"product_cat":[28],"product_tag":[274,275,276,277,278,279,280,281,282,283,246,284,285,286,287,288,289,290,291,292,293,294,295,168,296,297,298,299,300,301,302,303,304,305,306,307,308,309,310,311,312,313,315,316,317,318,319,320,321,322,323,324,325,326],"class_list":{"0":"post-1423","1":"product","2":"type-product","3":"status-publish","4":"has-post-thumbnail","6":"product_cat-easydive","7":"product_tag-ademautomaat","8":"product_tag-ademlucht","9":"product_tag-automaat","10":"product_tag-black","11":"product_tag-bovenwater","12":"product_tag-brand","13":"product_tag-chemical","14":"product_tag-chemie","15":"product_tag-diving","16":"product_tag-duikcilinder","17":"product_tag-duiken","18":"product_tag-duikfles","19":"product_tag-easydive","20":"product_tag-escape","21":"product_tag-geen-lucht","22":"product_tag-helikopter","23":"product_tag-in-nood","24":"product_tag-industrial","25":"product_tag-industrie","26":"product_tag-kit","27":"product_tag-levens","28":"product_tag-lives","29":"product_tag-noodmiddel","30":"product_tag-onderwater","31":"product_tag-ontsnappen","32":"product_tag-ontsnapping","33":"product_tag-ontsnappingsmiddel","34":"product_tag-original","35":"product_tag-origineel","36":"product_tag-pack","37":"product_tag-perslucht","38":"product_tag-recreatie","39":"product_tag-redden","40":"product_tag-redmiddel","41":"product_tag-regulator","42":"product_tag-rescue","43":"product_tag-reserve-lucht","44":"product_tag-rook","45":"product_tag-safe","46":"product_tag-scuba","47":"product_tag-self-reliant","48":"product_tag-smoke","49":"product_tag-snorkelen","50":"product_tag-spare-air","51":"product_tag-spareair","52":"product_tag-stikken","53":"product_tag-te-water","54":"product_tag-unit","55":"product_tag-verdrinking-tegengaan","56":"product_tag-yellow","57":"product_tag-zelfredzaam","58":"product_tag-zelfstandig","59":"product_tag-zwart","60":"product_tag-zwemmen","62":"first","63":"instock","64":"shipping-taxable","65":"product-type-simple"},"acf":[],"_links":{"self":[{"href":"https:\/\/spareair.eu\/pt\/wp-json\/wp\/v2\/product\/1423","targetHints":{"allow":["GET"]}}],"collection":[{"href":"https:\/\/spareair.eu\/pt\/wp-json\/wp\/v2\/product"}],"about":[{"href":"https:\/\/spareair.eu\/pt\/wp-json\/wp\/v2\/types\/product"}],"replies":[{"embeddable":true,"href":"https:\/\/spareair.eu\/pt\/wp-json\/wp\/v2\/comments?post=1423"}],"wp:featuredmedia":[{"embeddable":true,"href":"https:\/\/spareair.eu\/pt\/wp-json\/wp\/v2\/media\/1424"}],"wp:attachment":[{"href":"https:\/\/spareair.eu\/pt\/wp-json\/wp\/v2\/media?parent=1423"}],"wp:term":[{"taxonomy":"product_cat","embeddable":true,"href":"https:\/\/spareair.eu\/pt\/wp-json\/wp\/v2\/product_cat?post=1423"},{"taxonomy":"product_tag","embeddable":true,"href":"https:\/\/spareair.eu\/pt\/wp-json\/wp\/v2\/product_tag?post=1423"}],"curies":[{"name":"wp","href":"https:\/\/api.w.org\/{rel}","templated":true}]}}