{"id":1425,"date":"2024-04-16T15:21:28","date_gmt":"2024-04-16T13:21:28","guid":{"rendered":"https:\/\/determined-herschel.45-82-188-209.plesk.page\/?post_type=product&#038;p=1425"},"modified":"2024-04-16T15:21:28","modified_gmt":"2024-04-16T13:21:28","slug":"easydive-kit-met-snorkelator-sa700-003","status":"publish","type":"product","link":"https:\/\/spareair.eu\/pt\/product\/easydive-kit-met-snorkelator-sa700-003\/","title":{"rendered":"Kit EasyDive com snorkelator #SA700-003"},"content":{"rendered":"","protected":false},"excerpt":{"rendered":"<p>Kit EasyDive com snorkelator<br \/>\nN.\u00ba do produto SA700-003<\/p>\n<p>O EasyDive Kit \u00e9 um sistema minimalista completo de mergulho e snorkelling. Basta pegar nele e est\u00e1 pronto para a sua pr\u00f3xima aventura aqu\u00e1tica. O kit inclui o Novo Snorkelator - uma tecnologia patenteada que permite aos mergulhadores combinarem o seu snorkel com qualquer regulador de mergulho. Mude de snorkel para regulador com o bot\u00e3o e apenas um bocal! Os mergulhadores com snorkel podem fazer mergulhos mais profundos ocasionais para explorar as zonas menos profundas, com menos equipamento do que um mergulhador completo necessitaria.<br \/>\nO kit completo pesa apenas 4 kg e inclui Snorkelator (snorkel seco com Snorkelator que permite alternar entre o modo de snorkel e o modo de mergulho com o mostrador)Cilindro de 19 p\u00e9s c\u00fabicos (marcado DOT \/ TC - n\u00e3o para uso em pa\u00edses da UE ou Austr\u00e1lia) Arn\u00eas personalizado (com bolsos para pesos macios opcionais, acolchoado, tamanho \u00fanico, sem infla\u00e7\u00e3o) Combina\u00e7\u00e3o \u00fanica de v\u00e1lvula de tanque\/regulador de primeiro est\u00e1gio - a menor pegada e o menor peso do mundo!<br \/>\nRegulador de 2\u00aa fase Mini man\u00f3metro ligado \u00e0 mangueira de alta press\u00e3o. Adaptador para reabastecer o compressor de ar (cilindro de enchimento do compressor de ar respir\u00e1vel de alta press\u00e3o vendido separadamente ou encontrado numa loja de mergulho ou num barco de mergulho) Saco de transporte GRATUITO<br \/>\nComplemento opcional: v\u00e1lvula de respira\u00e7\u00e3o, mant\u00e9m a boquilha da v\u00e1lvula de respira\u00e7\u00e3o fechada. Fabricado em silicone preto, a circunfer\u00eancia \u00e9 de 28 \".<br \/>\nPorqu\u00ea comprar um kit de mergulho normal que pesa mais de 50 lbs e custa muito, quando pode obter o kit EasyDive por apenas 15 lbs e muito menos dinheiro!<br \/>\nO kit EasyDive tem 1\/3 do peso e cerca de metade do custo de uma configura\u00e7\u00e3o normal!<br \/>\nA quem se destina o kit EasyDive? Qualquer pessoa que queira mergulhar rapidamente na \u00e1gua. O EasyDive oferece cerca de 25 minutos (a 15 p\u00e9s) para: divers\u00e3o de curta dura\u00e7\u00e3o snorkelling \/ mergulho em \u00e1guas pouco profundas \/ fotografia subaqu\u00e1tica (toda a gente sabe que a melhor luz para as fotografias \u00e9 em \u00e1guas pouco profundas, pelo que um equipamento de mergulho normal \u00e9 demasiado aqui) ca\u00e7a subaqu\u00e1tica - quer se trate de vieiras, lagostas ou ouri\u00e7os, o kit EasyDive \u00e9 perfeito!<\/p>\n<p>FAQ:<br \/>\n1. Como \u00e9 que recebo o meu EasyDive cheio?<br \/>\nLeve o EasyDive, juntamente com o adaptador de recarga inclu\u00eddo, a uma loja de mergulho e eles ench\u00ea-lo-\u00e3o por uma taxa nominal. As lojas de mergulho t\u00eam compressores de ar de alta press\u00e3o que bombeiam ar respir\u00e1vel limpo. O EasyDive \u00e9 fornecido com uma garrafa com marca\u00e7\u00e3o DOT \/ TC e n\u00e3o se destina a ser utilizado em pa\u00edses da UE.<br \/>\n2. Posso encher o meu EasyDive com um compressor comprado numa loja de ferragens?<br \/>\nN\u00e3o, o EasyDive tem um dep\u00f3sito de 3000 psi, mas os pequenos compressores vendidos nas lojas de bricolage apenas bombeiam cerca de 125 psi. Al\u00e9m disso, esses compressores n\u00e3o filtram o ar, pelo que n\u00e3o se respira ar de qualidade.<br \/>\n3. Posso viajar numa companhia a\u00e9rea comercial com a EasyDive?<br \/>\nOs regulamentos da TSA exigem a remo\u00e7\u00e3o de uma v\u00e1lvula de dep\u00f3sito da garrafa, que no caso da EasyDive \u00e9 fixada por um profissional. Por conseguinte, seria necess\u00e1rio um profissional para a remover e voltar a montar. Portanto, n\u00e3o recomendamos voar com o seu sistema EasyDive. Uma alternativa \u00e9 envi\u00e1-lo (deve estar vazio) para o seu destino de f\u00e9rias antes da viagem e mandar encher o EasyDive no seu destino.<br \/>\n4. De que manuten\u00e7\u00e3o necessita o EasyDive?<br \/>\nComo todo o equipamento de mergulho, devem ser lavados cuidadosamente ap\u00f3s cada mergulho para remover a \u00e1gua salgada e a areia. Armazene o EasyDive com uma quantidade m\u00ednima de ar na botija. Todos os anos, o regulador deve ser reparado por uma loja de mergulho local e, a cada 5 anos, a botija necessita de um teste profissional, denominado hidroteste, efectuado por uma loja de mergulho.<br \/>\n5. Posso comprar um cilindro extra?<br \/>\nA forma como o EasyDive foi concebido integra a v\u00e1lvula da botija e o regulador de mergulho de 1\u00aa fase num espa\u00e7o muito pequeno e leve, o que \u00e9 diferente das configura\u00e7\u00f5es de mergulho normais. Isto significa que n\u00e3o pode simplesmente substituir a botija por outra botija cheia.<br \/>\n6. Preciso de ser um mergulhador certificado para utilizar o EasyDive?<br \/>\nSim, os utilizadores devem ter uma licen\u00e7a de mergulho para compreender os procedimentos adequados e os riscos envolvidos na utiliza\u00e7\u00e3o do equipamento de mergulho.<br \/>\n7. A que profundidade posso utilizar o kit EasyDive?<br \/>\nRecomenda-se a utiliza\u00e7\u00e3o do EasyDive a menos de 9 metros<\/p>","protected":false},"featured_media":1426,"comment_status":"open","ping_status":"closed","template":"","meta":{"_acf_changed":false},"product_cat":[28],"product_tag":[274,275,276,277,278,279,280,281,282,283,246,284,285,286,287,288,289,290,291,292,293,294,295,168,296,297,298,299,300,301,302,303,304,305,306,307,308,309,310,311,312,313,314,315,316,317,318,319,320,321,322,323,324,325,326],"class_list":{"0":"post-1425","1":"product","2":"type-product","3":"status-publish","4":"has-post-thumbnail","6":"product_cat-easydive","7":"product_tag-ademautomaat","8":"product_tag-ademlucht","9":"product_tag-automaat","10":"product_tag-black","11":"product_tag-bovenwater","12":"product_tag-brand","13":"product_tag-chemical","14":"product_tag-chemie","15":"product_tag-diving","16":"product_tag-duikcilinder","17":"product_tag-duiken","18":"product_tag-duikfles","19":"product_tag-easydive","20":"product_tag-escape","21":"product_tag-geen-lucht","22":"product_tag-helikopter","23":"product_tag-in-nood","24":"product_tag-industrial","25":"product_tag-industrie","26":"product_tag-kit","27":"product_tag-levens","28":"product_tag-lives","29":"product_tag-noodmiddel","30":"product_tag-onderwater","31":"product_tag-ontsnappen","32":"product_tag-ontsnapping","33":"product_tag-ontsnappingsmiddel","34":"product_tag-original","35":"product_tag-origineel","36":"product_tag-pack","37":"product_tag-perslucht","38":"product_tag-recreatie","39":"product_tag-redden","40":"product_tag-redmiddel","41":"product_tag-regulator","42":"product_tag-rescue","43":"product_tag-reserve-lucht","44":"product_tag-rook","45":"product_tag-safe","46":"product_tag-scuba","47":"product_tag-self-reliant","48":"product_tag-smoke","49":"product_tag-snorkelator","50":"product_tag-snorkelen","51":"product_tag-spare-air","52":"product_tag-spareair","53":"product_tag-stikken","54":"product_tag-te-water","55":"product_tag-unit","56":"product_tag-verdrinking-tegengaan","57":"product_tag-yellow","58":"product_tag-zelfredzaam","59":"product_tag-zelfstandig","60":"product_tag-zwart","61":"product_tag-zwemmen","63":"first","64":"instock","65":"shipping-taxable","66":"product-type-simple"},"acf":[],"_links":{"self":[{"href":"https:\/\/spareair.eu\/pt\/wp-json\/wp\/v2\/product\/1425","targetHints":{"allow":["GET"]}}],"collection":[{"href":"https:\/\/spareair.eu\/pt\/wp-json\/wp\/v2\/product"}],"about":[{"href":"https:\/\/spareair.eu\/pt\/wp-json\/wp\/v2\/types\/product"}],"replies":[{"embeddable":true,"href":"https:\/\/spareair.eu\/pt\/wp-json\/wp\/v2\/comments?post=1425"}],"wp:featuredmedia":[{"embeddable":true,"href":"https:\/\/spareair.eu\/pt\/wp-json\/wp\/v2\/media\/1426"}],"wp:attachment":[{"href":"https:\/\/spareair.eu\/pt\/wp-json\/wp\/v2\/media?parent=1425"}],"wp:term":[{"taxonomy":"product_cat","embeddable":true,"href":"https:\/\/spareair.eu\/pt\/wp-json\/wp\/v2\/product_cat?post=1425"},{"taxonomy":"product_tag","embeddable":true,"href":"https:\/\/spareair.eu\/pt\/wp-json\/wp\/v2\/product_tag?post=1425"}],"curies":[{"name":"wp","href":"https:\/\/api.w.org\/{rel}","templated":true}]}}