{"id":2,"date":"2024-01-18T19:36:38","date_gmt":"2024-01-18T19:36:38","guid":{"rendered":"https:\/\/eager-benz.45-82-188-209.plesk.page\/?page_id=2"},"modified":"2024-01-18T19:36:38","modified_gmt":"2024-01-18T19:36:38","slug":"sample-page","status":"publish","type":"page","link":"https:\/\/spareair.eu\/sv\/exempelsida\/","title":{"rendered":"Sample Page"},"content":{"rendered":"<p>Det h\u00e4r \u00e4r en exempelsida. Den skiljer sig fr\u00e5n ett blogginl\u00e4gg eftersom den kommer att ligga kvar p\u00e5 samma st\u00e4lle och visas i webbplatsnavigeringen (i de flesta teman). De flesta b\u00f6rjar med en \"Om\"-sida som presenterar dem f\u00f6r potentiella bes\u00f6kare. Det kan st\u00e5 n\u00e5got i stil med detta:<\/p>\n\n\n\n<blockquote class=\"wp-block-quote is-layout-flow wp-block-quote-is-layout-flow\"><p>Hej p\u00e5 er! Jag \u00e4r cykelbud p\u00e5 dagen, aspirerande sk\u00e5despelare p\u00e5 natten och det h\u00e4r \u00e4r min hemsida. Jag bor i Los Angeles, har en fantastisk hund som heter Jack och jag gillar pi\u00f1a coladas. (Och att fastna i regnet.)<\/p><\/blockquote>\n\n\n\n<p>...eller n\u00e5got i den stilen:<\/p>\n\n\n\n<blockquote class=\"wp-block-quote is-layout-flow wp-block-quote-is-layout-flow\"><p>XYZ Doohickey Company grundades 1971 och har sedan dess levererat kvalitetsdoohickeys till allm\u00e4nheten. XYZ ligger i Gotham City och syssels\u00e4tter \u00f6ver 2 000 personer och g\u00f6r alla m\u00f6jliga fantastiska saker f\u00f6r Gotham-samh\u00e4llet.<\/p><\/blockquote>\n\n\n\n<p>Som ny WordPress-anv\u00e4ndare ska du g\u00e5 till <a href=\"https:\/\/eager-benz.45-82-188-209.plesk.page\/wp-admin\/\">din instrumentpanel<\/a> f\u00f6r att ta bort den h\u00e4r sidan och skapa nya sidor f\u00f6r ditt inneh\u00e5ll. Ha det s\u00e5 roligt!<\/p>","protected":false},"excerpt":{"rendered":"<p>This is an example page. It&#8217;s different from a blog post because it will stay in one place and will show up [&hellip;]<\/p>","protected":false},"author":1,"featured_media":0,"parent":0,"menu_order":0,"comment_status":"closed","ping_status":"open","template":"","meta":{"_acf_changed":false,"footnotes":""},"class_list":["post-2","page","type-page","status-publish","hentry"],"acf":[],"_links":{"self":[{"href":"https:\/\/spareair.eu\/sv\/wp-json\/wp\/v2\/pages\/2","targetHints":{"allow":["GET"]}}],"collection":[{"href":"https:\/\/spareair.eu\/sv\/wp-json\/wp\/v2\/pages"}],"about":[{"href":"https:\/\/spareair.eu\/sv\/wp-json\/wp\/v2\/types\/page"}],"author":[{"embeddable":true,"href":"https:\/\/spareair.eu\/sv\/wp-json\/wp\/v2\/users\/1"}],"replies":[{"embeddable":true,"href":"https:\/\/spareair.eu\/sv\/wp-json\/wp\/v2\/comments?post=2"}],"version-history":[{"count":0,"href":"https:\/\/spareair.eu\/sv\/wp-json\/wp\/v2\/pages\/2\/revisions"}],"wp:attachment":[{"href":"https:\/\/spareair.eu\/sv\/wp-json\/wp\/v2\/media?parent=2"}],"curies":[{"name":"wp","href":"https:\/\/api.w.org\/{rel}","templated":true}]}}