{"id":1357,"date":"2024-04-16T13:56:29","date_gmt":"2024-04-16T11:56:29","guid":{"rendered":"https:\/\/determined-herschel.45-82-188-209.plesk.page\/?post_type=product&#038;p=1357"},"modified":"2024-06-14T16:41:52","modified_gmt":"2024-06-14T14:41:52","slug":"spare-air-ce-kit-300-zwart-incl-standaard-drukindicator-sa300pk-ce","status":"publish","type":"product","link":"https:\/\/spareair.eu\/sv\/product\/reserv-air-ce-kit-300-svart-incl-standard-tryckindikator-sa300pk-ce\/","title":{"rendered":"Reservluft CE-sats 300 svart (inkl. standardtryckindikator) #SA300PK-CE"},"content":{"rendered":"","protected":false},"excerpt":{"rendered":"<p>Reservluft CE-kit 300 svart (inkl. standard tryckindikator)<br \/>\nProduktnr SA300PK-CE<br \/>\n3.0 Spare Air pack \u00e4r v\u00e5r mest popul\u00e4ra modell. Designad f\u00f6r att ta dig till ytan i en n\u00f6dsituation, men tillr\u00e4ckligt liten f\u00f6r att du inte ens ska m\u00e4rka att du b\u00e4r den! L\u00e4tt att resa med! L\u00e4tt att b\u00e4ra med sig! L\u00e4tt att fylla p\u00e5! L\u00e4tt att \u00f6verf\u00f6ra till en dykarkollega i n\u00f6d! G\u00c5 INTE UNDER UTAN DEN!<\/p>\n<p>Paketet best\u00e5r av:<br \/>\nRESERVLUFT 3,0 kubikfot Cylinder i svart anodiserad aluminium<br \/>\nSA910S NAVULING ADAPTER - Fyller SCUBA-tanken<br \/>\nSA973 COVERED HOLSTER - Monteras p\u00e5 BC961 LEASH - F\u00f6rhindrar f\u00f6rlust<\/p>\n<p>Produktspecifikationer:<br \/>\nArtikelnummer: 300HP<br \/>\nL\u00e4ngd: 13,4 \"[34 cm]<br \/>\nDiameter: 5,7 cm<br \/>\nVikt (komplett): 0,98 kg [2,2 lbs].<br \/>\nV\u00e4rden f\u00f6r cylindertryck: 3000 PSI [207 BAR].<br \/>\nCylindervolym: 3 liter [85 liter]<br \/>\nCylindermaterial: Aluminium - svart anodiserad<br \/>\nTryckavlastning: Integrerad i regulatorn<br \/>\nTyp av styrenhet: Balanserad enstegs<br \/>\nDriftstemperatur: -22 \u00b0 F [-30 \u00b0 C] + 158 \u00b0 F [+ 70 \u00b0 C].<br \/>\nLufttillf\u00f6rselns varaktighet: ca 57 andetag vid ytan<\/p>\n<p>&nbsp;<\/p>\n<p>21 \"Lyckliga\" anledningar att ha en Spare-air med dig!<\/p>\n<p>VISSTE DU ATT DET FINNS MER \u00c4N 21 S\u00c4TT F\u00d6R EN DYKARE ATT F\u00c5 SLUT P\u00c5 LUFT UNDER VATTNET?<\/p>\n<p>VAR F\u00d6RBEREDD OCH UNDVIK PROBLEM GENOM ATT TA MED DIG RESERVLUFT UNDER DYKET!<\/p>\n<p>Eftersom ett problem i n\u00e4stan alla fall \u00e4r tekniskt relaterat i praktiken, anges inte huvudorsaken.<\/p>\n<p>Att ta med sig en reservluft \u00e4r redan en trygghet f\u00f6r familj, barn och v\u00e4nner som inte dyker. Tanken p\u00e5 att ta med sig en reservfallsk\u00e4rm under vattnet f\u00f6r att komma upp till ytan s\u00e4kert om n\u00e5got ov\u00e4ntat h\u00e4nder med lufttillf\u00f6rseln ger b\u00e4ttre sinnesfrid n\u00e4r du \u00e4r under f\u00f6r dessa n\u00e4ra och k\u00e4ra runt omkring dig. G\u00f6r du det inte f\u00f6r dig sj\u00e4lv? G\u00f6r det d\u00e5 f\u00f6r dem!<\/p>\n<p>&nbsp;<\/p>\n<ol>\n<li>Du gl\u00f6mmer bort tiden och \u00e4r under vattnet f\u00f6r l\u00e4nge.<\/li>\n<li>Snabbare luftf\u00f6rbrukning \u00e4n planerat p\u00e5 grund av att djupet \u00f6verskrids, att man fastnar i en str\u00f6m, att man g\u00e5r vilse, kv\u00e4venarkos, dykning i kallt vatten, att man fastnar i kelp eller fiskelina.<\/li>\n<li>Pl\u00f6tsligt fel p\u00e5 andningsskyddet p\u00e5 grund av korrosion eller f\u00f6r l\u00e5ng tid mellan \u00f6versynerna.<\/li>\n<li>O-ring defekt p\u00e5 en av portarna p\u00e5 f\u00f6rsta stegets avluftare.<\/li>\n<li>Regulatorn har fastnat i \"fritt fl\u00f6de\" p\u00e5 grund av smuts eller sand.<\/li>\n<li>Regulatorn \"fryser\" i kallt vatten, vilket g\u00f6r att du pl\u00f6tsligt inte f\u00e5r n\u00e5gon luft.<\/li>\n<li>Fastkl\u00e4md tryckm\u00e4tare som visar felaktigt tryck i flaskan med andningsgas.<\/li>\n<li>Tillf\u00f6rseln av andningsluft blockeras fr\u00e5n cylindern eftersom ventilen inte \u00e4r helt \u00f6ppen.<\/li>\n<li>Trasig O-ring i dykflaskan p\u00e5 grund av felaktig placering av regulatorn, fel O-ring eller slitage.<\/li>\n<li>Membranet i andrastegsregulatorn uppvisar en spricka eller glider ur sitt l\u00e4ge.<\/li>\n<li>O-ring defekt p\u00e5 BCD-uppbl\u00e5saren eller vredet har fastnat i \u00f6ppet l\u00e4ge.<\/li>\n<li>Defekt spr\u00e4ngskiva p\u00e5 dykflaskans ventil p\u00e5 grund av korrosion eller \u00e5lder.<\/li>\n<li>Igensatt filter p\u00e5 f\u00f6rsta stegets avluftare p\u00e5 grund av sediment eller rost fr\u00e5n cylindern.<\/li>\n<li>L\u00e4ckage uppst\u00e5r vid n\u00e5gon av slanganslutningarna f\u00f6r h\u00f6gt eller l\u00e5gt tryck.<\/li>\n<li>Munstycket p\u00e5 det andra steget lossnar pl\u00f6tsligt fr\u00e5n regulatorn.<\/li>\n<li>Defekt O-ring i tryckm\u00e4taren.<\/li>\n<li>Defekt\/bl\u00e5sning av h\u00f6g- eller l\u00e5gtrycksslangar.<\/li>\n<li>O-ring defekt p\u00e5 Octopus-regulatorn.<\/li>\n<li>(Uthyrning) tanken inte helt fylld. Dyker utan att kontrollera.<\/li>\n<li>Skada p\u00e5 regulatorns f\u00f6rsta steg genom st\u00f6tar eller slag.<\/li>\n<li>H\u00f6g- eller l\u00e5gtrycksslang g\u00e5r s\u00f6nder p\u00e5 grund av vassa stenar\/hinder.<\/li>\n<\/ol>\n<p>&nbsp;<\/p>\n<p>(K\u00e4lla: loggb\u00f6cker \u00f6ver dykolyckor, publicerade artiklar i dyktidningar och brev fr\u00e5n SPARE AIR-kunder).<\/p>","protected":false},"featured_media":1347,"comment_status":"open","ping_status":"closed","template":"","meta":{"_acf_changed":false},"product_cat":[44],"product_tag":[274,275,276,277,278,279,280,281,282,283,246,284,286,287,288,289,290,291,293,294,295,168,296,297,298,299,300,301,302,303,304,305,306,307,308,309,310,311,312,313,315,316,317,318,319,320,321,322,323,324,325,326],"class_list":{"0":"post-1357","1":"product","2":"type-product","3":"status-publish","4":"has-post-thumbnail","6":"product_cat-spare-air","7":"product_tag-ademautomaat","8":"product_tag-ademlucht","9":"product_tag-automaat","10":"product_tag-black","11":"product_tag-bovenwater","12":"product_tag-brand","13":"product_tag-chemical","14":"product_tag-chemie","15":"product_tag-diving","16":"product_tag-duikcilinder","17":"product_tag-duiken","18":"product_tag-duikfles","19":"product_tag-escape","20":"product_tag-geen-lucht","21":"product_tag-helikopter","22":"product_tag-in-nood","23":"product_tag-industrial","24":"product_tag-industrie","25":"product_tag-levens","26":"product_tag-lives","27":"product_tag-noodmiddel","28":"product_tag-onderwater","29":"product_tag-ontsnappen","30":"product_tag-ontsnapping","31":"product_tag-ontsnappingsmiddel","32":"product_tag-original","33":"product_tag-origineel","34":"product_tag-pack","35":"product_tag-perslucht","36":"product_tag-recreatie","37":"product_tag-redden","38":"product_tag-redmiddel","39":"product_tag-regulator","40":"product_tag-rescue","41":"product_tag-reserve-lucht","42":"product_tag-rook","43":"product_tag-safe","44":"product_tag-scuba","45":"product_tag-self-reliant","46":"product_tag-smoke","47":"product_tag-snorkelen","48":"product_tag-spare-air","49":"product_tag-spareair","50":"product_tag-stikken","51":"product_tag-te-water","52":"product_tag-unit","53":"product_tag-verdrinking-tegengaan","54":"product_tag-yellow","55":"product_tag-zelfredzaam","56":"product_tag-zelfstandig","57":"product_tag-zwart","58":"product_tag-zwemmen","60":"first","61":"instock","62":"shipping-taxable","63":"product-type-simple"},"acf":[],"_links":{"self":[{"href":"https:\/\/spareair.eu\/sv\/wp-json\/wp\/v2\/product\/1357","targetHints":{"allow":["GET"]}}],"collection":[{"href":"https:\/\/spareair.eu\/sv\/wp-json\/wp\/v2\/product"}],"about":[{"href":"https:\/\/spareair.eu\/sv\/wp-json\/wp\/v2\/types\/product"}],"replies":[{"embeddable":true,"href":"https:\/\/spareair.eu\/sv\/wp-json\/wp\/v2\/comments?post=1357"}],"wp:featuredmedia":[{"embeddable":true,"href":"https:\/\/spareair.eu\/sv\/wp-json\/wp\/v2\/media\/1347"}],"wp:attachment":[{"href":"https:\/\/spareair.eu\/sv\/wp-json\/wp\/v2\/media?parent=1357"}],"wp:term":[{"taxonomy":"product_cat","embeddable":true,"href":"https:\/\/spareair.eu\/sv\/wp-json\/wp\/v2\/product_cat?post=1357"},{"taxonomy":"product_tag","embeddable":true,"href":"https:\/\/spareair.eu\/sv\/wp-json\/wp\/v2\/product_tag?post=1357"}],"curies":[{"name":"wp","href":"https:\/\/api.w.org\/{rel}","templated":true}]}}