{"id":1361,"date":"2024-04-16T14:00:59","date_gmt":"2024-04-16T12:00:59","guid":{"rendered":"https:\/\/determined-herschel.45-82-188-209.plesk.page\/?post_type=product&#038;p=1361"},"modified":"2024-04-16T15:25:12","modified_gmt":"2024-04-16T13:25:12","slug":"spare-air-ce-kit-300-nitrox-incl-meet-meter-sa300pk-n-cedg","status":"publish","type":"product","link":"https:\/\/spareair.eu\/sv\/product\/spare-air-ce-kit-300-nitrox-incl-meet-meter-sa300pk-n-cedg\/","title":{"rendered":"Reservluft CE-sats 300-NITROX (inkl. m\u00e4tmanometer) #SA300PK-N-CEDG"},"content":{"rendered":"","protected":false},"excerpt":{"rendered":"<p>Reservluft CE-sats 300-NITROX (inkl. m\u00e4tare)<br \/>\nProduktnummer SA300PK-N-CEDG<\/p>\n<p>Dyker du med Nitrox? D\u00e5 \u00e4r det h\u00e4r SPARE AIR f\u00f6r dig. Det \u00e4r det perfekta komplementet till ditt Nitrox-system, med snabb och enkel p\u00e5fyllning fr\u00e5n din egen dykflaska. Nitroxklar till 40% EAN. Slitstark 3,0 cu. ft. svart anodiserad aluminiumcylinder med gr\u00f6na Nitrox-m\u00e4rkningar. P\u00e5fyllningsbar till 3000 psi p\u00e5 valfri Nitrox-dykflaska eller luftkompressor. En av de b\u00e4sta egenskaperna hos SPARE AIR \u00e4r att det \u00e4r enkelt att fylla p\u00e5 fr\u00e5n din egen tank, och om du dyker med Nitrox \u00e4r det bara logiskt att fylla din SPARE AIR med Nitrox.<\/p>\n<p>Paketet best\u00e5r av:<br \/>\n- Nitrox SPARE AIR balanserad enstegsregulator 3,0 cu.ft. CILINDER av svart anodiserad aluminium med Nitrox-etikett.<br \/>\n- SA910S REFILLADAPTER.<br \/>\n- SA973 COVERED HOLSTER - Monteras p\u00e5 SABC961 Line - F\u00f6rhindrar f\u00f6rlust.<\/p>\n<p>Produktspecifikationer:<br \/>\nArtikelnummer: 300PK-N<br \/>\nL\u00e4ngd: 13,4 \"[34 cm]<br \/>\nDiameter: 5,7 cm<br \/>\nVikt (komplett): 0,98 kg [2,2 lbs].<br \/>\nV\u00e4rden f\u00f6r cylindertryck: 3000 PSI [207 BAR].<br \/>\nCylindervolym: 3 liter [85 liter]<br \/>\nCylindermaterial: Aluminium - svart anodiserad<br \/>\nTryckavlastning: Integrerad i regulatorn<br \/>\nTyp av styrenhet: Balanserad enstegs<br \/>\nDriftstemperatur: -22 \u00b0 F [-30 \u00b0 C] + 158 \u00b0 F [+ 70 \u00b0 C].<br \/>\nLufttillf\u00f6rselns varaktighet: ca 57 andetag vid ytan.<\/p>","protected":false},"featured_media":1362,"comment_status":"open","ping_status":"closed","template":"","meta":{"_acf_changed":false},"product_cat":[44],"product_tag":[274,275,276,277,278,279,280,281,282,283,246,284,286,287,288,289,290,291,293,294,327,295,168,296,297,298,299,300,301,302,303,304,305,306,307,308,309,310,311,312,313,315,316,317,318,319,320,321,322,323,324,325,326],"class_list":{"0":"post-1361","1":"product","2":"type-product","3":"status-publish","4":"has-post-thumbnail","6":"product_cat-spare-air","7":"product_tag-ademautomaat","8":"product_tag-ademlucht","9":"product_tag-automaat","10":"product_tag-black","11":"product_tag-bovenwater","12":"product_tag-brand","13":"product_tag-chemical","14":"product_tag-chemie","15":"product_tag-diving","16":"product_tag-duikcilinder","17":"product_tag-duiken","18":"product_tag-duikfles","19":"product_tag-escape","20":"product_tag-geen-lucht","21":"product_tag-helikopter","22":"product_tag-in-nood","23":"product_tag-industrial","24":"product_tag-industrie","25":"product_tag-levens","26":"product_tag-lives","27":"product_tag-nitrox","28":"product_tag-noodmiddel","29":"product_tag-onderwater","30":"product_tag-ontsnappen","31":"product_tag-ontsnapping","32":"product_tag-ontsnappingsmiddel","33":"product_tag-original","34":"product_tag-origineel","35":"product_tag-pack","36":"product_tag-perslucht","37":"product_tag-recreatie","38":"product_tag-redden","39":"product_tag-redmiddel","40":"product_tag-regulator","41":"product_tag-rescue","42":"product_tag-reserve-lucht","43":"product_tag-rook","44":"product_tag-safe","45":"product_tag-scuba","46":"product_tag-self-reliant","47":"product_tag-smoke","48":"product_tag-snorkelen","49":"product_tag-spare-air","50":"product_tag-spareair","51":"product_tag-stikken","52":"product_tag-te-water","53":"product_tag-unit","54":"product_tag-verdrinking-tegengaan","55":"product_tag-yellow","56":"product_tag-zelfredzaam","57":"product_tag-zelfstandig","58":"product_tag-zwart","59":"product_tag-zwemmen","61":"first","62":"instock","63":"shipping-taxable","64":"product-type-simple"},"acf":[],"_links":{"self":[{"href":"https:\/\/spareair.eu\/sv\/wp-json\/wp\/v2\/product\/1361","targetHints":{"allow":["GET"]}}],"collection":[{"href":"https:\/\/spareair.eu\/sv\/wp-json\/wp\/v2\/product"}],"about":[{"href":"https:\/\/spareair.eu\/sv\/wp-json\/wp\/v2\/types\/product"}],"replies":[{"embeddable":true,"href":"https:\/\/spareair.eu\/sv\/wp-json\/wp\/v2\/comments?post=1361"}],"wp:featuredmedia":[{"embeddable":true,"href":"https:\/\/spareair.eu\/sv\/wp-json\/wp\/v2\/media\/1362"}],"wp:attachment":[{"href":"https:\/\/spareair.eu\/sv\/wp-json\/wp\/v2\/media?parent=1361"}],"wp:term":[{"taxonomy":"product_cat","embeddable":true,"href":"https:\/\/spareair.eu\/sv\/wp-json\/wp\/v2\/product_cat?post=1361"},{"taxonomy":"product_tag","embeddable":true,"href":"https:\/\/spareair.eu\/sv\/wp-json\/wp\/v2\/product_tag?post=1361"}],"curies":[{"name":"wp","href":"https:\/\/api.w.org\/{rel}","templated":true}]}}