{"id":1400,"date":"2024-04-16T14:52:37","date_gmt":"2024-04-16T12:52:37","guid":{"rendered":"https:\/\/determined-herschel.45-82-188-209.plesk.page\/?post_type=product&#038;p=1400"},"modified":"2024-04-16T15:26:56","modified_gmt":"2024-04-16T13:26:56","slug":"heed-3-3-cu-ft-cylinder-sa300-001","status":"publish","type":"product","link":"https:\/\/spareair.eu\/sv\/product\/heed-3-3-cu-ft-cylinder-sa300-001\/","title":{"rendered":"HEED 3 3 cu.ft. Cylinder #SA300-001"},"content":{"rendered":"","protected":false},"excerpt":{"rendered":"<p>HEED 3 3 cu.ft. Cylinder<br \/>\nProduktnummer SA300-001<\/p>\n<p>Den popul\u00e4ra HEED 3 \u00e4r den senaste generationen av Helicopter Emergency Egress-enheter som tillverkas av Submersible Systems. HEED 3 \u00e4r en kompakt, l\u00e4tt och tillf\u00f6rlitlig andningsapparat som \u00e4r utformad f\u00f6r att f\u00f6rb\u00e4ttra \u00f6verlevnadsm\u00f6jligheterna f\u00f6r milit\u00e4r och kommersiell personal i kortvariga n\u00f6dsituationer utanf\u00f6r luften. Modell 300-001 \u00e4r den st\u00f6rsta modellen f\u00f6r dem som beh\u00f6ver mer luft. H\u00f6lstret har remmar som enkelt kan f\u00e4stas p\u00e5 v\u00e4star av MOLLE-typ. H\u00f6lster och tryckm\u00e4tare ing\u00e5r.<\/p>\n<p>Obs: Enheterna skickas tomma.<\/p>\n<p>Produktspecifikationer:<br \/>\n- Artikelnummer: 300-001<br \/>\n- L\u00e4ngd: 13,4 \"[34 cm]<br \/>\n- Diameter5,7 cm<br \/>\n- Vikt (komplett): 0,98 kg [2,2 lbs].<br \/>\n- V\u00e4rden f\u00f6r cylindertryck: 3000 PSI [207 BAR].<br \/>\n- Cylindervolym: 85 liter<br \/>\n- Cylindermaterial: Aluminium - svart anodiserad<br \/>\n- Tryckavlastning: Integrerad i regulatorn<br \/>\n- Typ av styrenhet: Balanserad enstegs<br \/>\n- Driftstemperatur: -22F [-30C]+ 158F [+ 70C].<br \/>\n- Lufttillf\u00f6rselns varaktighet: ca 57 andetag vid ytan<br \/>\n- H\u00f6jdbegr\u00e4nsningar: Testad till 35.000 fot (10.500 meter)<br \/>\nTillg\u00e4ngliga alternativ: B\u00e4rbar luftkompressor - artikelnummer SA3100-COM<\/p>","protected":false},"featured_media":1401,"comment_status":"open","ping_status":"closed","template":"","meta":{"_acf_changed":false},"product_cat":[171],"product_tag":[274,275,276,277,278,279,280,281,282,283,246,284,286,287,328,288,289,290,291,293,294,295,168,296,297,298,299,300,301,302,303,304,305,306,307,308,309,310,311,312,313,315,316,317,318,319,320,321,322,323,324,325,326],"class_list":{"0":"post-1400","1":"product","2":"type-product","3":"status-publish","4":"has-post-thumbnail","6":"product_cat-heed-3","7":"product_tag-ademautomaat","8":"product_tag-ademlucht","9":"product_tag-automaat","10":"product_tag-black","11":"product_tag-bovenwater","12":"product_tag-brand","13":"product_tag-chemical","14":"product_tag-chemie","15":"product_tag-diving","16":"product_tag-duikcilinder","17":"product_tag-duiken","18":"product_tag-duikfles","19":"product_tag-escape","20":"product_tag-geen-lucht","21":"product_tag-heed-3","22":"product_tag-helikopter","23":"product_tag-in-nood","24":"product_tag-industrial","25":"product_tag-industrie","26":"product_tag-levens","27":"product_tag-lives","28":"product_tag-noodmiddel","29":"product_tag-onderwater","30":"product_tag-ontsnappen","31":"product_tag-ontsnapping","32":"product_tag-ontsnappingsmiddel","33":"product_tag-original","34":"product_tag-origineel","35":"product_tag-pack","36":"product_tag-perslucht","37":"product_tag-recreatie","38":"product_tag-redden","39":"product_tag-redmiddel","40":"product_tag-regulator","41":"product_tag-rescue","42":"product_tag-reserve-lucht","43":"product_tag-rook","44":"product_tag-safe","45":"product_tag-scuba","46":"product_tag-self-reliant","47":"product_tag-smoke","48":"product_tag-snorkelen","49":"product_tag-spare-air","50":"product_tag-spareair","51":"product_tag-stikken","52":"product_tag-te-water","53":"product_tag-unit","54":"product_tag-verdrinking-tegengaan","55":"product_tag-yellow","56":"product_tag-zelfredzaam","57":"product_tag-zelfstandig","58":"product_tag-zwart","59":"product_tag-zwemmen","61":"first","62":"instock","63":"shipping-taxable","64":"product-type-simple"},"acf":[],"_links":{"self":[{"href":"https:\/\/spareair.eu\/sv\/wp-json\/wp\/v2\/product\/1400","targetHints":{"allow":["GET"]}}],"collection":[{"href":"https:\/\/spareair.eu\/sv\/wp-json\/wp\/v2\/product"}],"about":[{"href":"https:\/\/spareair.eu\/sv\/wp-json\/wp\/v2\/types\/product"}],"replies":[{"embeddable":true,"href":"https:\/\/spareair.eu\/sv\/wp-json\/wp\/v2\/comments?post=1400"}],"wp:featuredmedia":[{"embeddable":true,"href":"https:\/\/spareair.eu\/sv\/wp-json\/wp\/v2\/media\/1401"}],"wp:attachment":[{"href":"https:\/\/spareair.eu\/sv\/wp-json\/wp\/v2\/media?parent=1400"}],"wp:term":[{"taxonomy":"product_cat","embeddable":true,"href":"https:\/\/spareair.eu\/sv\/wp-json\/wp\/v2\/product_cat?post=1400"},{"taxonomy":"product_tag","embeddable":true,"href":"https:\/\/spareair.eu\/sv\/wp-json\/wp\/v2\/product_tag?post=1400"}],"curies":[{"name":"wp","href":"https:\/\/api.w.org\/{rel}","templated":true}]}}