{"id":1423,"date":"2024-04-16T15:15:31","date_gmt":"2024-04-16T13:15:31","guid":{"rendered":"https:\/\/determined-herschel.45-82-188-209.plesk.page\/?post_type=product&#038;p=1423"},"modified":"2024-04-16T15:31:23","modified_gmt":"2024-04-16T13:31:23","slug":"easydive-kit-geen-tank-sa700-005","status":"publish","type":"product","link":"https:\/\/spareair.eu\/sv\/product\/easydive-kit-geen-tank-sa700-005\/","title":{"rendered":"EasyDive-sats (utan tank) #SA700-005"},"content":{"rendered":"","protected":false},"excerpt":{"rendered":"<p>EasyDive-kit (utan tank)<br \/>\nPrudukt nr SA700-005<\/p>\n<p>EasyDive Kit \u00e4r ett komplett minimalistiskt dyk- och snorkelsystem. I kitet ing\u00e5r New Snorkelator - en patenterad teknik som g\u00f6r det m\u00f6jligt f\u00f6r dykare att kombinera sin snorkel med vilken dykregulator som helst. Byt fr\u00e5n snorkel till regulator med en ratt och bara ett munstycke! Snorklaren \u00e4r inte l\u00e4ngre begr\u00e4nsad till ytan och snabba simturer under vattnet, utan kan g\u00f6ra enstaka djupare dyk f\u00f6r att utforska grunda omr\u00e5den, med mindre utrustning \u00e4n vad en fullfj\u00e4drad dykare skulle beh\u00f6va.<\/p>\n<p>Hela satsen v\u00e4ger bara 15 pund (med tank) och inkluderar:<br \/>\n- Snorkelator (torrsnorkling med Snorkelator som g\u00f6r att du kan v\u00e4xla mellan snorklingsl\u00e4ge och dykl\u00e4ge med hj\u00e4lp av vridknappen)<br \/>\n- Anpassad sele (med fickor f\u00f6r valfria mjuka vikter, vadderad, en storlek passar de flesta, ingen uppbl\u00e5sning)<br \/>\n- Unik kombination av tankventil och styrenhet f\u00f6r f\u00f6rsta steget - v\u00e4rldens minsta fotavtryck och l\u00e4gsta vikt!<br \/>\n- 2:a fasens styrenhet<br \/>\n- Minitryckm\u00e4tare ansluten till h\u00f6gtrycksslang<br \/>\n-Adapter f\u00f6r p\u00e5fyllning av luftkompressor (p\u00e5fyllningsflaska till en h\u00f6gtrycksandningsluftkompressor som s\u00e4ljs separat eller finns i en dykbutik eller p\u00e5 en dykb\u00e5t)<br \/>\n-GREE b\u00e4rv\u00e4ska<\/p>\n<p>Varf\u00f6r k\u00f6pa en standarddykutrustning som v\u00e4ger \u00f6ver 50 kg och kostar mer, n\u00e4r du kan k\u00f6pa EasyDive-kitet f\u00f6r bara 15 kg!<br \/>\nEasyDive-kitet v\u00e4ger 1\/3 och kostar ungef\u00e4r h\u00e4lften s\u00e5 mycket som en standardinstallation!<\/p>\n<p>Vem \u00e4r EasyDive-kitet avsett f\u00f6r?<br \/>\n- Den som snabbt vill hoppa i vattnet.<\/p>\n<p>EasyDive erbjuder cirka 25 minuters dykning (p\u00e5 15 fots h\u00f6jd):<br \/>\n- h\u00e4mta upp fallna f\u00f6rem\u00e5l ur vattnet<br \/>\n- Kontrollera b\u00e5tpropeller \/ ankarlina \/ utf\u00f6ra b\u00e5tunderh\u00e5ll<br \/>\n- kortsiktigt roligt att snorkla\/dyka i grunt vatten<br \/>\n- undervattensfotografering (alla vet att det b\u00e4sta ljuset f\u00f6r foton \u00e4r p\u00e5 grunt vatten, s\u00e5 en normal dykutrustning \u00e4r f\u00f6r mycket h\u00e4r)<br \/>\n- Undervattensjakt - oavsett om det g\u00e4ller pilgrimsmusslor, hummer eller igelkottar \u00e4r EasyDive-kitet perfekt!<\/p>\n<p>VANLIGA FR\u00c5GOR OCH SVAR:<br \/>\n1. Hur f\u00e5r jag min EasyDive fylld?<br \/>\nTa med EasyDive tillsammans med den medf\u00f6ljande p\u00e5fyllningsadaptern till en dykbutik s\u00e5 fyller de p\u00e5 den \u00e5t dig mot en mindre avgift. Dykbutikerna har h\u00f6gtryckskompressorer som pumpar ren andningsluft. Det finns en liten, b\u00e4rbar luftkompressor som kan k\u00f6pas separat.<br \/>\n2. Kan jag fylla min EasyDive med en kompressor som jag k\u00f6per i en j\u00e4rnaff\u00e4r?<br \/>\nNej, EasyDive har en tank p\u00e5 3000 psi, men de sm\u00e5 kompressorer som s\u00e4ljs p\u00e5 byggvaruhus pumpar bara cirka 125 psi. Dessutom filtrerar dessa kompressorer inte luften, s\u00e5 den andas inte kvalitetsluft.<br \/>\n3. Kan jag resa med ett kommersiellt flygbolag med EasyDive?<br \/>\nTSA-f\u00f6reskrifter kr\u00e4ver att en tankventil tas bort fr\u00e5n cylindern, som i EasyDives fall \u00e4r professionellt fastsatt. D\u00e4rf\u00f6r skulle det kr\u00e4vas en professionell f\u00f6r att ta bort och \u00e5termontera den. D\u00e4rf\u00f6r rekommenderar vi inte att du flyger med ditt EasyDive-system. Ett alternativ \u00e4r att skicka det (m\u00e5ste vara tomt) till semesterresm\u00e5let f\u00f6re resan och f\u00e5 EasyDive fyllt p\u00e5 plats.<br \/>\n4. Vilket underh\u00e5ll beh\u00f6ver EasyDive?<br \/>\nSom all dykutrustning ska de sk\u00f6ljas noggrant efter varje dyk f\u00f6r att avl\u00e4gsna saltvatten och sand. F\u00f6rvara EasyDive med minsta m\u00f6jliga luftm\u00e4ngd i flaskan. Ungef\u00e4r en g\u00e5ng om \u00e5ret b\u00f6r regulatorn servas av din lokala dykbutik och vart femte \u00e5r beh\u00f6ver flaskan genomg\u00e5 ett professionellt test, ett s\u00e5 kallat hydro-test, som utf\u00f6rs av en dykbutik.<br \/>\n5. Kan jag k\u00f6pa en extra cylinder?<br \/>\nEasyDive \u00e4r konstruerad s\u00e5 att tankventilen och f\u00f6rsta stegets dykregulator \u00e4r integrerade i ett mycket litet och l\u00e4ttviktigt utrymme, till skillnad fr\u00e5n vanliga dykutrustningar. Det inneb\u00e4r att du inte bara kan byta ut flaskan mot en annan full flaska.<br \/>\n6. M\u00e5ste jag vara certifierad dykare f\u00f6r att anv\u00e4nda EasyDive?<br \/>\nJa, anv\u00e4ndare m\u00e5ste ha ett dykcertifikat f\u00f6r att f\u00f6rst\u00e5 korrekta procedurer och riskerna med att anv\u00e4nda dykutrustning.<br \/>\n7. P\u00e5 vilket djup kan jag anv\u00e4nda EasyDive-satsen?<br \/>\nVi rekommenderar att EasyDive anv\u00e4nds p\u00e5 mindre \u00e4n 9 meters djup<\/p>","protected":false},"featured_media":1424,"comment_status":"open","ping_status":"closed","template":"","meta":{"_acf_changed":false},"product_cat":[28],"product_tag":[274,275,276,277,278,279,280,281,282,283,246,284,285,286,287,288,289,290,291,292,293,294,295,168,296,297,298,299,300,301,302,303,304,305,306,307,308,309,310,311,312,313,315,316,317,318,319,320,321,322,323,324,325,326],"class_list":{"0":"post-1423","1":"product","2":"type-product","3":"status-publish","4":"has-post-thumbnail","6":"product_cat-easydive","7":"product_tag-ademautomaat","8":"product_tag-ademlucht","9":"product_tag-automaat","10":"product_tag-black","11":"product_tag-bovenwater","12":"product_tag-brand","13":"product_tag-chemical","14":"product_tag-chemie","15":"product_tag-diving","16":"product_tag-duikcilinder","17":"product_tag-duiken","18":"product_tag-duikfles","19":"product_tag-easydive","20":"product_tag-escape","21":"product_tag-geen-lucht","22":"product_tag-helikopter","23":"product_tag-in-nood","24":"product_tag-industrial","25":"product_tag-industrie","26":"product_tag-kit","27":"product_tag-levens","28":"product_tag-lives","29":"product_tag-noodmiddel","30":"product_tag-onderwater","31":"product_tag-ontsnappen","32":"product_tag-ontsnapping","33":"product_tag-ontsnappingsmiddel","34":"product_tag-original","35":"product_tag-origineel","36":"product_tag-pack","37":"product_tag-perslucht","38":"product_tag-recreatie","39":"product_tag-redden","40":"product_tag-redmiddel","41":"product_tag-regulator","42":"product_tag-rescue","43":"product_tag-reserve-lucht","44":"product_tag-rook","45":"product_tag-safe","46":"product_tag-scuba","47":"product_tag-self-reliant","48":"product_tag-smoke","49":"product_tag-snorkelen","50":"product_tag-spare-air","51":"product_tag-spareair","52":"product_tag-stikken","53":"product_tag-te-water","54":"product_tag-unit","55":"product_tag-verdrinking-tegengaan","56":"product_tag-yellow","57":"product_tag-zelfredzaam","58":"product_tag-zelfstandig","59":"product_tag-zwart","60":"product_tag-zwemmen","62":"first","63":"instock","64":"shipping-taxable","65":"product-type-simple"},"acf":[],"_links":{"self":[{"href":"https:\/\/spareair.eu\/sv\/wp-json\/wp\/v2\/product\/1423","targetHints":{"allow":["GET"]}}],"collection":[{"href":"https:\/\/spareair.eu\/sv\/wp-json\/wp\/v2\/product"}],"about":[{"href":"https:\/\/spareair.eu\/sv\/wp-json\/wp\/v2\/types\/product"}],"replies":[{"embeddable":true,"href":"https:\/\/spareair.eu\/sv\/wp-json\/wp\/v2\/comments?post=1423"}],"wp:featuredmedia":[{"embeddable":true,"href":"https:\/\/spareair.eu\/sv\/wp-json\/wp\/v2\/media\/1424"}],"wp:attachment":[{"href":"https:\/\/spareair.eu\/sv\/wp-json\/wp\/v2\/media?parent=1423"}],"wp:term":[{"taxonomy":"product_cat","embeddable":true,"href":"https:\/\/spareair.eu\/sv\/wp-json\/wp\/v2\/product_cat?post=1423"},{"taxonomy":"product_tag","embeddable":true,"href":"https:\/\/spareair.eu\/sv\/wp-json\/wp\/v2\/product_tag?post=1423"}],"curies":[{"name":"wp","href":"https:\/\/api.w.org\/{rel}","templated":true}]}}